{"id":217,"date":"2020-03-07T23:04:39","date_gmt":"2020-03-07T22:04:39","guid":{"rendered":"http:\/\/domnazgloszenie.pl\/?page_id=217"},"modified":"2020-03-08T00:21:57","modified_gmt":"2020-03-07T23:21:57","slug":"faq","status":"publish","type":"page","link":"https:\/\/domnazgloszenie.pl\/index.php\/faq\/","title":{"rendered":"FAQ"},"content":{"rendered":"<h6>MASZ PYTANIA?<\/h6>\n<h5>NAJCZ\u0118\u015aCIEJ ZADAWANE PYTANIA I ODPOWIEDZI<\/h5>\n<p>Sprawd\u017a czy odnajdziesz odpowiedzi na nurtuj\u0105ce Ci\u0119 w\u0105tpliwo\u015bci. Je\u015bli nie zapraszamy do kontaktu.\u00a0<\/p>\n<p>\t\t\t\t\t\t\t\t\t\t\t\t<a href=\"\">Do ilu m2 mo\u017cna dokona\u0107 zg\u0142oszenia. <\/a><\/p>\n<p>Zg\u0142oszenia mo\u017cna dokona\u0107 do 35m2 zabudowy.\u00a0<\/p>\n<p>\t\t\t\t\t\t\t\t\t\t\t\t<a href=\"\">Jakie dokumenty potrzebne s\u0105 do zg\u0142oszeia<\/a><\/p>\n<p>Do zg\u0142oszenia potrzebny jest :<\/p>\n<ul>\n<li>dobrze i poprawnie wykonany projekt,<\/li>\n<li>opis techniczny (jakie prace b\u0119d\u0105 wykonane, jakie materia\u0142y b\u0119d\u0105 u\u017cyte)<\/li>\n<li>mapa zasadnicza\u00a0<\/li>\n<li>akt w\u0142asno\u015bci dzia\u0142ki<\/li>\n<\/ul>\n<p>\t\t\t\t\t\t\t\t\t\t\t\t<a href=\"\">Czy mo\u017cna dokona\u0107 zmian w projekcie?<\/a><\/p>\n<p>Tak. Zmian mo\u017cna dokona\u0107 samodzielnie lub zg\u0142osi\u0107 pro\u015bb\u0119 do architekta. Je\u015bi zmiany dokonujemy samodzielnie musimy pami\u0119ta\u0107 o zachowaniu norm budowlanych. Je\u015bli zechc\u0105 Pa\u0144stwo dokona\u0107 zmian przez Naszego architekta us\u0142uga i jej czas wykonania b\u0119dzie wyceniany indywidualnie.<\/p>\n<p>\t\t\t\t\t\t\t\t\t\t\t\t<a href=\"\">Zg\u0142oszenie a pozwolenie &#8211; r\u00f3\u017cnica<\/a><\/p>\n<p>I am text block. Click edit button to change this text. Lorem ipsum dolor sit amet, consectetur adipiscing elit.\u00a0<\/p>\n<p>\t\t\t\t\t\t\t\t\t\t\t\t<a href=\"\">Czy dom na zg\u0142oszenie wymaga odbioru?<\/a><\/p>\n<p>Dom na zg\u0142oszenie nie wymaga odbioru poniewa\u017c nie mamy obowi\u0105zku przy\u0142\u0105cza wody i pr\u0105du. W przypadku przekszta\u0142cenia na budynek ca\u0142oroczny taki obowi\u0105zek ju\u017c istnieje i odbi\u00f3r b\u0119dzie wymagany.\u00a0\u00a0<\/p>\n<p>\t\t\t\t\t\t\t\t\t\t\t\t<a href=\"\">Czy dom na zg\u0142oszenie mo\u017cna przekszta\u0142ci\u0107 w budynek mieszkalny?<\/a><\/p>\n<p>Tak. Przekszta\u0142cenia mo\u017cna dokona\u0107 poprzez adaptacje budynku na budynek mieszkalny. W tym wypadku konieczna b\u0119dzie wizyta u architekta z uprawnieniami. W razie zainteresowania zapraszamy do kontaktu.\u00a0<\/p>\n<p>\t\t\t\t\t\t\t\t\t\t\t\t<a href=\"\">Minimalna wielko\u015b\u0107 dzia\u0142ki to?<\/a><\/p>\n<p>Dzia\u0142ka powinna mie\u0107 minimum 500m2 aby istnia\u0142a mo\u017cliwo\u015b\u0107 w przysz\u0142o\u015bci przekszta\u0142cenia na budynek mieszkalny. Odleg\u0142o\u015bci od granicy to 3m dla \u015bciany bez okien, 4m dla \u015bciany z oknami.\u00a0<\/p>\n","protected":false},"excerpt":{"rendered":"<p>MASZ PYTANIA? NAJCZ\u0118\u015aCIEJ ZADAWANE PYTANIA I ODPOWIEDZI Sprawd\u017a czy odnajdziesz odpowiedzi na nurtuj\u0105ce Ci\u0119 w\u0105tpliwo\u015bci. Je\u015bli nie zapraszamy do kontaktu.\u00a0 Do ilu m2 mo\u017cna dokona\u0107 zg\u0142oszenia. Zg\u0142oszenia mo\u017cna dokona\u0107 do 35m2 zabudowy.\u00a0 Jakie dokumenty potrzebne s\u0105 do zg\u0142oszeia Do zg\u0142oszenia&hellip;<\/p>\n","protected":false},"author":1,"featured_media":0,"parent":0,"menu_order":0,"comment_status":"closed","ping_status":"closed","template":"","meta":{"_monsterinsights_skip_tracking":false,"_monsterinsights_sitenote_active":false,"_monsterinsights_sitenote_note":"","_monsterinsights_sitenote_category":0,"footnotes":""},"class_list":["post-217","page","type-page","status-publish","hentry"],"yoast_head":"<!-- This site is optimized with the Yoast SEO Premium plugin v19.3 (Yoast SEO v26.8) - https:\/\/yoast.com\/product\/yoast-seo-premium-wordpress\/ -->\n<title>FAQ - Dom na Zg\u0142oszenie<\/title>\n<meta name=\"robots\" content=\"index, follow, max-snippet:-1, max-image-preview:large, max-video-preview:-1\" \/>\n<link rel=\"canonical\" href=\"https:\/\/domnazgloszenie.pl\/index.php\/faq\/\" \/>\n<meta property=\"og:locale\" content=\"pl_PL\" \/>\n<meta property=\"og:type\" content=\"article\" \/>\n<meta property=\"og:title\" content=\"FAQ\" \/>\n<meta property=\"og:description\" content=\"MASZ PYTANIA? NAJCZ\u0118\u015aCIEJ ZADAWANE PYTANIA I ODPOWIEDZI Sprawd\u017a czy odnajdziesz odpowiedzi na nurtuj\u0105ce Ci\u0119 w\u0105tpliwo\u015bci. Je\u015bli nie zapraszamy do kontaktu.\u00a0 Do ilu m2 mo\u017cna dokona\u0107 zg\u0142oszenia. Zg\u0142oszenia mo\u017cna dokona\u0107 do 35m2 zabudowy.\u00a0 Jakie dokumenty potrzebne s\u0105 do zg\u0142oszeia Do zg\u0142oszenia&hellip;\" \/>\n<meta property=\"og:url\" content=\"https:\/\/domnazgloszenie.pl\/index.php\/faq\/\" \/>\n<meta property=\"og:site_name\" content=\"Dom na Zg\u0142oszenie\" \/>\n<meta property=\"article:publisher\" content=\"https:\/\/www.facebook.com\/domnazgloszenie\" \/>\n<meta property=\"article:modified_time\" content=\"2020-03-07T23:21:57+00:00\" \/>\n<meta name=\"twitter:card\" content=\"summary_large_image\" \/>\n<meta name=\"twitter:site\" content=\"@domnazgloszenie\" \/>\n<meta name=\"twitter:label1\" content=\"Szacowany czas czytania\" \/>\n\t<meta name=\"twitter:data1\" content=\"1 minuta\" \/>\n<script type=\"application\/ld+json\" class=\"yoast-schema-graph\">{\"@context\":\"https:\/\/schema.org\",\"@graph\":[{\"@type\":\"WebPage\",\"@id\":\"https:\/\/domnazgloszenie.pl\/index.php\/faq\/\",\"url\":\"https:\/\/domnazgloszenie.pl\/index.php\/faq\/\",\"name\":\"FAQ - Dom na Zg\u0142oszenie\",\"isPartOf\":{\"@id\":\"https:\/\/domnazgloszenie.pl\/#website\"},\"datePublished\":\"2020-03-07T22:04:39+00:00\",\"dateModified\":\"2020-03-07T23:21:57+00:00\",\"breadcrumb\":{\"@id\":\"https:\/\/domnazgloszenie.pl\/index.php\/faq\/#breadcrumb\"},\"inLanguage\":\"pl-PL\",\"potentialAction\":[{\"@type\":\"ReadAction\",\"target\":[\"https:\/\/domnazgloszenie.pl\/index.php\/faq\/\"]}]},{\"@type\":\"BreadcrumbList\",\"@id\":\"https:\/\/domnazgloszenie.pl\/index.php\/faq\/#breadcrumb\",\"itemListElement\":[{\"@type\":\"ListItem\",\"position\":1,\"name\":\"Strona g\u0142\u00f3wna\",\"item\":\"https:\/\/domnazgloszenie.pl\/\"},{\"@type\":\"ListItem\",\"position\":2,\"name\":\"FAQ\"}]},{\"@type\":\"WebSite\",\"@id\":\"https:\/\/domnazgloszenie.pl\/#website\",\"url\":\"https:\/\/domnazgloszenie.pl\/\",\"name\":\"Dom na Zg\u0142oszenie\",\"description\":\"Projekty dom\u00f3w na zg\u0142oszenie do 35m2\",\"publisher\":{\"@id\":\"https:\/\/domnazgloszenie.pl\/#organization\"},\"potentialAction\":[{\"@type\":\"SearchAction\",\"target\":{\"@type\":\"EntryPoint\",\"urlTemplate\":\"https:\/\/domnazgloszenie.pl\/?s={search_term_string}\"},\"query-input\":{\"@type\":\"PropertyValueSpecification\",\"valueRequired\":true,\"valueName\":\"search_term_string\"}}],\"inLanguage\":\"pl-PL\"},{\"@type\":[\"Organization\",\"Place\"],\"@id\":\"https:\/\/domnazgloszenie.pl\/#organization\",\"name\":\"Dom na zg\u0142oszenie\",\"url\":\"https:\/\/domnazgloszenie.pl\/\",\"logo\":{\"@id\":\"https:\/\/domnazgloszenie.pl\/index.php\/faq\/#local-main-organization-logo\"},\"image\":{\"@id\":\"https:\/\/domnazgloszenie.pl\/index.php\/faq\/#local-main-organization-logo\"},\"sameAs\":[\"https:\/\/www.facebook.com\/domnazgloszenie\",\"https:\/\/x.com\/domnazgloszenie\",\"https:\/\/www.instagram.com\/dom_na_zgloszenie\/\",\"https:\/\/www.tiktok.com\/@domnazgloszenie\",\"https:\/\/pinterest.com\/domnazgloszenie\/\",\"https:\/\/www.behance.net\/domnazgloszenie\"],\"openingHoursSpecification\":[{\"@type\":\"OpeningHoursSpecification\",\"dayOfWeek\":[\"Monday\",\"Tuesday\",\"Wednesday\",\"Thursday\",\"Friday\",\"Saturday\",\"Sunday\"],\"opens\":\"09:00\",\"closes\":\"17:00\"}]},{\"@type\":\"ImageObject\",\"inLanguage\":\"pl-PL\",\"@id\":\"https:\/\/domnazgloszenie.pl\/index.php\/faq\/#local-main-organization-logo\",\"url\":\"https:\/\/domnazgloszenie.pl\/wp-content\/uploads\/2021\/10\/DOM-NA-ZGLOSZENIE-01.png\",\"contentUrl\":\"https:\/\/domnazgloszenie.pl\/wp-content\/uploads\/2021\/10\/DOM-NA-ZGLOSZENIE-01.png\",\"width\":1000,\"height\":1000,\"caption\":\"Dom na zg\u0142oszenie\"}]}<\/script>\n<!-- \/ Yoast SEO Premium plugin. -->","yoast_head_json":{"title":"FAQ - Dom na Zg\u0142oszenie","robots":{"index":"index","follow":"follow","max-snippet":"max-snippet:-1","max-image-preview":"max-image-preview:large","max-video-preview":"max-video-preview:-1"},"canonical":"https:\/\/domnazgloszenie.pl\/index.php\/faq\/","og_locale":"pl_PL","og_type":"article","og_title":"FAQ","og_description":"MASZ PYTANIA? NAJCZ\u0118\u015aCIEJ ZADAWANE PYTANIA I ODPOWIEDZI Sprawd\u017a czy odnajdziesz odpowiedzi na nurtuj\u0105ce Ci\u0119 w\u0105tpliwo\u015bci. Je\u015bli nie zapraszamy do kontaktu.\u00a0 Do ilu m2 mo\u017cna dokona\u0107 zg\u0142oszenia. Zg\u0142oszenia mo\u017cna dokona\u0107 do 35m2 zabudowy.\u00a0 Jakie dokumenty potrzebne s\u0105 do zg\u0142oszeia Do zg\u0142oszenia&hellip;","og_url":"https:\/\/domnazgloszenie.pl\/index.php\/faq\/","og_site_name":"Dom na Zg\u0142oszenie","article_publisher":"https:\/\/www.facebook.com\/domnazgloszenie","article_modified_time":"2020-03-07T23:21:57+00:00","twitter_card":"summary_large_image","twitter_site":"@domnazgloszenie","twitter_misc":{"Szacowany czas czytania":"1 minuta"},"schema":{"@context":"https:\/\/schema.org","@graph":[{"@type":"WebPage","@id":"https:\/\/domnazgloszenie.pl\/index.php\/faq\/","url":"https:\/\/domnazgloszenie.pl\/index.php\/faq\/","name":"FAQ - Dom na Zg\u0142oszenie","isPartOf":{"@id":"https:\/\/domnazgloszenie.pl\/#website"},"datePublished":"2020-03-07T22:04:39+00:00","dateModified":"2020-03-07T23:21:57+00:00","breadcrumb":{"@id":"https:\/\/domnazgloszenie.pl\/index.php\/faq\/#breadcrumb"},"inLanguage":"pl-PL","potentialAction":[{"@type":"ReadAction","target":["https:\/\/domnazgloszenie.pl\/index.php\/faq\/"]}]},{"@type":"BreadcrumbList","@id":"https:\/\/domnazgloszenie.pl\/index.php\/faq\/#breadcrumb","itemListElement":[{"@type":"ListItem","position":1,"name":"Strona g\u0142\u00f3wna","item":"https:\/\/domnazgloszenie.pl\/"},{"@type":"ListItem","position":2,"name":"FAQ"}]},{"@type":"WebSite","@id":"https:\/\/domnazgloszenie.pl\/#website","url":"https:\/\/domnazgloszenie.pl\/","name":"Dom na Zg\u0142oszenie","description":"Projekty dom\u00f3w na zg\u0142oszenie do 35m2","publisher":{"@id":"https:\/\/domnazgloszenie.pl\/#organization"},"potentialAction":[{"@type":"SearchAction","target":{"@type":"EntryPoint","urlTemplate":"https:\/\/domnazgloszenie.pl\/?s={search_term_string}"},"query-input":{"@type":"PropertyValueSpecification","valueRequired":true,"valueName":"search_term_string"}}],"inLanguage":"pl-PL"},{"@type":["Organization","Place"],"@id":"https:\/\/domnazgloszenie.pl\/#organization","name":"Dom na zg\u0142oszenie","url":"https:\/\/domnazgloszenie.pl\/","logo":{"@id":"https:\/\/domnazgloszenie.pl\/index.php\/faq\/#local-main-organization-logo"},"image":{"@id":"https:\/\/domnazgloszenie.pl\/index.php\/faq\/#local-main-organization-logo"},"sameAs":["https:\/\/www.facebook.com\/domnazgloszenie","https:\/\/x.com\/domnazgloszenie","https:\/\/www.instagram.com\/dom_na_zgloszenie\/","https:\/\/www.tiktok.com\/@domnazgloszenie","https:\/\/pinterest.com\/domnazgloszenie\/","https:\/\/www.behance.net\/domnazgloszenie"],"openingHoursSpecification":[{"@type":"OpeningHoursSpecification","dayOfWeek":["Monday","Tuesday","Wednesday","Thursday","Friday","Saturday","Sunday"],"opens":"09:00","closes":"17:00"}]},{"@type":"ImageObject","inLanguage":"pl-PL","@id":"https:\/\/domnazgloszenie.pl\/index.php\/faq\/#local-main-organization-logo","url":"https:\/\/domnazgloszenie.pl\/wp-content\/uploads\/2021\/10\/DOM-NA-ZGLOSZENIE-01.png","contentUrl":"https:\/\/domnazgloszenie.pl\/wp-content\/uploads\/2021\/10\/DOM-NA-ZGLOSZENIE-01.png","width":1000,"height":1000,"caption":"Dom na zg\u0142oszenie"}]}},"jetpack_sharing_enabled":true,"_links":{"self":[{"href":"https:\/\/domnazgloszenie.pl\/index.php\/wp-json\/wp\/v2\/pages\/217","targetHints":{"allow":["GET"]}}],"collection":[{"href":"https:\/\/domnazgloszenie.pl\/index.php\/wp-json\/wp\/v2\/pages"}],"about":[{"href":"https:\/\/domnazgloszenie.pl\/index.php\/wp-json\/wp\/v2\/types\/page"}],"author":[{"embeddable":true,"href":"https:\/\/domnazgloszenie.pl\/index.php\/wp-json\/wp\/v2\/users\/1"}],"replies":[{"embeddable":true,"href":"https:\/\/domnazgloszenie.pl\/index.php\/wp-json\/wp\/v2\/comments?post=217"}],"version-history":[{"count":7,"href":"https:\/\/domnazgloszenie.pl\/index.php\/wp-json\/wp\/v2\/pages\/217\/revisions"}],"predecessor-version":[{"id":234,"href":"https:\/\/domnazgloszenie.pl\/index.php\/wp-json\/wp\/v2\/pages\/217\/revisions\/234"}],"wp:attachment":[{"href":"https:\/\/domnazgloszenie.pl\/index.php\/wp-json\/wp\/v2\/media?parent=217"}],"curies":[{"name":"wp","href":"https:\/\/api.w.org\/{rel}","templated":true}]}}