{"id":1050,"date":"2025-11-14T10:24:25","date_gmt":"2025-11-14T09:24:25","guid":{"rendered":"http:\/\/domnazgloszenie.pl\/?post_type=product&#038;p=1050"},"modified":"2026-03-09T13:06:59","modified_gmt":"2026-03-09T12:06:59","slug":"projekt-domu-m314","status":"publish","type":"product","link":"https:\/\/domnazgloszenie.pl\/index.php\/product\/projekt-domu-m314\/","title":{"rendered":"Projekt domu M314 \u2013 dom do 70 m\u00b2 na zg\u0142oszenie (szkielet drewniany)"},"content":{"rendered":"<h2 data-start=\"1180\" data-end=\"1228\">PROJEKT DOMU M314 \u2014 KULTOWY DOM DO 70 m\u00b2<\/h2>\n<p data-start=\"985\" data-end=\"1168\"><strong data-start=\"985\" data-end=\"1028\">Budynek mieszkalny jednorodzinny \u201eM314\u201d<\/strong> to klasyczny dom z poddaszem u\u017cytkowym, kt\u00f3ry spe\u0142nia przepisy dla obiekt\u00f3w budowanych <strong data-start=\"1116\" data-end=\"1165\">na zg\u0142oszenie (do 70 m\u00b2 powierzchni zabudowy)<\/strong>.<\/p>\n<p data-start=\"1170\" data-end=\"1340\">Przy powierzchni zabudowy <strong data-start=\"1196\" data-end=\"1205\">35 m\u00b2<\/strong>, bryle 7 \u00d7 5 m i wysoko\u015bci 6,02 m projekt pozwala stworzy\u0107 w pe\u0142ni funkcjonalny dom jednorodzinny w technologii szkieletu drewnianego.<\/p>\n<hr data-start=\"1621\" data-end=\"1624\" \/>\n<h2 data-start=\"1626\" data-end=\"1651\">\u00a0UK\u0141AD POMIESZCZE\u0143<\/h2>\n<h3 data-start=\"1652\" data-end=\"1678\">\u27a4 <strong data-start=\"1658\" data-end=\"1676\">Parter \u2013 29 m\u00b2<\/strong><\/h3>\n<ul data-start=\"1679\" data-end=\"1741\">\n<li data-start=\"1679\" data-end=\"1719\">\n<p data-start=\"1681\" data-end=\"1719\">salon z aneksem kuchennym \u2014 24,41 m\u00b2<\/p>\n<\/li>\n<li data-start=\"1720\" data-end=\"1741\">\n<p data-start=\"1722\" data-end=\"1741\">\u0142azienka \u2014 4,5 m\u00b2<\/p>\n<\/li>\n<\/ul>\n<p data-start=\"1743\" data-end=\"1848\">Jasna, otwarta strefa dzienna daje poczucie przestrzeni i \u0142\u0105czy si\u0119 z ogrodem dzi\u0119ki du\u017cym przeszkleniom.<\/p>\n<h3 data-start=\"1850\" data-end=\"1894\">\u27a4 <strong data-start=\"1856\" data-end=\"1892\">Poddasze \u2013 ok. 25 m\u00b2 po pod\u0142odze<\/strong><\/h3>\n<ul data-start=\"1895\" data-end=\"1926\">\n<li data-start=\"1895\" data-end=\"1910\">\n<p data-start=\"1897\" data-end=\"1910\">2 sypialnie<\/p>\n<\/li>\n<li data-start=\"1911\" data-end=\"1926\">\n<p data-start=\"1913\" data-end=\"1926\">komunikacja<\/p>\n<\/li>\n<\/ul>\n<p data-start=\"1928\" data-end=\"1990\">Idealne na sypialnie, pokoje go\u015bcinne lub przestrze\u0144 do pracy.<\/p>\n<hr data-start=\"1992\" data-end=\"1995\" \/>\n<h2 data-start=\"1997\" data-end=\"2025\">\u00a0PARAMETRY TECHNICZNE<\/h2>\n<div class=\"_tableContainer_1rjym_1\">\n<div class=\"group _tableWrapper_1rjym_13 flex w-fit flex-col-reverse\" tabindex=\"-1\">\n<table class=\"w-fit min-w-(--thread-content-width)\" data-start=\"2026\" data-end=\"2396\">\n<thead data-start=\"2026\" data-end=\"2048\">\n<tr data-start=\"2026\" data-end=\"2048\">\n<th data-start=\"2026\" data-end=\"2037\" data-col-size=\"sm\">Parametr<\/th>\n<th data-start=\"2037\" data-end=\"2048\" data-col-size=\"sm\">Warto\u015b\u0107<\/th>\n<\/tr>\n<\/thead>\n<tbody data-start=\"2071\" data-end=\"2396\">\n<tr data-start=\"2071\" data-end=\"2114\">\n<td data-start=\"2071\" data-end=\"2102\" data-col-size=\"sm\"><strong data-start=\"2073\" data-end=\"2101\">Powierzchnia zabudowy PZ<\/strong><\/td>\n<td data-col-size=\"sm\" data-start=\"2102\" data-end=\"2114\">35,00 m\u00b2<\/td>\n<\/tr>\n<tr data-start=\"2115\" data-end=\"2156\">\n<td data-start=\"2115\" data-end=\"2137\" data-col-size=\"sm\"><strong data-start=\"2117\" data-end=\"2136\">Wymiary budynku<\/strong><\/td>\n<td data-start=\"2137\" data-end=\"2156\" data-col-size=\"sm\">7,00 m \u00d7 5,00 m<\/td>\n<\/tr>\n<tr data-start=\"2157\" data-end=\"2180\">\n<td data-start=\"2157\" data-end=\"2175\" data-col-size=\"sm\"><strong data-start=\"2159\" data-end=\"2174\">Kondygnacje<\/strong><\/td>\n<td data-col-size=\"sm\" data-start=\"2175\" data-end=\"2180\">2<\/td>\n<\/tr>\n<tr data-start=\"2181\" data-end=\"2221\">\n<td data-start=\"2181\" data-end=\"2199\" data-col-size=\"sm\"><strong data-start=\"2183\" data-end=\"2198\">Technologia<\/strong><\/td>\n<td data-col-size=\"sm\" data-start=\"2199\" data-end=\"2221\">szkielet drewniany<\/td>\n<\/tr>\n<tr data-start=\"2222\" data-end=\"2255\">\n<td data-start=\"2222\" data-end=\"2245\" data-col-size=\"sm\"><strong data-start=\"2224\" data-end=\"2244\">Wysoko\u015b\u0107 budynku<\/strong><\/td>\n<td data-col-size=\"sm\" data-start=\"2245\" data-end=\"2255\">6,02 m<\/td>\n<\/tr>\n<tr data-start=\"2256\" data-end=\"2279\">\n<td data-start=\"2256\" data-end=\"2272\" data-col-size=\"sm\"><strong data-start=\"2258\" data-end=\"2271\">K\u0105t dachu<\/strong><\/td>\n<td data-col-size=\"sm\" data-start=\"2272\" data-end=\"2279\">40\u00b0<\/td>\n<\/tr>\n<tr data-start=\"2280\" data-end=\"2313\">\n<td data-start=\"2280\" data-end=\"2299\" data-col-size=\"sm\"><strong data-start=\"2282\" data-end=\"2298\">Rodzaj dachu<\/strong><\/td>\n<td data-col-size=\"sm\" data-start=\"2299\" data-end=\"2313\">dwuspadowy<\/td>\n<\/tr>\n<tr data-start=\"2314\" data-end=\"2358\">\n<td data-start=\"2314\" data-end=\"2351\" data-col-size=\"sm\"><strong data-start=\"2316\" data-end=\"2350\">Mo\u017cliwo\u015b\u0107 budowy na zg\u0142oszenie<\/strong><\/td>\n<td data-col-size=\"sm\" data-start=\"2351\" data-end=\"2358\">TAK<\/td>\n<\/tr>\n<tr data-start=\"2359\" data-end=\"2396\">\n<td data-start=\"2359\" data-end=\"2385\" data-col-size=\"sm\"><strong data-start=\"2361\" data-end=\"2384\">Pow. u\u017cytkowa (ok.)<\/strong><\/td>\n<td data-col-size=\"sm\" data-start=\"2385\" data-end=\"2396\">~ 50 m\u00b2<\/td>\n<\/tr>\n<\/tbody>\n<\/table>\n<\/div>\n<\/div>\n<hr data-start=\"2398\" data-end=\"2401\" \/>\n<h2 data-start=\"2403\" data-end=\"2452\">ZGODNY Z PRAWEM \u2013 BUDUJESZ NA ZG\u0141OSZENIE<\/h2>\n<p data-start=\"2453\" data-end=\"2677\">Projekt M314 spe\u0142nia wymogi art. 29 ust. 1 pkt 16 Prawa budowlanego \u2014<br data-start=\"2522\" data-end=\"2525\" \/>mo\u017cesz go wybudowa\u0107 <strong data-start=\"2545\" data-end=\"2563\">bez pozwolenia<\/strong>, czyli:<br data-start=\"2571\" data-end=\"2574\" \/>\u2714 brak kierownika budowy<br data-start=\"2598\" data-end=\"2601\" \/>\u2714 brak dziennika<br data-start=\"2617\" data-end=\"2620\" \/>\u2714 zg\u0142oszenie w starostwie<br data-start=\"2645\" data-end=\"2648\" \/>\u2714 start budowy po 21 dniach<\/p>\n<hr data-start=\"2679\" data-end=\"2682\" \/>\n<h2 data-start=\"2684\" data-end=\"2723\">\u00a0CO OTRZYMUJESZ W RAMACH ZAKUPU?<\/h2>\n<h3 data-start=\"2725\" data-end=\"2771\"><strong data-start=\"2729\" data-end=\"2769\">Dokumentacja projektowa (kompletna):<\/strong><\/h3>\n<ul data-start=\"2772\" data-end=\"3001\">\n<li data-start=\"2772\" data-end=\"2810\">\n<p data-start=\"2774\" data-end=\"2810\">projekt architektoniczno\u2013budowlany<\/p>\n<\/li>\n<li data-start=\"2811\" data-end=\"2854\">\n<p data-start=\"2813\" data-end=\"2854\">rysunki techniczne, przekroje, elewacje<\/p>\n<\/li>\n<li data-start=\"2855\" data-end=\"2882\">\n<p data-start=\"2857\" data-end=\"2882\">rzut parteru i poddasza<\/p>\n<\/li>\n<li data-start=\"2883\" data-end=\"2909\">\n<p data-start=\"2885\" data-end=\"2909\">zestawienie materia\u0142\u00f3w<\/p>\n<\/li>\n<li data-start=\"2910\" data-end=\"2929\">\n<p data-start=\"2912\" data-end=\"2929\">opis techniczny<\/p>\n<\/li>\n<li data-start=\"2930\" data-end=\"2975\">\n<p data-start=\"2932\" data-end=\"2975\">opinia ppo\u017c. i sanitarna (o ile wymagana)<\/p>\n<\/li>\n<li data-start=\"2976\" data-end=\"3001\">\n<p data-start=\"2978\" data-end=\"3001\">instrukcje wykonawcze<\/p>\n<\/li>\n<\/ul>\n<h3 data-start=\"3003\" data-end=\"3023\"><strong data-start=\"3007\" data-end=\"3021\">Dodatkowo:<\/strong><\/h3>\n<ul data-start=\"3024\" data-end=\"3169\">\n<li data-start=\"3024\" data-end=\"3050\">\n<p data-start=\"3026\" data-end=\"3050\">wersja PDF do podgl\u0105du<\/p>\n<\/li>\n<li data-start=\"3051\" data-end=\"3093\">\n<p data-start=\"3053\" data-end=\"3093\">dokumentacja papierowa (4 egzemplarze)<\/p>\n<\/li>\n<li data-start=\"3094\" data-end=\"3129\">\n<p data-start=\"3096\" data-end=\"3129\">pomoc w interpretacji przepis\u00f3w<\/p>\n<\/li>\n<li data-start=\"3130\" data-end=\"3169\">\n<p data-start=\"3132\" data-end=\"3169\">wsparcie przy adaptacji (opcjonalnie)<\/p>\n<\/li>\n<\/ul>\n<hr data-start=\"3171\" data-end=\"3174\" \/>\n<h2 data-start=\"3176\" data-end=\"3210\">\u00a0DLA KOGO JEST TEN PROJEKT?<\/h2>\n<ul data-start=\"3211\" data-end=\"3411\">\n<li data-start=\"3211\" data-end=\"3260\">\n<p data-start=\"3213\" data-end=\"3260\">dla os\u00f3b planuj\u0105cych niewielki dom ca\u0142oroczny<\/p>\n<\/li>\n<li data-start=\"3261\" data-end=\"3317\">\n<p data-start=\"3263\" data-end=\"3317\">dla rodzin, kt\u00f3re chc\u0105 zacz\u0105\u0107 skromnie, ale wygodnie<\/p>\n<\/li>\n<li data-start=\"3318\" data-end=\"3352\">\n<p data-start=\"3320\" data-end=\"3352\">dla w\u0142a\u015bcicieli ma\u0142ych dzia\u0142ek<\/p>\n<\/li>\n<li data-start=\"3353\" data-end=\"3411\">\n<p data-start=\"3355\" data-end=\"3411\">dla mi\u0142o\u015bnik\u00f3w prostoty i niskich koszt\u00f3w eksploatacji<\/p>\n<\/li>\n<\/ul>\n","protected":false},"excerpt":{"rendered":"<p>Projekt powtarzalny budynku mieszkalnego <strong data-start=\"545\" data-end=\"555\">\u201eM314\u201d<\/strong> to kompaktowy dom jednorodzinny, kt\u00f3ry mo\u017cesz wybudowa\u0107 <strong data-start=\"612\" data-end=\"646\">na zg\u0142oszenie \u2013 bez pozwolenia<\/strong>.<br data-start=\"647\" data-end=\"650\" \/>Powierzchnia zabudowy 35 m\u00b2, klasyczna bry\u0142a, poddasze u\u017cytkowe i technologia szkieletu drewnianego czyni\u0105 go jednym z najpopularniejszych projekt\u00f3w gotowych.<\/p>\n","protected":false},"featured_media":1051,"comment_status":"open","ping_status":"closed","template":"","meta":{"_monsterinsights_skip_tracking":false,"_monsterinsights_sitenote_active":false,"_monsterinsights_sitenote_note":"","_monsterinsights_sitenote_category":0},"product_brand":[],"product_cat":[72,64,66,24,71],"product_tag":[91,18,93,92,90,95,94],"class_list":{"0":"post-1050","1":"product","2":"type-product","3":"status-publish","4":"has-post-thumbnail","6":"product_cat-dach-wielospadowy","7":"product_cat-dom-70m2","8":"product_cat-drewniane","9":"product_cat-na-zgloszenie","10":"product_cat-nowosc","11":"product_tag-dom-do-70-m","12":"product_tag-dom-na-zgloszenie","13":"product_tag-dom-szkieletowy","14":"product_tag-projekt-drewniany","15":"product_tag-projekt-m314","16":"product_tag-projekt-z-poddaszem","17":"product_tag-tiny-house","19":"first","20":"outofstock","21":"taxable","22":"shipping-taxable","23":"purchasable","24":"product-type-simple"},"yoast_head":"<!-- This site is optimized with the Yoast SEO Premium plugin v19.3 (Yoast SEO v26.8) - https:\/\/yoast.com\/product\/yoast-seo-premium-wordpress\/ -->\n<title>Projekt domu M314 \u2013 dom do 70 m\u00b2 na zg\u0142oszenie (szkielet drewniany) - Dom na Zg\u0142oszenie<\/title>\n<meta name=\"description\" content=\"Projekt domu M314 \u2013 dom do 70 m\u00b2 na zg\u0142oszenie. Powierzchnia zabudowy 35 m\u00b2, poddasze u\u017cytkowe, technologia szkielet drewniany. Projekt idealny na ma\u0142\u0105 dzia\u0142k\u0119, ca\u0142oroczny lub rekreacyjny. Cena 2400 z\u0142. Dost\u0119pny od r\u0119ki.\" \/>\n<meta name=\"robots\" content=\"index, follow, max-snippet:-1, max-image-preview:large, max-video-preview:-1\" \/>\n<link rel=\"canonical\" href=\"https:\/\/domnazgloszenie.pl\/index.php\/product\/projekt-domu-m314\/\" \/>\n<meta property=\"og:locale\" content=\"pl_PL\" \/>\n<meta property=\"og:type\" content=\"article\" \/>\n<meta property=\"og:title\" content=\"Projekt domu M314 \u2013 dom do 70 m\u00b2 na zg\u0142oszenie (szkielet drewniany)\" \/>\n<meta property=\"og:description\" content=\"Projekt domu M314 \u2013 dom do 70 m\u00b2 na zg\u0142oszenie. Powierzchnia zabudowy 35 m\u00b2, poddasze u\u017cytkowe, technologia szkielet drewniany. Projekt idealny na ma\u0142\u0105 dzia\u0142k\u0119, ca\u0142oroczny lub rekreacyjny. Cena 2400 z\u0142. Dost\u0119pny od r\u0119ki.\" \/>\n<meta property=\"og:url\" content=\"https:\/\/domnazgloszenie.pl\/index.php\/product\/projekt-domu-m314\/\" \/>\n<meta property=\"og:site_name\" content=\"Dom na Zg\u0142oszenie\" \/>\n<meta property=\"article:publisher\" content=\"https:\/\/www.facebook.com\/domnazgloszenie\" \/>\n<meta property=\"article:modified_time\" content=\"2026-03-09T12:06:59+00:00\" \/>\n<meta property=\"og:image\" content=\"https:\/\/domnazgloszenie.pl\/wp-content\/uploads\/2025\/11\/Gemini_Generated_Image_f0mwcjf0mwcjf0mw-1024x747.png\" \/>\n\t<meta property=\"og:image:width\" content=\"1024\" \/>\n\t<meta property=\"og:image:height\" content=\"747\" \/>\n\t<meta property=\"og:image:type\" content=\"image\/png\" \/>\n<meta name=\"twitter:card\" content=\"summary_large_image\" \/>\n<meta name=\"twitter:site\" content=\"@domnazgloszenie\" \/>\n<meta name=\"twitter:label1\" content=\"Szacowany czas czytania\" \/>\n\t<meta name=\"twitter:data1\" content=\"2 minuty\" \/>\n<script type=\"application\/ld+json\" class=\"yoast-schema-graph\">{\"@context\":\"https:\/\/schema.org\",\"@graph\":[{\"@type\":\"WebPage\",\"@id\":\"https:\/\/domnazgloszenie.pl\/index.php\/product\/projekt-domu-m314\/\",\"url\":\"https:\/\/domnazgloszenie.pl\/index.php\/product\/projekt-domu-m314\/\",\"name\":\"Projekt domu M314 \u2013 dom do 70 m\u00b2 na zg\u0142oszenie (szkielet drewniany) - Dom na Zg\u0142oszenie\",\"isPartOf\":{\"@id\":\"https:\/\/domnazgloszenie.pl\/#website\"},\"primaryImageOfPage\":{\"@id\":\"https:\/\/domnazgloszenie.pl\/index.php\/product\/projekt-domu-m314\/#primaryimage\"},\"image\":{\"@id\":\"https:\/\/domnazgloszenie.pl\/index.php\/product\/projekt-domu-m314\/#primaryimage\"},\"thumbnailUrl\":\"https:\/\/domnazgloszenie.pl\/wp-content\/uploads\/2025\/11\/Gemini_Generated_Image_f0mwcjf0mwcjf0mw.png\",\"datePublished\":\"2025-11-14T09:24:25+00:00\",\"dateModified\":\"2026-03-09T12:06:59+00:00\",\"description\":\"Projekt domu M314 \u2013 dom do 70 m\u00b2 na zg\u0142oszenie. Powierzchnia zabudowy 35 m\u00b2, poddasze u\u017cytkowe, technologia szkielet drewniany. Projekt idealny na ma\u0142\u0105 dzia\u0142k\u0119, ca\u0142oroczny lub rekreacyjny. Cena 2400 z\u0142. Dost\u0119pny od r\u0119ki.\",\"breadcrumb\":{\"@id\":\"https:\/\/domnazgloszenie.pl\/index.php\/product\/projekt-domu-m314\/#breadcrumb\"},\"inLanguage\":\"pl-PL\",\"potentialAction\":[{\"@type\":\"ReadAction\",\"target\":[\"https:\/\/domnazgloszenie.pl\/index.php\/product\/projekt-domu-m314\/\"]}]},{\"@type\":\"ImageObject\",\"inLanguage\":\"pl-PL\",\"@id\":\"https:\/\/domnazgloszenie.pl\/index.php\/product\/projekt-domu-m314\/#primaryimage\",\"url\":\"https:\/\/domnazgloszenie.pl\/wp-content\/uploads\/2025\/11\/Gemini_Generated_Image_f0mwcjf0mwcjf0mw.png\",\"contentUrl\":\"https:\/\/domnazgloszenie.pl\/wp-content\/uploads\/2025\/11\/Gemini_Generated_Image_f0mwcjf0mwcjf0mw.png\",\"width\":1184,\"height\":864},{\"@type\":\"BreadcrumbList\",\"@id\":\"https:\/\/domnazgloszenie.pl\/index.php\/product\/projekt-domu-m314\/#breadcrumb\",\"itemListElement\":[{\"@type\":\"ListItem\",\"position\":1,\"name\":\"Strona g\u0142\u00f3wna\",\"item\":\"https:\/\/domnazgloszenie.pl\/\"},{\"@type\":\"ListItem\",\"position\":2,\"name\":\"SKLEP\",\"item\":\"https:\/\/domnazgloszenie.pl\/index.php\/sklep\/\"},{\"@type\":\"ListItem\",\"position\":3,\"name\":\"Projekt domu M314 \u2013 dom do 70 m\u00b2 na zg\u0142oszenie (szkielet drewniany)\"}]},{\"@type\":\"WebSite\",\"@id\":\"https:\/\/domnazgloszenie.pl\/#website\",\"url\":\"https:\/\/domnazgloszenie.pl\/\",\"name\":\"Dom na Zg\u0142oszenie\",\"description\":\"Projekty dom\u00f3w na zg\u0142oszenie do 35m2\",\"publisher\":{\"@id\":\"https:\/\/domnazgloszenie.pl\/#organization\"},\"potentialAction\":[{\"@type\":\"SearchAction\",\"target\":{\"@type\":\"EntryPoint\",\"urlTemplate\":\"https:\/\/domnazgloszenie.pl\/?s={search_term_string}\"},\"query-input\":{\"@type\":\"PropertyValueSpecification\",\"valueRequired\":true,\"valueName\":\"search_term_string\"}}],\"inLanguage\":\"pl-PL\"},{\"@type\":[\"Organization\",\"Place\"],\"@id\":\"https:\/\/domnazgloszenie.pl\/#organization\",\"name\":\"Dom na zg\u0142oszenie\",\"url\":\"https:\/\/domnazgloszenie.pl\/\",\"logo\":{\"@id\":\"https:\/\/domnazgloszenie.pl\/index.php\/product\/projekt-domu-m314\/#local-main-organization-logo\"},\"image\":{\"@id\":\"https:\/\/domnazgloszenie.pl\/index.php\/product\/projekt-domu-m314\/#local-main-organization-logo\"},\"sameAs\":[\"https:\/\/www.facebook.com\/domnazgloszenie\",\"https:\/\/x.com\/domnazgloszenie\",\"https:\/\/www.instagram.com\/dom_na_zgloszenie\/\",\"https:\/\/www.tiktok.com\/@domnazgloszenie\",\"https:\/\/pinterest.com\/domnazgloszenie\/\",\"https:\/\/www.behance.net\/domnazgloszenie\"],\"openingHoursSpecification\":[{\"@type\":\"OpeningHoursSpecification\",\"dayOfWeek\":[\"Monday\",\"Tuesday\",\"Wednesday\",\"Thursday\",\"Friday\",\"Saturday\",\"Sunday\"],\"opens\":\"09:00\",\"closes\":\"17:00\"}]},{\"@type\":\"ImageObject\",\"inLanguage\":\"pl-PL\",\"@id\":\"https:\/\/domnazgloszenie.pl\/index.php\/product\/projekt-domu-m314\/#local-main-organization-logo\",\"url\":\"https:\/\/domnazgloszenie.pl\/wp-content\/uploads\/2021\/10\/DOM-NA-ZGLOSZENIE-01.png\",\"contentUrl\":\"https:\/\/domnazgloszenie.pl\/wp-content\/uploads\/2021\/10\/DOM-NA-ZGLOSZENIE-01.png\",\"width\":1000,\"height\":1000,\"caption\":\"Dom na zg\u0142oszenie\"}]}<\/script>\n<!-- \/ Yoast SEO Premium plugin. -->","yoast_head_json":{"title":"Projekt domu M314 \u2013 dom do 70 m\u00b2 na zg\u0142oszenie (szkielet drewniany) - Dom na Zg\u0142oszenie","description":"Projekt domu M314 \u2013 dom do 70 m\u00b2 na zg\u0142oszenie. Powierzchnia zabudowy 35 m\u00b2, poddasze u\u017cytkowe, technologia szkielet drewniany. Projekt idealny na ma\u0142\u0105 dzia\u0142k\u0119, ca\u0142oroczny lub rekreacyjny. Cena 2400 z\u0142. Dost\u0119pny od r\u0119ki.","robots":{"index":"index","follow":"follow","max-snippet":"max-snippet:-1","max-image-preview":"max-image-preview:large","max-video-preview":"max-video-preview:-1"},"canonical":"https:\/\/domnazgloszenie.pl\/index.php\/product\/projekt-domu-m314\/","og_locale":"pl_PL","og_type":"article","og_title":"Projekt domu M314 \u2013 dom do 70 m\u00b2 na zg\u0142oszenie (szkielet drewniany)","og_description":"Projekt domu M314 \u2013 dom do 70 m\u00b2 na zg\u0142oszenie. Powierzchnia zabudowy 35 m\u00b2, poddasze u\u017cytkowe, technologia szkielet drewniany. Projekt idealny na ma\u0142\u0105 dzia\u0142k\u0119, ca\u0142oroczny lub rekreacyjny. Cena 2400 z\u0142. Dost\u0119pny od r\u0119ki.","og_url":"https:\/\/domnazgloszenie.pl\/index.php\/product\/projekt-domu-m314\/","og_site_name":"Dom na Zg\u0142oszenie","article_publisher":"https:\/\/www.facebook.com\/domnazgloszenie","article_modified_time":"2026-03-09T12:06:59+00:00","og_image":[{"width":1024,"height":747,"url":"https:\/\/domnazgloszenie.pl\/wp-content\/uploads\/2025\/11\/Gemini_Generated_Image_f0mwcjf0mwcjf0mw-1024x747.png","type":"image\/png"}],"twitter_card":"summary_large_image","twitter_site":"@domnazgloszenie","twitter_misc":{"Szacowany czas czytania":"2 minuty"},"schema":{"@context":"https:\/\/schema.org","@graph":[{"@type":"WebPage","@id":"https:\/\/domnazgloszenie.pl\/index.php\/product\/projekt-domu-m314\/","url":"https:\/\/domnazgloszenie.pl\/index.php\/product\/projekt-domu-m314\/","name":"Projekt domu M314 \u2013 dom do 70 m\u00b2 na zg\u0142oszenie (szkielet drewniany) - Dom na Zg\u0142oszenie","isPartOf":{"@id":"https:\/\/domnazgloszenie.pl\/#website"},"primaryImageOfPage":{"@id":"https:\/\/domnazgloszenie.pl\/index.php\/product\/projekt-domu-m314\/#primaryimage"},"image":{"@id":"https:\/\/domnazgloszenie.pl\/index.php\/product\/projekt-domu-m314\/#primaryimage"},"thumbnailUrl":"https:\/\/domnazgloszenie.pl\/wp-content\/uploads\/2025\/11\/Gemini_Generated_Image_f0mwcjf0mwcjf0mw.png","datePublished":"2025-11-14T09:24:25+00:00","dateModified":"2026-03-09T12:06:59+00:00","description":"Projekt domu M314 \u2013 dom do 70 m\u00b2 na zg\u0142oszenie. Powierzchnia zabudowy 35 m\u00b2, poddasze u\u017cytkowe, technologia szkielet drewniany. Projekt idealny na ma\u0142\u0105 dzia\u0142k\u0119, ca\u0142oroczny lub rekreacyjny. Cena 2400 z\u0142. Dost\u0119pny od r\u0119ki.","breadcrumb":{"@id":"https:\/\/domnazgloszenie.pl\/index.php\/product\/projekt-domu-m314\/#breadcrumb"},"inLanguage":"pl-PL","potentialAction":[{"@type":"ReadAction","target":["https:\/\/domnazgloszenie.pl\/index.php\/product\/projekt-domu-m314\/"]}]},{"@type":"ImageObject","inLanguage":"pl-PL","@id":"https:\/\/domnazgloszenie.pl\/index.php\/product\/projekt-domu-m314\/#primaryimage","url":"https:\/\/domnazgloszenie.pl\/wp-content\/uploads\/2025\/11\/Gemini_Generated_Image_f0mwcjf0mwcjf0mw.png","contentUrl":"https:\/\/domnazgloszenie.pl\/wp-content\/uploads\/2025\/11\/Gemini_Generated_Image_f0mwcjf0mwcjf0mw.png","width":1184,"height":864},{"@type":"BreadcrumbList","@id":"https:\/\/domnazgloszenie.pl\/index.php\/product\/projekt-domu-m314\/#breadcrumb","itemListElement":[{"@type":"ListItem","position":1,"name":"Strona g\u0142\u00f3wna","item":"https:\/\/domnazgloszenie.pl\/"},{"@type":"ListItem","position":2,"name":"SKLEP","item":"https:\/\/domnazgloszenie.pl\/index.php\/sklep\/"},{"@type":"ListItem","position":3,"name":"Projekt domu M314 \u2013 dom do 70 m\u00b2 na zg\u0142oszenie (szkielet drewniany)"}]},{"@type":"WebSite","@id":"https:\/\/domnazgloszenie.pl\/#website","url":"https:\/\/domnazgloszenie.pl\/","name":"Dom na Zg\u0142oszenie","description":"Projekty dom\u00f3w na zg\u0142oszenie do 35m2","publisher":{"@id":"https:\/\/domnazgloszenie.pl\/#organization"},"potentialAction":[{"@type":"SearchAction","target":{"@type":"EntryPoint","urlTemplate":"https:\/\/domnazgloszenie.pl\/?s={search_term_string}"},"query-input":{"@type":"PropertyValueSpecification","valueRequired":true,"valueName":"search_term_string"}}],"inLanguage":"pl-PL"},{"@type":["Organization","Place"],"@id":"https:\/\/domnazgloszenie.pl\/#organization","name":"Dom na zg\u0142oszenie","url":"https:\/\/domnazgloszenie.pl\/","logo":{"@id":"https:\/\/domnazgloszenie.pl\/index.php\/product\/projekt-domu-m314\/#local-main-organization-logo"},"image":{"@id":"https:\/\/domnazgloszenie.pl\/index.php\/product\/projekt-domu-m314\/#local-main-organization-logo"},"sameAs":["https:\/\/www.facebook.com\/domnazgloszenie","https:\/\/x.com\/domnazgloszenie","https:\/\/www.instagram.com\/dom_na_zgloszenie\/","https:\/\/www.tiktok.com\/@domnazgloszenie","https:\/\/pinterest.com\/domnazgloszenie\/","https:\/\/www.behance.net\/domnazgloszenie"],"openingHoursSpecification":[{"@type":"OpeningHoursSpecification","dayOfWeek":["Monday","Tuesday","Wednesday","Thursday","Friday","Saturday","Sunday"],"opens":"09:00","closes":"17:00"}]},{"@type":"ImageObject","inLanguage":"pl-PL","@id":"https:\/\/domnazgloszenie.pl\/index.php\/product\/projekt-domu-m314\/#local-main-organization-logo","url":"https:\/\/domnazgloszenie.pl\/wp-content\/uploads\/2021\/10\/DOM-NA-ZGLOSZENIE-01.png","contentUrl":"https:\/\/domnazgloszenie.pl\/wp-content\/uploads\/2021\/10\/DOM-NA-ZGLOSZENIE-01.png","width":1000,"height":1000,"caption":"Dom na zg\u0142oszenie"}]}},"jetpack_sharing_enabled":true,"_links":{"self":[{"href":"https:\/\/domnazgloszenie.pl\/index.php\/wp-json\/wp\/v2\/product\/1050","targetHints":{"allow":["GET"]}}],"collection":[{"href":"https:\/\/domnazgloszenie.pl\/index.php\/wp-json\/wp\/v2\/product"}],"about":[{"href":"https:\/\/domnazgloszenie.pl\/index.php\/wp-json\/wp\/v2\/types\/product"}],"replies":[{"embeddable":true,"href":"https:\/\/domnazgloszenie.pl\/index.php\/wp-json\/wp\/v2\/comments?post=1050"}],"wp:featuredmedia":[{"embeddable":true,"href":"https:\/\/domnazgloszenie.pl\/index.php\/wp-json\/wp\/v2\/media\/1051"}],"wp:attachment":[{"href":"https:\/\/domnazgloszenie.pl\/index.php\/wp-json\/wp\/v2\/media?parent=1050"}],"wp:term":[{"taxonomy":"product_brand","embeddable":true,"href":"https:\/\/domnazgloszenie.pl\/index.php\/wp-json\/wp\/v2\/product_brand?post=1050"},{"taxonomy":"product_cat","embeddable":true,"href":"https:\/\/domnazgloszenie.pl\/index.php\/wp-json\/wp\/v2\/product_cat?post=1050"},{"taxonomy":"product_tag","embeddable":true,"href":"https:\/\/domnazgloszenie.pl\/index.php\/wp-json\/wp\/v2\/product_tag?post=1050"}],"curies":[{"name":"wp","href":"https:\/\/api.w.org\/{rel}","templated":true}]}}