{"id":1058,"date":"2026-02-20T14:52:26","date_gmt":"2026-02-20T13:52:26","guid":{"rendered":"https:\/\/domnazgloszenie.pl\/?post_type=product&#038;p=1058"},"modified":"2026-02-20T14:52:27","modified_gmt":"2026-02-20T13:52:27","slug":"projekt-domu-na-zgloszenie-zg1-v1","status":"publish","type":"product","link":"https:\/\/domnazgloszenie.pl\/index.php\/product\/projekt-domu-na-zgloszenie-zg1-v1\/","title":{"rendered":"Projekt domu na zg\u0142oszenie ZG1-V1"},"content":{"rendered":"<p class=\"p1\">Dom bez pozwolenia!!<\/p>\n<p class=\"p1\">Witaj. Zapraszamy do zapoznania si\u0119 z nasz\u0105 ofert\u0105 projektu wolnostoj\u0105cego budynku rekreacji indywidualnej w technologii murowanej z mo\u017cliwo\u015bci\u0105 wybudowania bez konieczno\u015bci uzyskania pozwolenia na budow\u0119.<\/p>\n<p class=\"p1\">Ofert\u0119 stanowi projekt budynku rekreacji indywidualnej \u201eZG1\u201d na procedur\u0119 zg\u0142oszenia. Projekt jest wysy\u0142any w pliku w formie PDF do samodzielnego wydrukowania.<\/p>\n<p class=\"p1\">Konstrukcja budynku<\/p>\n<p class=\"p1\">Budynek posiada tradycyjne \u015bciany murowane wraz z dociepleniem, dach drewniany, oraz strop monolityczny (betonowy).<\/p>\n<p class=\"p1\">Istnieje mo\u017cliwo\u015b\u0107 przeprojektowania na inn\u0105 technologi\u0119 np. drewnian\u0105 (oferta dost\u0119pna mailowo).<\/p>\n<p class=\"p1\">Wymiary budynku<\/p>\n<p class=\"p1\">Wymiary zewn\u0119trzne budynku to 4.80&#215;7.25m. Wysoko\u015b\u0107 budynku to 4.88m. Dach dwuspadowy 35stopni.<\/p>\n<p class=\"p1\">Istnieje mo\u017cliwo\u015b\u0107 przeprojektowania budynku pod wzgl\u0119dem gabaryt\u00f3w (szeroko\u015bci, d\u0142ugo\u015bci) i\/lub k\u0105ta nachylenia dachu itd. (oferta dost\u0119pna mailowo).<\/p>\n<p>&nbsp;<\/p>\n<p><img loading=\"lazy\" decoding=\"async\" class=\"alignnone size-medium wp-image-1059\" src=\"http:\/\/domnazgloszenie.pl\/wp-content\/uploads\/2026\/02\/Gemini_Generated_Image_u8ktjsu8ktjsu8kt-300x229.png\" alt=\"\" width=\"300\" height=\"229\" srcset=\"https:\/\/domnazgloszenie.pl\/wp-content\/uploads\/2026\/02\/Gemini_Generated_Image_u8ktjsu8ktjsu8kt-300x229.png 300w, https:\/\/domnazgloszenie.pl\/wp-content\/uploads\/2026\/02\/Gemini_Generated_Image_u8ktjsu8ktjsu8kt-1024x780.png 1024w, https:\/\/domnazgloszenie.pl\/wp-content\/uploads\/2026\/02\/Gemini_Generated_Image_u8ktjsu8ktjsu8kt-768x585.png 768w, https:\/\/domnazgloszenie.pl\/wp-content\/uploads\/2026\/02\/Gemini_Generated_Image_u8ktjsu8ktjsu8kt-600x457.png 600w, https:\/\/domnazgloszenie.pl\/wp-content\/uploads\/2026\/02\/Gemini_Generated_Image_u8ktjsu8ktjsu8kt-79x60.png 79w, https:\/\/domnazgloszenie.pl\/wp-content\/uploads\/2026\/02\/Gemini_Generated_Image_u8ktjsu8ktjsu8kt-118x90.png 118w, https:\/\/domnazgloszenie.pl\/wp-content\/uploads\/2026\/02\/Gemini_Generated_Image_u8ktjsu8ktjsu8kt.png 1106w\" sizes=\"auto, (max-width: 300px) 100vw, 300px\" \/><\/p>\n<p class=\"p1\">Zawarto\u015b\u0107 dokumentacji:<\/p>\n<p class=\"p1\">1)\u00a0\u00a0\u00a0\u00a0 Rzut \u0142awy fundamentowej<\/p>\n<p class=\"p1\">2)\u00a0\u00a0\u00a0\u00a0 Rzut parteru<\/p>\n<p class=\"p1\">3)\u00a0\u00a0\u00a0\u00a0 Rzut strychu nieu\u017cytkowego<\/p>\n<p class=\"p1\">4)\u00a0\u00a0\u00a0\u00a0 Przekr\u00f3j<\/p>\n<p class=\"p1\">5)\u00a0\u00a0\u00a0\u00a0 Wi\u0119\u017aba dachowa<\/p>\n<p class=\"p1\">6)\u00a0\u00a0\u00a0\u00a0 Po\u0142a\u0107 dachowa<\/p>\n<p class=\"p1\">7)\u00a0\u00a0\u00a0\u00a0 Elewacja frontowa<\/p>\n<p class=\"p1\">8)\u00a0\u00a0\u00a0\u00a0 Elewacja boczna nr 1<\/p>\n<p class=\"p1\">9)\u00a0\u00a0\u00a0\u00a0 Elewacja tylna<\/p>\n<p class=\"p1\">10)\u00a0 Elewacja boczna nr 2<\/p>\n<p class=\"p1\">11)\u00a0 Opis techniczny<\/p>\n<p class=\"p1\">Prostota konstrukcji budynku dzi\u0119ki czemu wi\u0119kszo\u015b\u0107 prac mo\u017cna wykona\u0107 samodzielnie.<\/p>\n<p class=\"p1\">Wolnostoj\u0105ce budynku o powierzchni zabudowy do 35m2 s\u0105 \u015bwietnym rozwi\u0105zaniem ze wzgl\u0119du na uproszczon\u0105 procedur\u0119 urz\u0119dow\u0105.<\/p>\n<p class=\"p1\">&#8211; budowa nie wymaga anga\u017cowania kierownika budowy<\/p>\n<p class=\"p1\">&#8211; budowa nie wymaga prowadzenia dziennika budowa<\/p>\n<p class=\"p1\">&#8211; nie ma konieczno\u015bci anga\u017cowania w proces osoby adaptuj\u0105cej (projektanta)<\/p>\n<p class=\"p1\">Sprzedajemy projekt budynku rekreacji indywidualnej na zg\u0142oszenie kt\u00f3ry nie wymaga Pozwolenia na budow\u0119.<\/p>\n<p class=\"p1\">Projekt wysy\u0142amy w ci\u0105gu 48 godzin po zaksi\u0119gowaniu \u015brodk\u00f3w.<\/p>\n<p class=\"p1\">UWAGA!!<\/p>\n<p class=\"p1\">Przed zakupem projektu nale\u017cy sprawdzi\u0107 czy na danej dzia\u0142ce mo\u017cna zbudowa\u0107 tego typu budynek rekreacyjny oraz czy mo\u017cna dokona\u0107 jego zg\u0142oszenia w uproszczonej procedurze, tj. jako parterowy z poddaszem nieu\u017cytkowym budynek rekreacji indywidualnej do 35 m2.<\/p>\n<p class=\"p1\">Przed dokonaniem zakupu prosz\u0119 skonsultowa\u0107 w urz\u0119dzie mo\u017cliwo\u015b\u0107 oraz warunki postawienia takiego domu, w celu unikni\u0119cia niepotrzebnych nieporozumie\u0144.<\/p>\n<p class=\"p1\">Zmiany w projekcie<\/p>\n<p class=\"p1\">Do projektu jest do\u0142\u0105czona zgoda na dokonywanie zmian kt\u00f3re nie ingeruj\u0105 w konstrukcj\u0119 budynku.<\/p>\n<p class=\"p1\">Wyra\u017camy r\u00f3wnie\u017c zgod\u0119 na dokonywanie zmian ingeruj\u0105cych w konstrukcj\u0119. Nale\u017cy sprawdzi\u0107 i przeliczy\u0107 nowe elementy konstrukcji przez osob\u0119 posiadaj\u0105ce stosowne uprawnienia. Wszelkie zmiany konstrukcyjne bez sprawdzenia przez osob\u0119 posiadaj\u0105c\u0105 stosowne uprawnienia na w\u0142asn\u0105 odpowiedzialno\u015b\u0107 inwestora.<\/p>\n","protected":false},"excerpt":{"rendered":"<p>Dom bez pozwolenia!! Witaj. Zapraszamy do zapoznania si\u0119 z nasz\u0105 ofert\u0105 projektu wolnostoj\u0105cego budynku rekreacji indywidualnej w technologii murowanej z mo\u017cliwo\u015bci\u0105 wybudowania bez konieczno\u015bci uzyskania pozwolenia na budow\u0119. Ofert\u0119 stanowi projekt budynku rekreacji indywidualnej \u201eZG1\u201d na procedur\u0119 zg\u0142oszenia. Projekt jest&hellip;<\/p>\n","protected":false},"featured_media":1059,"comment_status":"open","ping_status":"closed","template":"","meta":{"_monsterinsights_skip_tracking":false,"_monsterinsights_sitenote_active":false,"_monsterinsights_sitenote_note":"","_monsterinsights_sitenote_category":0},"product_brand":[],"product_cat":[65,64,24],"product_tag":[],"class_list":{"0":"post-1058","1":"product","2":"type-product","3":"status-publish","4":"has-post-thumbnail","6":"product_cat-dach-dwuspadowy","7":"product_cat-dom-70m2","8":"product_cat-na-zgloszenie","10":"first","11":"outofstock","12":"taxable","13":"shipping-taxable","14":"purchasable","15":"product-type-simple"},"yoast_head":"<!-- This site is optimized with the Yoast SEO Premium plugin v19.3 (Yoast SEO v26.8) - https:\/\/yoast.com\/product\/yoast-seo-premium-wordpress\/ -->\n<title>Projekt domu na zg\u0142oszenie ZG1-V1 - Dom na Zg\u0142oszenie<\/title>\n<meta name=\"robots\" content=\"index, follow, max-snippet:-1, max-image-preview:large, max-video-preview:-1\" \/>\n<link rel=\"canonical\" href=\"https:\/\/domnazgloszenie.pl\/index.php\/product\/projekt-domu-na-zgloszenie-zg1-v1\/\" \/>\n<meta property=\"og:locale\" content=\"pl_PL\" \/>\n<meta property=\"og:type\" content=\"article\" \/>\n<meta property=\"og:title\" content=\"Projekt domu na zg\u0142oszenie ZG1-V1\" \/>\n<meta property=\"og:description\" content=\"Dom bez pozwolenia!! Witaj. Zapraszamy do zapoznania si\u0119 z nasz\u0105 ofert\u0105 projektu wolnostoj\u0105cego budynku rekreacji indywidualnej w technologii murowanej z mo\u017cliwo\u015bci\u0105 wybudowania bez konieczno\u015bci uzyskania pozwolenia na budow\u0119. Ofert\u0119 stanowi projekt budynku rekreacji indywidualnej \u201eZG1\u201d na procedur\u0119 zg\u0142oszenia. Projekt jest&hellip;\" \/>\n<meta property=\"og:url\" content=\"https:\/\/domnazgloszenie.pl\/index.php\/product\/projekt-domu-na-zgloszenie-zg1-v1\/\" \/>\n<meta property=\"og:site_name\" content=\"Dom na Zg\u0142oszenie\" \/>\n<meta property=\"article:publisher\" content=\"https:\/\/www.facebook.com\/domnazgloszenie\" \/>\n<meta property=\"article:modified_time\" content=\"2026-02-20T13:52:27+00:00\" \/>\n<meta property=\"og:image\" content=\"https:\/\/domnazgloszenie.pl\/wp-content\/uploads\/2026\/02\/Gemini_Generated_Image_u8ktjsu8ktjsu8kt.png\" \/>\n\t<meta property=\"og:image:width\" content=\"1106\" \/>\n\t<meta property=\"og:image:height\" content=\"843\" \/>\n\t<meta property=\"og:image:type\" content=\"image\/png\" \/>\n<meta name=\"twitter:card\" content=\"summary_large_image\" \/>\n<meta name=\"twitter:site\" content=\"@domnazgloszenie\" \/>\n<meta name=\"twitter:label1\" content=\"Szacowany czas czytania\" \/>\n\t<meta name=\"twitter:data1\" content=\"3 minuty\" \/>\n<script type=\"application\/ld+json\" class=\"yoast-schema-graph\">{\"@context\":\"https:\/\/schema.org\",\"@graph\":[{\"@type\":\"WebPage\",\"@id\":\"https:\/\/domnazgloszenie.pl\/index.php\/product\/projekt-domu-na-zgloszenie-zg1-v1\/\",\"url\":\"https:\/\/domnazgloszenie.pl\/index.php\/product\/projekt-domu-na-zgloszenie-zg1-v1\/\",\"name\":\"Projekt domu na zg\u0142oszenie ZG1-V1 - Dom na Zg\u0142oszenie\",\"isPartOf\":{\"@id\":\"https:\/\/domnazgloszenie.pl\/#website\"},\"primaryImageOfPage\":{\"@id\":\"https:\/\/domnazgloszenie.pl\/index.php\/product\/projekt-domu-na-zgloszenie-zg1-v1\/#primaryimage\"},\"image\":{\"@id\":\"https:\/\/domnazgloszenie.pl\/index.php\/product\/projekt-domu-na-zgloszenie-zg1-v1\/#primaryimage\"},\"thumbnailUrl\":\"https:\/\/domnazgloszenie.pl\/wp-content\/uploads\/2026\/02\/Gemini_Generated_Image_u8ktjsu8ktjsu8kt.png\",\"datePublished\":\"2026-02-20T13:52:26+00:00\",\"dateModified\":\"2026-02-20T13:52:27+00:00\",\"breadcrumb\":{\"@id\":\"https:\/\/domnazgloszenie.pl\/index.php\/product\/projekt-domu-na-zgloszenie-zg1-v1\/#breadcrumb\"},\"inLanguage\":\"pl-PL\",\"potentialAction\":[{\"@type\":\"ReadAction\",\"target\":[\"https:\/\/domnazgloszenie.pl\/index.php\/product\/projekt-domu-na-zgloszenie-zg1-v1\/\"]}]},{\"@type\":\"ImageObject\",\"inLanguage\":\"pl-PL\",\"@id\":\"https:\/\/domnazgloszenie.pl\/index.php\/product\/projekt-domu-na-zgloszenie-zg1-v1\/#primaryimage\",\"url\":\"https:\/\/domnazgloszenie.pl\/wp-content\/uploads\/2026\/02\/Gemini_Generated_Image_u8ktjsu8ktjsu8kt.png\",\"contentUrl\":\"https:\/\/domnazgloszenie.pl\/wp-content\/uploads\/2026\/02\/Gemini_Generated_Image_u8ktjsu8ktjsu8kt.png\",\"width\":1106,\"height\":843},{\"@type\":\"BreadcrumbList\",\"@id\":\"https:\/\/domnazgloszenie.pl\/index.php\/product\/projekt-domu-na-zgloszenie-zg1-v1\/#breadcrumb\",\"itemListElement\":[{\"@type\":\"ListItem\",\"position\":1,\"name\":\"Strona g\u0142\u00f3wna\",\"item\":\"https:\/\/domnazgloszenie.pl\/\"},{\"@type\":\"ListItem\",\"position\":2,\"name\":\"SKLEP\",\"item\":\"https:\/\/domnazgloszenie.pl\/index.php\/sklep\/\"},{\"@type\":\"ListItem\",\"position\":3,\"name\":\"Projekt domu na zg\u0142oszenie ZG1-V1\"}]},{\"@type\":\"WebSite\",\"@id\":\"https:\/\/domnazgloszenie.pl\/#website\",\"url\":\"https:\/\/domnazgloszenie.pl\/\",\"name\":\"Dom na Zg\u0142oszenie\",\"description\":\"Projekty dom\u00f3w na zg\u0142oszenie do 35m2\",\"publisher\":{\"@id\":\"https:\/\/domnazgloszenie.pl\/#organization\"},\"potentialAction\":[{\"@type\":\"SearchAction\",\"target\":{\"@type\":\"EntryPoint\",\"urlTemplate\":\"https:\/\/domnazgloszenie.pl\/?s={search_term_string}\"},\"query-input\":{\"@type\":\"PropertyValueSpecification\",\"valueRequired\":true,\"valueName\":\"search_term_string\"}}],\"inLanguage\":\"pl-PL\"},{\"@type\":[\"Organization\",\"Place\"],\"@id\":\"https:\/\/domnazgloszenie.pl\/#organization\",\"name\":\"Dom na zg\u0142oszenie\",\"url\":\"https:\/\/domnazgloszenie.pl\/\",\"logo\":{\"@id\":\"https:\/\/domnazgloszenie.pl\/index.php\/product\/projekt-domu-na-zgloszenie-zg1-v1\/#local-main-organization-logo\"},\"image\":{\"@id\":\"https:\/\/domnazgloszenie.pl\/index.php\/product\/projekt-domu-na-zgloszenie-zg1-v1\/#local-main-organization-logo\"},\"sameAs\":[\"https:\/\/www.facebook.com\/domnazgloszenie\",\"https:\/\/x.com\/domnazgloszenie\",\"https:\/\/www.instagram.com\/dom_na_zgloszenie\/\",\"https:\/\/www.tiktok.com\/@domnazgloszenie\",\"https:\/\/pinterest.com\/domnazgloszenie\/\",\"https:\/\/www.behance.net\/domnazgloszenie\"],\"openingHoursSpecification\":[{\"@type\":\"OpeningHoursSpecification\",\"dayOfWeek\":[\"Monday\",\"Tuesday\",\"Wednesday\",\"Thursday\",\"Friday\",\"Saturday\",\"Sunday\"],\"opens\":\"09:00\",\"closes\":\"17:00\"}]},{\"@type\":\"ImageObject\",\"inLanguage\":\"pl-PL\",\"@id\":\"https:\/\/domnazgloszenie.pl\/index.php\/product\/projekt-domu-na-zgloszenie-zg1-v1\/#local-main-organization-logo\",\"url\":\"https:\/\/domnazgloszenie.pl\/wp-content\/uploads\/2021\/10\/DOM-NA-ZGLOSZENIE-01.png\",\"contentUrl\":\"https:\/\/domnazgloszenie.pl\/wp-content\/uploads\/2021\/10\/DOM-NA-ZGLOSZENIE-01.png\",\"width\":1000,\"height\":1000,\"caption\":\"Dom na zg\u0142oszenie\"}]}<\/script>\n<!-- \/ Yoast SEO Premium plugin. -->","yoast_head_json":{"title":"Projekt domu na zg\u0142oszenie ZG1-V1 - Dom na Zg\u0142oszenie","robots":{"index":"index","follow":"follow","max-snippet":"max-snippet:-1","max-image-preview":"max-image-preview:large","max-video-preview":"max-video-preview:-1"},"canonical":"https:\/\/domnazgloszenie.pl\/index.php\/product\/projekt-domu-na-zgloszenie-zg1-v1\/","og_locale":"pl_PL","og_type":"article","og_title":"Projekt domu na zg\u0142oszenie ZG1-V1","og_description":"Dom bez pozwolenia!! Witaj. Zapraszamy do zapoznania si\u0119 z nasz\u0105 ofert\u0105 projektu wolnostoj\u0105cego budynku rekreacji indywidualnej w technologii murowanej z mo\u017cliwo\u015bci\u0105 wybudowania bez konieczno\u015bci uzyskania pozwolenia na budow\u0119. Ofert\u0119 stanowi projekt budynku rekreacji indywidualnej \u201eZG1\u201d na procedur\u0119 zg\u0142oszenia. Projekt jest&hellip;","og_url":"https:\/\/domnazgloszenie.pl\/index.php\/product\/projekt-domu-na-zgloszenie-zg1-v1\/","og_site_name":"Dom na Zg\u0142oszenie","article_publisher":"https:\/\/www.facebook.com\/domnazgloszenie","article_modified_time":"2026-02-20T13:52:27+00:00","og_image":[{"width":1106,"height":843,"url":"https:\/\/domnazgloszenie.pl\/wp-content\/uploads\/2026\/02\/Gemini_Generated_Image_u8ktjsu8ktjsu8kt.png","type":"image\/png"}],"twitter_card":"summary_large_image","twitter_site":"@domnazgloszenie","twitter_misc":{"Szacowany czas czytania":"3 minuty"},"schema":{"@context":"https:\/\/schema.org","@graph":[{"@type":"WebPage","@id":"https:\/\/domnazgloszenie.pl\/index.php\/product\/projekt-domu-na-zgloszenie-zg1-v1\/","url":"https:\/\/domnazgloszenie.pl\/index.php\/product\/projekt-domu-na-zgloszenie-zg1-v1\/","name":"Projekt domu na zg\u0142oszenie ZG1-V1 - Dom na Zg\u0142oszenie","isPartOf":{"@id":"https:\/\/domnazgloszenie.pl\/#website"},"primaryImageOfPage":{"@id":"https:\/\/domnazgloszenie.pl\/index.php\/product\/projekt-domu-na-zgloszenie-zg1-v1\/#primaryimage"},"image":{"@id":"https:\/\/domnazgloszenie.pl\/index.php\/product\/projekt-domu-na-zgloszenie-zg1-v1\/#primaryimage"},"thumbnailUrl":"https:\/\/domnazgloszenie.pl\/wp-content\/uploads\/2026\/02\/Gemini_Generated_Image_u8ktjsu8ktjsu8kt.png","datePublished":"2026-02-20T13:52:26+00:00","dateModified":"2026-02-20T13:52:27+00:00","breadcrumb":{"@id":"https:\/\/domnazgloszenie.pl\/index.php\/product\/projekt-domu-na-zgloszenie-zg1-v1\/#breadcrumb"},"inLanguage":"pl-PL","potentialAction":[{"@type":"ReadAction","target":["https:\/\/domnazgloszenie.pl\/index.php\/product\/projekt-domu-na-zgloszenie-zg1-v1\/"]}]},{"@type":"ImageObject","inLanguage":"pl-PL","@id":"https:\/\/domnazgloszenie.pl\/index.php\/product\/projekt-domu-na-zgloszenie-zg1-v1\/#primaryimage","url":"https:\/\/domnazgloszenie.pl\/wp-content\/uploads\/2026\/02\/Gemini_Generated_Image_u8ktjsu8ktjsu8kt.png","contentUrl":"https:\/\/domnazgloszenie.pl\/wp-content\/uploads\/2026\/02\/Gemini_Generated_Image_u8ktjsu8ktjsu8kt.png","width":1106,"height":843},{"@type":"BreadcrumbList","@id":"https:\/\/domnazgloszenie.pl\/index.php\/product\/projekt-domu-na-zgloszenie-zg1-v1\/#breadcrumb","itemListElement":[{"@type":"ListItem","position":1,"name":"Strona g\u0142\u00f3wna","item":"https:\/\/domnazgloszenie.pl\/"},{"@type":"ListItem","position":2,"name":"SKLEP","item":"https:\/\/domnazgloszenie.pl\/index.php\/sklep\/"},{"@type":"ListItem","position":3,"name":"Projekt domu na zg\u0142oszenie ZG1-V1"}]},{"@type":"WebSite","@id":"https:\/\/domnazgloszenie.pl\/#website","url":"https:\/\/domnazgloszenie.pl\/","name":"Dom na Zg\u0142oszenie","description":"Projekty dom\u00f3w na zg\u0142oszenie do 35m2","publisher":{"@id":"https:\/\/domnazgloszenie.pl\/#organization"},"potentialAction":[{"@type":"SearchAction","target":{"@type":"EntryPoint","urlTemplate":"https:\/\/domnazgloszenie.pl\/?s={search_term_string}"},"query-input":{"@type":"PropertyValueSpecification","valueRequired":true,"valueName":"search_term_string"}}],"inLanguage":"pl-PL"},{"@type":["Organization","Place"],"@id":"https:\/\/domnazgloszenie.pl\/#organization","name":"Dom na zg\u0142oszenie","url":"https:\/\/domnazgloszenie.pl\/","logo":{"@id":"https:\/\/domnazgloszenie.pl\/index.php\/product\/projekt-domu-na-zgloszenie-zg1-v1\/#local-main-organization-logo"},"image":{"@id":"https:\/\/domnazgloszenie.pl\/index.php\/product\/projekt-domu-na-zgloszenie-zg1-v1\/#local-main-organization-logo"},"sameAs":["https:\/\/www.facebook.com\/domnazgloszenie","https:\/\/x.com\/domnazgloszenie","https:\/\/www.instagram.com\/dom_na_zgloszenie\/","https:\/\/www.tiktok.com\/@domnazgloszenie","https:\/\/pinterest.com\/domnazgloszenie\/","https:\/\/www.behance.net\/domnazgloszenie"],"openingHoursSpecification":[{"@type":"OpeningHoursSpecification","dayOfWeek":["Monday","Tuesday","Wednesday","Thursday","Friday","Saturday","Sunday"],"opens":"09:00","closes":"17:00"}]},{"@type":"ImageObject","inLanguage":"pl-PL","@id":"https:\/\/domnazgloszenie.pl\/index.php\/product\/projekt-domu-na-zgloszenie-zg1-v1\/#local-main-organization-logo","url":"https:\/\/domnazgloszenie.pl\/wp-content\/uploads\/2021\/10\/DOM-NA-ZGLOSZENIE-01.png","contentUrl":"https:\/\/domnazgloszenie.pl\/wp-content\/uploads\/2021\/10\/DOM-NA-ZGLOSZENIE-01.png","width":1000,"height":1000,"caption":"Dom na zg\u0142oszenie"}]}},"jetpack_sharing_enabled":true,"_links":{"self":[{"href":"https:\/\/domnazgloszenie.pl\/index.php\/wp-json\/wp\/v2\/product\/1058","targetHints":{"allow":["GET"]}}],"collection":[{"href":"https:\/\/domnazgloszenie.pl\/index.php\/wp-json\/wp\/v2\/product"}],"about":[{"href":"https:\/\/domnazgloszenie.pl\/index.php\/wp-json\/wp\/v2\/types\/product"}],"replies":[{"embeddable":true,"href":"https:\/\/domnazgloszenie.pl\/index.php\/wp-json\/wp\/v2\/comments?post=1058"}],"wp:featuredmedia":[{"embeddable":true,"href":"https:\/\/domnazgloszenie.pl\/index.php\/wp-json\/wp\/v2\/media\/1059"}],"wp:attachment":[{"href":"https:\/\/domnazgloszenie.pl\/index.php\/wp-json\/wp\/v2\/media?parent=1058"}],"wp:term":[{"taxonomy":"product_brand","embeddable":true,"href":"https:\/\/domnazgloszenie.pl\/index.php\/wp-json\/wp\/v2\/product_brand?post=1058"},{"taxonomy":"product_cat","embeddable":true,"href":"https:\/\/domnazgloszenie.pl\/index.php\/wp-json\/wp\/v2\/product_cat?post=1058"},{"taxonomy":"product_tag","embeddable":true,"href":"https:\/\/domnazgloszenie.pl\/index.php\/wp-json\/wp\/v2\/product_tag?post=1058"}],"curies":[{"name":"wp","href":"https:\/\/api.w.org\/{rel}","templated":true}]}}