{"id":1076,"date":"2026-03-10T14:45:37","date_gmt":"2026-03-10T13:45:37","guid":{"rendered":"https:\/\/domnazgloszenie.pl\/?post_type=product&#038;p=1076"},"modified":"2026-03-10T14:46:06","modified_gmt":"2026-03-10T13:46:06","slug":"projekt-domu-na-zgloszenie-do-70-m2-drewniany-m265","status":"publish","type":"product","link":"https:\/\/domnazgloszenie.pl\/index.php\/product\/projekt-domu-na-zgloszenie-do-70-m2-drewniany-m265\/","title":{"rendered":"Projekt domu na zg\u0142oszenie do 70 m2 DREWNIANY M265"},"content":{"rendered":"<p>Dom bez pozwolenia!!<\/p>\n<p>Witaj. Zapraszamy do zapoznania si\u0119 z nasz\u0105 ofert\u0105 projektu wolnostoj\u0105cego budynku mieszkalnego jednorodzinnego w technologii szkieletowej drewnianej z mo\u017cliwo\u015bci\u0105 wybudowania bez konieczno\u015bci uzyskania pozwolenia na budow\u0119.<\/p>\n<p>Ofert\u0119 stanowi projekt domu mieszkalnego jednorodzinnego \u201eM265\u201d na procedur\u0119 zg\u0142oszenia. Projekt jest wysy\u0142any w formie papierowej.<\/p>\n<p>Konstrukcja budynku<\/p>\n<p>Budynek posiada \u015bciany jako konstrukcj\u0119 szkieletow\u0105 drewnian\u0105 \u00a0wraz z dociepleniem, dach drewniany, oraz strop drewniany.<\/p>\n<p>Istnieje mo\u017cliwo\u015b\u0107 przeprojektowania na inn\u0105 technologi\u0119 np. murowan\u0105 (oferta dost\u0119pna mailowo).<\/p>\n<p>Wymiary budynku<\/p>\n<p>Wymiary zewn\u0119trzne budynku to 6.00&#215;9.00m. Wysoko\u015b\u0107 budynku to 6.36 m. Dach dwuspadowy 30 stopni.<\/p>\n<p>Istnieje mo\u017cliwo\u015b\u0107 przeprojektowania budynku pod wzgl\u0119dem gabaryt\u00f3w (szeroko\u015bci, d\u0142ugo\u015bci) i\/lub k\u0105ta nachylenia dachu itd. (oferta dost\u0119pna mailowo).<\/p>\n<p>Mo\u017cliwo\u015b\u0107 przeprojektowania fundament\u00f3w na p\u0142yt\u0119 fundamentow\u0105 (oferta dost\u0119pna mailowo).<\/p>\n<p>Zawarto\u015b\u0107 dokumentacji:<\/p>\n<p>\u00b7\u00a0\u00a0\u00a0\u00a0\u00a0\u00a0\u00a0\u00a0<b>PROJEKT ARCHITEKTONICZNO-BUDOWLANY TYPOWY \u2013 3 egzemplarze<\/b><\/p>\n<p>\u00b7\u00a0\u00a0\u00a0\u00a0\u00a0\u00a0\u00a0\u00a0<b>PROJEKT TECHNICZNY \u2013 INSTALACJE ELEKTRYCZNE TYPOWY \u2013 2 egzemplarze<\/b><\/p>\n<p>\u00b7\u00a0\u00a0\u00a0\u00a0\u00a0\u00a0\u00a0\u00a0<b>PROJEKT TECHNICZNY &#8211; KONSTRUKCJA TYPOWY \u2013 2 egzemplarze<\/b><\/p>\n<p>\u00b7\u00a0\u00a0\u00a0\u00a0\u00a0\u00a0\u00a0\u00a0<b>PROJEKT TECHNICZNY \u2013 INSTALACJE SANITARNE TYPOWY \u2013 2 egzemplarze<\/b><\/p>\n<p>Prostota konstrukcji budynku dzi\u0119ki czemu wi\u0119kszo\u015b\u0107 prac mo\u017cna wykona\u0107 samodzielnie.<\/p>\n<p>Wolnostoj\u0105ce budynku o powierzchni zabudowy do 70m2 s\u0105 \u015bwietnym rozwi\u0105zaniem ze wzgl\u0119du na uproszczon\u0105 procedur\u0119 urz\u0119dow\u0105.<\/p>\n<p>&#8211; budowa nie wymaga anga\u017cowania kierownika budowy<\/p>\n<p>&#8211; budowa nie wymaga prowadzenia dziennika budowa<\/p>\n<p>Sprzedajemy projekt budynku mieszkalnego jednorodzinnego na zg\u0142oszenie kt\u00f3ry nie wymaga Pozwolenia na budow\u0119.<\/p>\n<p>Wi\u0119cej zdj\u0119\u0107\/wizualizacji oraz film mo\u017cna zobaczy\u0107 na www.youtube.com\/@domnazgloszenie<\/p>\n<p>UWAGA!!<\/p>\n<p>Przed zakupem projektu nale\u017cy sprawdzi\u0107 czy na danej dzia\u0142ce mo\u017cna zbudowa\u0107 tego typu budynek mieszkalny jednorodzinny.<\/p>\n<p>Przed dokonaniem zakupu prosz\u0119 skonsultowa\u0107 w urz\u0119dzie mo\u017cliwo\u015b\u0107 oraz warunki postawienia takiego domu, w celu unikni\u0119cia niepotrzebnych nieporozumie\u0144.<\/p>\n<p>Zmiany w projekcie<\/p>\n<p>Do projektu jest do\u0142\u0105czona zgoda na dokonywanie zmian kt\u00f3re nie ingeruj\u0105 w konstrukcj\u0119 budynku.<\/p>\n<p>Wyra\u017camy r\u00f3wnie\u017c zgod\u0119 na dokonywanie zmian ingeruj\u0105cych w konstrukcj\u0119. Nale\u017cy sprawdzi\u0107 i przeliczy\u0107 nowe elementy konstrukcji przez osob\u0119 posiadaj\u0105ce stosowne uprawnienia. Wszelkie zmiany konstrukcyjne bez sprawdzenia przez osob\u0119 posiadaj\u0105c\u0105 stosowne uprawnienia na w\u0142asn\u0105 odpowiedzialno\u015b\u0107 inwestora.<\/p>\n","protected":false},"excerpt":{"rendered":"<p>Dom bez pozwolenia!! Witaj. Zapraszamy do zapoznania si\u0119 z nasz\u0105 ofert\u0105 projektu wolnostoj\u0105cego budynku mieszkalnego jednorodzinnego w technologii szkieletowej drewnianej z mo\u017cliwo\u015bci\u0105 wybudowania bez konieczno\u015bci uzyskania pozwolenia na budow\u0119. Ofert\u0119 stanowi projekt domu mieszkalnego jednorodzinnego \u201eM265\u201d na procedur\u0119 zg\u0142oszenia. Projekt&hellip;<\/p>\n","protected":false},"featured_media":1077,"comment_status":"open","ping_status":"closed","template":"","meta":{"_monsterinsights_skip_tracking":false,"_monsterinsights_sitenote_active":false,"_monsterinsights_sitenote_note":"","_monsterinsights_sitenote_category":0},"product_brand":[],"product_cat":[65,64,24],"product_tag":[],"class_list":{"0":"post-1076","1":"product","2":"type-product","3":"status-publish","4":"has-post-thumbnail","6":"product_cat-dach-dwuspadowy","7":"product_cat-dom-70m2","8":"product_cat-na-zgloszenie","10":"first","11":"outofstock","12":"taxable","13":"shipping-taxable","14":"purchasable","15":"product-type-simple"},"yoast_head":"<!-- This site is optimized with the Yoast SEO Premium plugin v19.3 (Yoast SEO v26.8) - https:\/\/yoast.com\/product\/yoast-seo-premium-wordpress\/ -->\n<title>Projekt domu na zg\u0142oszenie do 70 m2 DREWNIANY M265 - Dom na Zg\u0142oszenie<\/title>\n<meta name=\"robots\" content=\"index, follow, max-snippet:-1, max-image-preview:large, max-video-preview:-1\" \/>\n<link rel=\"canonical\" href=\"https:\/\/domnazgloszenie.pl\/index.php\/product\/projekt-domu-na-zgloszenie-do-70-m2-drewniany-m265\/\" \/>\n<meta property=\"og:locale\" content=\"pl_PL\" \/>\n<meta property=\"og:type\" content=\"article\" \/>\n<meta property=\"og:title\" content=\"Projekt domu na zg\u0142oszenie do 70 m2 DREWNIANY M265\" \/>\n<meta property=\"og:description\" content=\"Dom bez pozwolenia!! Witaj. Zapraszamy do zapoznania si\u0119 z nasz\u0105 ofert\u0105 projektu wolnostoj\u0105cego budynku mieszkalnego jednorodzinnego w technologii szkieletowej drewnianej z mo\u017cliwo\u015bci\u0105 wybudowania bez konieczno\u015bci uzyskania pozwolenia na budow\u0119. Ofert\u0119 stanowi projekt domu mieszkalnego jednorodzinnego \u201eM265\u201d na procedur\u0119 zg\u0142oszenia. Projekt&hellip;\" \/>\n<meta property=\"og:url\" content=\"https:\/\/domnazgloszenie.pl\/index.php\/product\/projekt-domu-na-zgloszenie-do-70-m2-drewniany-m265\/\" \/>\n<meta property=\"og:site_name\" content=\"Dom na Zg\u0142oszenie\" \/>\n<meta property=\"article:publisher\" content=\"https:\/\/www.facebook.com\/domnazgloszenie\" \/>\n<meta property=\"article:modified_time\" content=\"2026-03-10T13:46:06+00:00\" \/>\n<meta property=\"og:image\" content=\"https:\/\/domnazgloszenie.pl\/wp-content\/uploads\/2026\/03\/M256_V1-1024x611.png\" \/>\n\t<meta property=\"og:image:width\" content=\"1024\" \/>\n\t<meta property=\"og:image:height\" content=\"611\" \/>\n\t<meta property=\"og:image:type\" content=\"image\/png\" \/>\n<meta name=\"twitter:card\" content=\"summary_large_image\" \/>\n<meta name=\"twitter:site\" content=\"@domnazgloszenie\" \/>\n<meta name=\"twitter:label1\" content=\"Szacowany czas czytania\" \/>\n\t<meta name=\"twitter:data1\" content=\"2 minuty\" \/>\n<script type=\"application\/ld+json\" class=\"yoast-schema-graph\">{\"@context\":\"https:\/\/schema.org\",\"@graph\":[{\"@type\":\"WebPage\",\"@id\":\"https:\/\/domnazgloszenie.pl\/index.php\/product\/projekt-domu-na-zgloszenie-do-70-m2-drewniany-m265\/\",\"url\":\"https:\/\/domnazgloszenie.pl\/index.php\/product\/projekt-domu-na-zgloszenie-do-70-m2-drewniany-m265\/\",\"name\":\"Projekt domu na zg\u0142oszenie do 70 m2 DREWNIANY M265 - Dom na Zg\u0142oszenie\",\"isPartOf\":{\"@id\":\"https:\/\/domnazgloszenie.pl\/#website\"},\"primaryImageOfPage\":{\"@id\":\"https:\/\/domnazgloszenie.pl\/index.php\/product\/projekt-domu-na-zgloszenie-do-70-m2-drewniany-m265\/#primaryimage\"},\"image\":{\"@id\":\"https:\/\/domnazgloszenie.pl\/index.php\/product\/projekt-domu-na-zgloszenie-do-70-m2-drewniany-m265\/#primaryimage\"},\"thumbnailUrl\":\"https:\/\/domnazgloszenie.pl\/wp-content\/uploads\/2026\/03\/M256_V1.png\",\"datePublished\":\"2026-03-10T13:45:37+00:00\",\"dateModified\":\"2026-03-10T13:46:06+00:00\",\"breadcrumb\":{\"@id\":\"https:\/\/domnazgloszenie.pl\/index.php\/product\/projekt-domu-na-zgloszenie-do-70-m2-drewniany-m265\/#breadcrumb\"},\"inLanguage\":\"pl-PL\",\"potentialAction\":[{\"@type\":\"ReadAction\",\"target\":[\"https:\/\/domnazgloszenie.pl\/index.php\/product\/projekt-domu-na-zgloszenie-do-70-m2-drewniany-m265\/\"]}]},{\"@type\":\"ImageObject\",\"inLanguage\":\"pl-PL\",\"@id\":\"https:\/\/domnazgloszenie.pl\/index.php\/product\/projekt-domu-na-zgloszenie-do-70-m2-drewniany-m265\/#primaryimage\",\"url\":\"https:\/\/domnazgloszenie.pl\/wp-content\/uploads\/2026\/03\/M256_V1.png\",\"contentUrl\":\"https:\/\/domnazgloszenie.pl\/wp-content\/uploads\/2026\/03\/M256_V1.png\",\"width\":2560,\"height\":1528},{\"@type\":\"BreadcrumbList\",\"@id\":\"https:\/\/domnazgloszenie.pl\/index.php\/product\/projekt-domu-na-zgloszenie-do-70-m2-drewniany-m265\/#breadcrumb\",\"itemListElement\":[{\"@type\":\"ListItem\",\"position\":1,\"name\":\"Strona g\u0142\u00f3wna\",\"item\":\"https:\/\/domnazgloszenie.pl\/\"},{\"@type\":\"ListItem\",\"position\":2,\"name\":\"SKLEP\",\"item\":\"https:\/\/domnazgloszenie.pl\/index.php\/sklep\/\"},{\"@type\":\"ListItem\",\"position\":3,\"name\":\"Projekt domu na zg\u0142oszenie do 70 m2 DREWNIANY M265\"}]},{\"@type\":\"WebSite\",\"@id\":\"https:\/\/domnazgloszenie.pl\/#website\",\"url\":\"https:\/\/domnazgloszenie.pl\/\",\"name\":\"Dom na Zg\u0142oszenie\",\"description\":\"Projekty dom\u00f3w na zg\u0142oszenie do 35m2\",\"publisher\":{\"@id\":\"https:\/\/domnazgloszenie.pl\/#organization\"},\"potentialAction\":[{\"@type\":\"SearchAction\",\"target\":{\"@type\":\"EntryPoint\",\"urlTemplate\":\"https:\/\/domnazgloszenie.pl\/?s={search_term_string}\"},\"query-input\":{\"@type\":\"PropertyValueSpecification\",\"valueRequired\":true,\"valueName\":\"search_term_string\"}}],\"inLanguage\":\"pl-PL\"},{\"@type\":[\"Organization\",\"Place\"],\"@id\":\"https:\/\/domnazgloszenie.pl\/#organization\",\"name\":\"Dom na zg\u0142oszenie\",\"url\":\"https:\/\/domnazgloszenie.pl\/\",\"logo\":{\"@id\":\"https:\/\/domnazgloszenie.pl\/index.php\/product\/projekt-domu-na-zgloszenie-do-70-m2-drewniany-m265\/#local-main-organization-logo\"},\"image\":{\"@id\":\"https:\/\/domnazgloszenie.pl\/index.php\/product\/projekt-domu-na-zgloszenie-do-70-m2-drewniany-m265\/#local-main-organization-logo\"},\"sameAs\":[\"https:\/\/www.facebook.com\/domnazgloszenie\",\"https:\/\/x.com\/domnazgloszenie\",\"https:\/\/www.instagram.com\/dom_na_zgloszenie\/\",\"https:\/\/www.tiktok.com\/@domnazgloszenie\",\"https:\/\/pinterest.com\/domnazgloszenie\/\",\"https:\/\/www.behance.net\/domnazgloszenie\"],\"openingHoursSpecification\":[{\"@type\":\"OpeningHoursSpecification\",\"dayOfWeek\":[\"Monday\",\"Tuesday\",\"Wednesday\",\"Thursday\",\"Friday\",\"Saturday\",\"Sunday\"],\"opens\":\"09:00\",\"closes\":\"17:00\"}]},{\"@type\":\"ImageObject\",\"inLanguage\":\"pl-PL\",\"@id\":\"https:\/\/domnazgloszenie.pl\/index.php\/product\/projekt-domu-na-zgloszenie-do-70-m2-drewniany-m265\/#local-main-organization-logo\",\"url\":\"https:\/\/domnazgloszenie.pl\/wp-content\/uploads\/2021\/10\/DOM-NA-ZGLOSZENIE-01.png\",\"contentUrl\":\"https:\/\/domnazgloszenie.pl\/wp-content\/uploads\/2021\/10\/DOM-NA-ZGLOSZENIE-01.png\",\"width\":1000,\"height\":1000,\"caption\":\"Dom na zg\u0142oszenie\"}]}<\/script>\n<!-- \/ Yoast SEO Premium plugin. -->","yoast_head_json":{"title":"Projekt domu na zg\u0142oszenie do 70 m2 DREWNIANY M265 - Dom na Zg\u0142oszenie","robots":{"index":"index","follow":"follow","max-snippet":"max-snippet:-1","max-image-preview":"max-image-preview:large","max-video-preview":"max-video-preview:-1"},"canonical":"https:\/\/domnazgloszenie.pl\/index.php\/product\/projekt-domu-na-zgloszenie-do-70-m2-drewniany-m265\/","og_locale":"pl_PL","og_type":"article","og_title":"Projekt domu na zg\u0142oszenie do 70 m2 DREWNIANY M265","og_description":"Dom bez pozwolenia!! Witaj. Zapraszamy do zapoznania si\u0119 z nasz\u0105 ofert\u0105 projektu wolnostoj\u0105cego budynku mieszkalnego jednorodzinnego w technologii szkieletowej drewnianej z mo\u017cliwo\u015bci\u0105 wybudowania bez konieczno\u015bci uzyskania pozwolenia na budow\u0119. Ofert\u0119 stanowi projekt domu mieszkalnego jednorodzinnego \u201eM265\u201d na procedur\u0119 zg\u0142oszenia. Projekt&hellip;","og_url":"https:\/\/domnazgloszenie.pl\/index.php\/product\/projekt-domu-na-zgloszenie-do-70-m2-drewniany-m265\/","og_site_name":"Dom na Zg\u0142oszenie","article_publisher":"https:\/\/www.facebook.com\/domnazgloszenie","article_modified_time":"2026-03-10T13:46:06+00:00","og_image":[{"width":1024,"height":611,"url":"https:\/\/domnazgloszenie.pl\/wp-content\/uploads\/2026\/03\/M256_V1-1024x611.png","type":"image\/png"}],"twitter_card":"summary_large_image","twitter_site":"@domnazgloszenie","twitter_misc":{"Szacowany czas czytania":"2 minuty"},"schema":{"@context":"https:\/\/schema.org","@graph":[{"@type":"WebPage","@id":"https:\/\/domnazgloszenie.pl\/index.php\/product\/projekt-domu-na-zgloszenie-do-70-m2-drewniany-m265\/","url":"https:\/\/domnazgloszenie.pl\/index.php\/product\/projekt-domu-na-zgloszenie-do-70-m2-drewniany-m265\/","name":"Projekt domu na zg\u0142oszenie do 70 m2 DREWNIANY M265 - Dom na Zg\u0142oszenie","isPartOf":{"@id":"https:\/\/domnazgloszenie.pl\/#website"},"primaryImageOfPage":{"@id":"https:\/\/domnazgloszenie.pl\/index.php\/product\/projekt-domu-na-zgloszenie-do-70-m2-drewniany-m265\/#primaryimage"},"image":{"@id":"https:\/\/domnazgloszenie.pl\/index.php\/product\/projekt-domu-na-zgloszenie-do-70-m2-drewniany-m265\/#primaryimage"},"thumbnailUrl":"https:\/\/domnazgloszenie.pl\/wp-content\/uploads\/2026\/03\/M256_V1.png","datePublished":"2026-03-10T13:45:37+00:00","dateModified":"2026-03-10T13:46:06+00:00","breadcrumb":{"@id":"https:\/\/domnazgloszenie.pl\/index.php\/product\/projekt-domu-na-zgloszenie-do-70-m2-drewniany-m265\/#breadcrumb"},"inLanguage":"pl-PL","potentialAction":[{"@type":"ReadAction","target":["https:\/\/domnazgloszenie.pl\/index.php\/product\/projekt-domu-na-zgloszenie-do-70-m2-drewniany-m265\/"]}]},{"@type":"ImageObject","inLanguage":"pl-PL","@id":"https:\/\/domnazgloszenie.pl\/index.php\/product\/projekt-domu-na-zgloszenie-do-70-m2-drewniany-m265\/#primaryimage","url":"https:\/\/domnazgloszenie.pl\/wp-content\/uploads\/2026\/03\/M256_V1.png","contentUrl":"https:\/\/domnazgloszenie.pl\/wp-content\/uploads\/2026\/03\/M256_V1.png","width":2560,"height":1528},{"@type":"BreadcrumbList","@id":"https:\/\/domnazgloszenie.pl\/index.php\/product\/projekt-domu-na-zgloszenie-do-70-m2-drewniany-m265\/#breadcrumb","itemListElement":[{"@type":"ListItem","position":1,"name":"Strona g\u0142\u00f3wna","item":"https:\/\/domnazgloszenie.pl\/"},{"@type":"ListItem","position":2,"name":"SKLEP","item":"https:\/\/domnazgloszenie.pl\/index.php\/sklep\/"},{"@type":"ListItem","position":3,"name":"Projekt domu na zg\u0142oszenie do 70 m2 DREWNIANY M265"}]},{"@type":"WebSite","@id":"https:\/\/domnazgloszenie.pl\/#website","url":"https:\/\/domnazgloszenie.pl\/","name":"Dom na Zg\u0142oszenie","description":"Projekty dom\u00f3w na zg\u0142oszenie do 35m2","publisher":{"@id":"https:\/\/domnazgloszenie.pl\/#organization"},"potentialAction":[{"@type":"SearchAction","target":{"@type":"EntryPoint","urlTemplate":"https:\/\/domnazgloszenie.pl\/?s={search_term_string}"},"query-input":{"@type":"PropertyValueSpecification","valueRequired":true,"valueName":"search_term_string"}}],"inLanguage":"pl-PL"},{"@type":["Organization","Place"],"@id":"https:\/\/domnazgloszenie.pl\/#organization","name":"Dom na zg\u0142oszenie","url":"https:\/\/domnazgloszenie.pl\/","logo":{"@id":"https:\/\/domnazgloszenie.pl\/index.php\/product\/projekt-domu-na-zgloszenie-do-70-m2-drewniany-m265\/#local-main-organization-logo"},"image":{"@id":"https:\/\/domnazgloszenie.pl\/index.php\/product\/projekt-domu-na-zgloszenie-do-70-m2-drewniany-m265\/#local-main-organization-logo"},"sameAs":["https:\/\/www.facebook.com\/domnazgloszenie","https:\/\/x.com\/domnazgloszenie","https:\/\/www.instagram.com\/dom_na_zgloszenie\/","https:\/\/www.tiktok.com\/@domnazgloszenie","https:\/\/pinterest.com\/domnazgloszenie\/","https:\/\/www.behance.net\/domnazgloszenie"],"openingHoursSpecification":[{"@type":"OpeningHoursSpecification","dayOfWeek":["Monday","Tuesday","Wednesday","Thursday","Friday","Saturday","Sunday"],"opens":"09:00","closes":"17:00"}]},{"@type":"ImageObject","inLanguage":"pl-PL","@id":"https:\/\/domnazgloszenie.pl\/index.php\/product\/projekt-domu-na-zgloszenie-do-70-m2-drewniany-m265\/#local-main-organization-logo","url":"https:\/\/domnazgloszenie.pl\/wp-content\/uploads\/2021\/10\/DOM-NA-ZGLOSZENIE-01.png","contentUrl":"https:\/\/domnazgloszenie.pl\/wp-content\/uploads\/2021\/10\/DOM-NA-ZGLOSZENIE-01.png","width":1000,"height":1000,"caption":"Dom na zg\u0142oszenie"}]}},"jetpack_sharing_enabled":true,"_links":{"self":[{"href":"https:\/\/domnazgloszenie.pl\/index.php\/wp-json\/wp\/v2\/product\/1076","targetHints":{"allow":["GET"]}}],"collection":[{"href":"https:\/\/domnazgloszenie.pl\/index.php\/wp-json\/wp\/v2\/product"}],"about":[{"href":"https:\/\/domnazgloszenie.pl\/index.php\/wp-json\/wp\/v2\/types\/product"}],"replies":[{"embeddable":true,"href":"https:\/\/domnazgloszenie.pl\/index.php\/wp-json\/wp\/v2\/comments?post=1076"}],"wp:featuredmedia":[{"embeddable":true,"href":"https:\/\/domnazgloszenie.pl\/index.php\/wp-json\/wp\/v2\/media\/1077"}],"wp:attachment":[{"href":"https:\/\/domnazgloszenie.pl\/index.php\/wp-json\/wp\/v2\/media?parent=1076"}],"wp:term":[{"taxonomy":"product_brand","embeddable":true,"href":"https:\/\/domnazgloszenie.pl\/index.php\/wp-json\/wp\/v2\/product_brand?post=1076"},{"taxonomy":"product_cat","embeddable":true,"href":"https:\/\/domnazgloszenie.pl\/index.php\/wp-json\/wp\/v2\/product_cat?post=1076"},{"taxonomy":"product_tag","embeddable":true,"href":"https:\/\/domnazgloszenie.pl\/index.php\/wp-json\/wp\/v2\/product_tag?post=1076"}],"curies":[{"name":"wp","href":"https:\/\/api.w.org\/{rel}","templated":true}]}}