{"id":279,"date":"2020-03-08T22:20:12","date_gmt":"2020-03-08T21:20:12","guid":{"rendered":"http:\/\/domnazgloszenie.pl\/?post_type=product&#038;p=279"},"modified":"2023-02-20T22:34:39","modified_gmt":"2023-02-20T21:34:39","slug":"projekt-r03","status":"publish","type":"product","link":"https:\/\/domnazgloszenie.pl\/index.php\/product\/projekt-r03\/","title":{"rendered":"Projekt domu R03"},"content":{"rendered":"<p><b>OPIS PROJEKTU<\/b><\/p>\n<p>Wersja podstawowa w technologii drewnianej &#8211; szkieletowej.<\/p>\n<p><b>Projekt R03 <\/b>jest nowoczesny domek pi\u0119trowym z dachem dwuspadowym o koncie nachylenia 40\u00b0. Wej\u015bcie do budynku z ogrodzonego tarasu kt\u00f3ry otacza \u015bcian\u0119 frontow\u0105 budynku oraz boczn\u0105 dzi\u0119ki czemu zyskujemy cenn\u0105 powierzchni\u0119 do zagospodarowania. Parter o \u0142\u0105cznej powierzchni u\u017cytkowej 22,72m2. Lewa cz\u0119\u015b\u0107 budynku to przestronny salon w kszta\u0142cie prostok\u0105ta po przeciwnej stronie znajduje si\u0119 kuchnia zamkni\u0119ta, oraz \u0142azienka z toalet\u0105, umywalk\u0105 i kabin\u0105 prysznicow\u0105. Poddasze w dw\u00f3ch wariantach do wyboru, z toalet\u0105 lub bez. Na pi\u0119trze usytuowane mamy po przeciwnej stronie dwie sypialnie, kt\u00f3re oddzielone s\u0105 ci\u0105giem komunikacyjnym i schodami. Jedna z sypialni posiada taras.<\/p>\n<p><b>Parter 22,72m2:<\/b><\/p>\n<p>Aneks Kuchenny: 4.29m2<\/p>\n<p>Salon : 15.21m2<\/p>\n<p>\u0141azienka: 3.22m2<\/p>\n<p><b>Poddasze wersja I 9.46m2:<\/b><\/p>\n<p>Pok\u00f3j I: 4.13m2<\/p>\n<p>Pok\u00f3j II: 4.13m2<\/p>\n<p>Komunikacja: 0.81m2<\/p>\n<p><b>Poddasze wersja II 9.46m2:<\/b><\/p>\n<p>Pok\u00f3j I: 4.13m2<\/p>\n<p>Pok\u00f3j II: 4.13m2<\/p>\n<p>\u0141azienka: 0.39m2<\/p>\n<p>Komunikacja: 0.81m2<\/p>\n<p>Powierzchnia u\u017cytkowa: 32.18m2<\/p>\n<p>Powierzchnia zabudowy: 24m2<\/p>\n<p>K\u0105t nachylenia dachu: 40\u00b0<\/p>\n<p>Ilo\u015b\u0107 pokoi parter: 3<\/p>\n<p>Typ domu : drewniany<\/p>\n<p><b>PROPOZYCJE MATERIA\u0141OWE<\/b><\/p>\n<p>\u015aCIANY: szkielet drewniany<\/p>\n<p>STROP: drewniany, wi\u0105zary<\/p>\n<p>DACH: dach\u00f3wka<\/p>\n","protected":false},"excerpt":{"rendered":"<p><b>Projekt R03 <\/b>jest nowoczesny domek pi\u0119trowym z dachem dwuspadowym o koncie nachylenia 40\u00b0. Wej\u015bcie do budynku z ogrodzonego tarasu kt\u00f3ry otacza \u015bcian\u0119 frontow\u0105 budynku oraz boczn\u0105 dzi\u0119ki czemu zyskujemy cenn\u0105 powierzchni\u0119 do zagospodarowania. Parter o \u0142\u0105cznej powierzchni u\u017cytkowej 22,72m2.<\/p>\n","protected":false},"featured_media":283,"comment_status":"open","ping_status":"closed","template":"","meta":{"_monsterinsights_skip_tracking":false,"_monsterinsights_sitenote_active":false,"_monsterinsights_sitenote_note":"","_monsterinsights_sitenote_category":0},"product_brand":[],"product_cat":[25],"product_tag":[37,38],"class_list":{"0":"post-279","1":"product","2":"type-product","3":"status-publish","4":"has-post-thumbnail","6":"product_cat-na-pozwolenie","7":"product_tag-dom-na-pozwolenie","8":"product_tag-projekt-typowy","10":"first","11":"outofstock","12":"sale","13":"taxable","14":"shipping-taxable","15":"purchasable","16":"product-type-simple"},"yoast_head":"<!-- This site is optimized with the Yoast SEO Premium plugin v19.3 (Yoast SEO v26.8) - https:\/\/yoast.com\/product\/yoast-seo-premium-wordpress\/ -->\n<title>Projekt domu R03 - Dom na Zg\u0142oszenie<\/title>\n<meta name=\"robots\" content=\"index, follow, max-snippet:-1, max-image-preview:large, max-video-preview:-1\" \/>\n<link rel=\"canonical\" href=\"https:\/\/domnazgloszenie.pl\/index.php\/product\/projekt-r03\/\" \/>\n<meta property=\"og:locale\" content=\"pl_PL\" \/>\n<meta property=\"og:type\" content=\"article\" \/>\n<meta property=\"og:title\" content=\"Projekt domu R03\" \/>\n<meta property=\"og:description\" content=\"Projekt R03 jest nowoczesny domek pi\u0119trowym z dachem dwuspadowym o koncie nachylenia 40\u00b0. Wej\u015bcie do budynku z ogrodzonego tarasu kt\u00f3ry otacza \u015bcian\u0119 frontow\u0105 budynku oraz boczn\u0105 dzi\u0119ki czemu zyskujemy cenn\u0105 powierzchni\u0119 do zagospodarowania. Parter o \u0142\u0105cznej powierzchni u\u017cytkowej 22,72m2.\" \/>\n<meta property=\"og:url\" content=\"https:\/\/domnazgloszenie.pl\/index.php\/product\/projekt-r03\/\" \/>\n<meta property=\"og:site_name\" content=\"Dom na Zg\u0142oszenie\" \/>\n<meta property=\"article:publisher\" content=\"https:\/\/www.facebook.com\/domnazgloszenie\" \/>\n<meta property=\"article:modified_time\" content=\"2023-02-20T21:34:39+00:00\" \/>\n<meta property=\"og:image\" content=\"https:\/\/domnazgloszenie.pl\/wp-content\/uploads\/2020\/03\/PROJEKT-BUDYNKU-REKREACYJNEGO-R03-1.jpg\" \/>\n\t<meta property=\"og:image:width\" content=\"2100\" \/>\n\t<meta property=\"og:image:height\" content=\"1181\" \/>\n\t<meta property=\"og:image:type\" content=\"image\/jpeg\" \/>\n<meta name=\"twitter:card\" content=\"summary_large_image\" \/>\n<meta name=\"twitter:site\" content=\"@domnazgloszenie\" \/>\n<meta name=\"twitter:label1\" content=\"Szacowany czas czytania\" \/>\n\t<meta name=\"twitter:data1\" content=\"1 minuta\" \/>\n<script type=\"application\/ld+json\" class=\"yoast-schema-graph\">{\"@context\":\"https:\/\/schema.org\",\"@graph\":[{\"@type\":\"WebPage\",\"@id\":\"https:\/\/domnazgloszenie.pl\/index.php\/product\/projekt-r03\/\",\"url\":\"https:\/\/domnazgloszenie.pl\/index.php\/product\/projekt-r03\/\",\"name\":\"Projekt domu R03 - Dom na Zg\u0142oszenie\",\"isPartOf\":{\"@id\":\"https:\/\/domnazgloszenie.pl\/#website\"},\"primaryImageOfPage\":{\"@id\":\"https:\/\/domnazgloszenie.pl\/index.php\/product\/projekt-r03\/#primaryimage\"},\"image\":{\"@id\":\"https:\/\/domnazgloszenie.pl\/index.php\/product\/projekt-r03\/#primaryimage\"},\"thumbnailUrl\":\"https:\/\/domnazgloszenie.pl\/wp-content\/uploads\/2020\/03\/PROJEKT-BUDYNKU-REKREACYJNEGO-R03-1.jpg\",\"datePublished\":\"2020-03-08T21:20:12+00:00\",\"dateModified\":\"2023-02-20T21:34:39+00:00\",\"breadcrumb\":{\"@id\":\"https:\/\/domnazgloszenie.pl\/index.php\/product\/projekt-r03\/#breadcrumb\"},\"inLanguage\":\"pl-PL\",\"potentialAction\":[{\"@type\":\"ReadAction\",\"target\":[\"https:\/\/domnazgloszenie.pl\/index.php\/product\/projekt-r03\/\"]}]},{\"@type\":\"ImageObject\",\"inLanguage\":\"pl-PL\",\"@id\":\"https:\/\/domnazgloszenie.pl\/index.php\/product\/projekt-r03\/#primaryimage\",\"url\":\"https:\/\/domnazgloszenie.pl\/wp-content\/uploads\/2020\/03\/PROJEKT-BUDYNKU-REKREACYJNEGO-R03-1.jpg\",\"contentUrl\":\"https:\/\/domnazgloszenie.pl\/wp-content\/uploads\/2020\/03\/PROJEKT-BUDYNKU-REKREACYJNEGO-R03-1.jpg\",\"width\":2100,\"height\":1181},{\"@type\":\"BreadcrumbList\",\"@id\":\"https:\/\/domnazgloszenie.pl\/index.php\/product\/projekt-r03\/#breadcrumb\",\"itemListElement\":[{\"@type\":\"ListItem\",\"position\":1,\"name\":\"Strona g\u0142\u00f3wna\",\"item\":\"https:\/\/domnazgloszenie.pl\/\"},{\"@type\":\"ListItem\",\"position\":2,\"name\":\"SKLEP\",\"item\":\"https:\/\/domnazgloszenie.pl\/index.php\/sklep\/\"},{\"@type\":\"ListItem\",\"position\":3,\"name\":\"Projekt domu R03\"}]},{\"@type\":\"WebSite\",\"@id\":\"https:\/\/domnazgloszenie.pl\/#website\",\"url\":\"https:\/\/domnazgloszenie.pl\/\",\"name\":\"Dom na Zg\u0142oszenie\",\"description\":\"Projekty dom\u00f3w na zg\u0142oszenie do 35m2\",\"publisher\":{\"@id\":\"https:\/\/domnazgloszenie.pl\/#organization\"},\"potentialAction\":[{\"@type\":\"SearchAction\",\"target\":{\"@type\":\"EntryPoint\",\"urlTemplate\":\"https:\/\/domnazgloszenie.pl\/?s={search_term_string}\"},\"query-input\":{\"@type\":\"PropertyValueSpecification\",\"valueRequired\":true,\"valueName\":\"search_term_string\"}}],\"inLanguage\":\"pl-PL\"},{\"@type\":[\"Organization\",\"Place\"],\"@id\":\"https:\/\/domnazgloszenie.pl\/#organization\",\"name\":\"Dom na zg\u0142oszenie\",\"url\":\"https:\/\/domnazgloszenie.pl\/\",\"logo\":{\"@id\":\"https:\/\/domnazgloszenie.pl\/index.php\/product\/projekt-r03\/#local-main-organization-logo\"},\"image\":{\"@id\":\"https:\/\/domnazgloszenie.pl\/index.php\/product\/projekt-r03\/#local-main-organization-logo\"},\"sameAs\":[\"https:\/\/www.facebook.com\/domnazgloszenie\",\"https:\/\/x.com\/domnazgloszenie\",\"https:\/\/www.instagram.com\/dom_na_zgloszenie\/\",\"https:\/\/www.tiktok.com\/@domnazgloszenie\",\"https:\/\/pinterest.com\/domnazgloszenie\/\",\"https:\/\/www.behance.net\/domnazgloszenie\"],\"openingHoursSpecification\":[{\"@type\":\"OpeningHoursSpecification\",\"dayOfWeek\":[\"Monday\",\"Tuesday\",\"Wednesday\",\"Thursday\",\"Friday\",\"Saturday\",\"Sunday\"],\"opens\":\"09:00\",\"closes\":\"17:00\"}]},{\"@type\":\"ImageObject\",\"inLanguage\":\"pl-PL\",\"@id\":\"https:\/\/domnazgloszenie.pl\/index.php\/product\/projekt-r03\/#local-main-organization-logo\",\"url\":\"https:\/\/domnazgloszenie.pl\/wp-content\/uploads\/2021\/10\/DOM-NA-ZGLOSZENIE-01.png\",\"contentUrl\":\"https:\/\/domnazgloszenie.pl\/wp-content\/uploads\/2021\/10\/DOM-NA-ZGLOSZENIE-01.png\",\"width\":1000,\"height\":1000,\"caption\":\"Dom na zg\u0142oszenie\"}]}<\/script>\n<!-- \/ Yoast SEO Premium plugin. -->","yoast_head_json":{"title":"Projekt domu R03 - Dom na Zg\u0142oszenie","robots":{"index":"index","follow":"follow","max-snippet":"max-snippet:-1","max-image-preview":"max-image-preview:large","max-video-preview":"max-video-preview:-1"},"canonical":"https:\/\/domnazgloszenie.pl\/index.php\/product\/projekt-r03\/","og_locale":"pl_PL","og_type":"article","og_title":"Projekt domu R03","og_description":"Projekt R03 jest nowoczesny domek pi\u0119trowym z dachem dwuspadowym o koncie nachylenia 40\u00b0. Wej\u015bcie do budynku z ogrodzonego tarasu kt\u00f3ry otacza \u015bcian\u0119 frontow\u0105 budynku oraz boczn\u0105 dzi\u0119ki czemu zyskujemy cenn\u0105 powierzchni\u0119 do zagospodarowania. Parter o \u0142\u0105cznej powierzchni u\u017cytkowej 22,72m2.","og_url":"https:\/\/domnazgloszenie.pl\/index.php\/product\/projekt-r03\/","og_site_name":"Dom na Zg\u0142oszenie","article_publisher":"https:\/\/www.facebook.com\/domnazgloszenie","article_modified_time":"2023-02-20T21:34:39+00:00","og_image":[{"width":2100,"height":1181,"url":"https:\/\/domnazgloszenie.pl\/wp-content\/uploads\/2020\/03\/PROJEKT-BUDYNKU-REKREACYJNEGO-R03-1.jpg","type":"image\/jpeg"}],"twitter_card":"summary_large_image","twitter_site":"@domnazgloszenie","twitter_misc":{"Szacowany czas czytania":"1 minuta"},"schema":{"@context":"https:\/\/schema.org","@graph":[{"@type":"WebPage","@id":"https:\/\/domnazgloszenie.pl\/index.php\/product\/projekt-r03\/","url":"https:\/\/domnazgloszenie.pl\/index.php\/product\/projekt-r03\/","name":"Projekt domu R03 - Dom na Zg\u0142oszenie","isPartOf":{"@id":"https:\/\/domnazgloszenie.pl\/#website"},"primaryImageOfPage":{"@id":"https:\/\/domnazgloszenie.pl\/index.php\/product\/projekt-r03\/#primaryimage"},"image":{"@id":"https:\/\/domnazgloszenie.pl\/index.php\/product\/projekt-r03\/#primaryimage"},"thumbnailUrl":"https:\/\/domnazgloszenie.pl\/wp-content\/uploads\/2020\/03\/PROJEKT-BUDYNKU-REKREACYJNEGO-R03-1.jpg","datePublished":"2020-03-08T21:20:12+00:00","dateModified":"2023-02-20T21:34:39+00:00","breadcrumb":{"@id":"https:\/\/domnazgloszenie.pl\/index.php\/product\/projekt-r03\/#breadcrumb"},"inLanguage":"pl-PL","potentialAction":[{"@type":"ReadAction","target":["https:\/\/domnazgloszenie.pl\/index.php\/product\/projekt-r03\/"]}]},{"@type":"ImageObject","inLanguage":"pl-PL","@id":"https:\/\/domnazgloszenie.pl\/index.php\/product\/projekt-r03\/#primaryimage","url":"https:\/\/domnazgloszenie.pl\/wp-content\/uploads\/2020\/03\/PROJEKT-BUDYNKU-REKREACYJNEGO-R03-1.jpg","contentUrl":"https:\/\/domnazgloszenie.pl\/wp-content\/uploads\/2020\/03\/PROJEKT-BUDYNKU-REKREACYJNEGO-R03-1.jpg","width":2100,"height":1181},{"@type":"BreadcrumbList","@id":"https:\/\/domnazgloszenie.pl\/index.php\/product\/projekt-r03\/#breadcrumb","itemListElement":[{"@type":"ListItem","position":1,"name":"Strona g\u0142\u00f3wna","item":"https:\/\/domnazgloszenie.pl\/"},{"@type":"ListItem","position":2,"name":"SKLEP","item":"https:\/\/domnazgloszenie.pl\/index.php\/sklep\/"},{"@type":"ListItem","position":3,"name":"Projekt domu R03"}]},{"@type":"WebSite","@id":"https:\/\/domnazgloszenie.pl\/#website","url":"https:\/\/domnazgloszenie.pl\/","name":"Dom na Zg\u0142oszenie","description":"Projekty dom\u00f3w na zg\u0142oszenie do 35m2","publisher":{"@id":"https:\/\/domnazgloszenie.pl\/#organization"},"potentialAction":[{"@type":"SearchAction","target":{"@type":"EntryPoint","urlTemplate":"https:\/\/domnazgloszenie.pl\/?s={search_term_string}"},"query-input":{"@type":"PropertyValueSpecification","valueRequired":true,"valueName":"search_term_string"}}],"inLanguage":"pl-PL"},{"@type":["Organization","Place"],"@id":"https:\/\/domnazgloszenie.pl\/#organization","name":"Dom na zg\u0142oszenie","url":"https:\/\/domnazgloszenie.pl\/","logo":{"@id":"https:\/\/domnazgloszenie.pl\/index.php\/product\/projekt-r03\/#local-main-organization-logo"},"image":{"@id":"https:\/\/domnazgloszenie.pl\/index.php\/product\/projekt-r03\/#local-main-organization-logo"},"sameAs":["https:\/\/www.facebook.com\/domnazgloszenie","https:\/\/x.com\/domnazgloszenie","https:\/\/www.instagram.com\/dom_na_zgloszenie\/","https:\/\/www.tiktok.com\/@domnazgloszenie","https:\/\/pinterest.com\/domnazgloszenie\/","https:\/\/www.behance.net\/domnazgloszenie"],"openingHoursSpecification":[{"@type":"OpeningHoursSpecification","dayOfWeek":["Monday","Tuesday","Wednesday","Thursday","Friday","Saturday","Sunday"],"opens":"09:00","closes":"17:00"}]},{"@type":"ImageObject","inLanguage":"pl-PL","@id":"https:\/\/domnazgloszenie.pl\/index.php\/product\/projekt-r03\/#local-main-organization-logo","url":"https:\/\/domnazgloszenie.pl\/wp-content\/uploads\/2021\/10\/DOM-NA-ZGLOSZENIE-01.png","contentUrl":"https:\/\/domnazgloszenie.pl\/wp-content\/uploads\/2021\/10\/DOM-NA-ZGLOSZENIE-01.png","width":1000,"height":1000,"caption":"Dom na zg\u0142oszenie"}]}},"jetpack_sharing_enabled":true,"_links":{"self":[{"href":"https:\/\/domnazgloszenie.pl\/index.php\/wp-json\/wp\/v2\/product\/279","targetHints":{"allow":["GET"]}}],"collection":[{"href":"https:\/\/domnazgloszenie.pl\/index.php\/wp-json\/wp\/v2\/product"}],"about":[{"href":"https:\/\/domnazgloszenie.pl\/index.php\/wp-json\/wp\/v2\/types\/product"}],"replies":[{"embeddable":true,"href":"https:\/\/domnazgloszenie.pl\/index.php\/wp-json\/wp\/v2\/comments?post=279"}],"wp:featuredmedia":[{"embeddable":true,"href":"https:\/\/domnazgloszenie.pl\/index.php\/wp-json\/wp\/v2\/media\/283"}],"wp:attachment":[{"href":"https:\/\/domnazgloszenie.pl\/index.php\/wp-json\/wp\/v2\/media?parent=279"}],"wp:term":[{"taxonomy":"product_brand","embeddable":true,"href":"https:\/\/domnazgloszenie.pl\/index.php\/wp-json\/wp\/v2\/product_brand?post=279"},{"taxonomy":"product_cat","embeddable":true,"href":"https:\/\/domnazgloszenie.pl\/index.php\/wp-json\/wp\/v2\/product_cat?post=279"},{"taxonomy":"product_tag","embeddable":true,"href":"https:\/\/domnazgloszenie.pl\/index.php\/wp-json\/wp\/v2\/product_tag?post=279"}],"curies":[{"name":"wp","href":"https:\/\/api.w.org\/{rel}","templated":true}]}}