{"id":481,"date":"2020-06-14T16:33:12","date_gmt":"2020-06-14T14:33:12","guid":{"rendered":"http:\/\/domnazgloszenie.pl\/?post_type=product&#038;p=481"},"modified":"2023-02-20T22:46:05","modified_gmt":"2023-02-20T21:46:05","slug":"projekt-kiosku-zg26","status":"publish","type":"product","link":"https:\/\/domnazgloszenie.pl\/index.php\/product\/projekt-kiosku-zg26\/","title":{"rendered":"Projekt kiosku ZG26"},"content":{"rendered":"<h2 class=\"p1\"><span class=\"s1\">Projekt kiosku ZG26 &#8211; na zg\u0142oszenie (bez pozwolenia)<\/span><\/h2>\n<p class=\"p3\"><span class=\"s1\">Projekt ZG26 jest prostym i tanim w realizacji domem parterowym z dachem p\u0142askim. Na szybk\u0105 i ekonomiczn\u0105 budow\u0119 pozwoli prosta wsp\u00f3\u0142czesna bry\u0142a. Projekt ZG26 jest idealny dla os\u00f3b ceni\u0105cych prost\u0105 form\u0119 i przestronno\u015b\u0107.<\/span><\/p>\n<p class=\"p3\"><span class=\"s1\">Budynek nadaje si\u0119 np. na kiosk<\/span><\/p>\n<p class=\"p3\"><span class=\"s1\">Sprzedaj\u0119 projekt domu na zg\u0142oszenie, kt\u00f3ry nie wymaga Pozwolenia na budow\u0119.<\/span><\/p>\n<p class=\"p3\"><span class=\"s1\">Komplet projektu \u2013 1 egzemplarz \u2013 potrzebny do zg\u0142oszenia.<\/span><\/p>\n<p class=\"p3\"><span class=\"s1\">Dzi\u0119ki prostemu rozwi\u0105zaniu mo\u017cna wybudowa\u0107 taki domek za ok. 25 ty\u015b z\u0142 w stanie surowym &#8222;zamkni\u0119tym&#8221;.<\/span><\/p>\n<p class=\"p3\"><span class=\"s1\">Istnieje mo\u017cliwo\u015b\u0107 przeprojektowania na inn\u0105 technologi\u0119 np. drewnian\u0105 (oferta dost\u0119pna mailowo).<\/span><\/p>\n<p class=\"p3\"><span class=\"s1\">Istnieje mo\u017cliwo\u015b\u0107 przeprojektowania budynku pod wzgl\u0119dem gabaryt\u00f3w (szeroko\u015bci, d\u0142ugo\u015bci) i\/lub k\u0105ta nachylenia dachu itd (oferta dost\u0119pna mailowo).<\/span><\/p>\n<p><strong>Dom parterowy z p\u0142askim dachem 35 m2 (5m*7m)<\/strong><strong><u><br \/>\n<\/u><\/strong>Powierzchnia domu \u0142\u0105cznie: <strong>27,87 m2<\/strong><\/p>\n<p>Parter:<br \/>\nSalon z aneksem kuchennym: 16,92 m2<br \/>\nPok\u00f3j: 7,95 m2<br \/>\n\u0141azienka: 3 m2<br \/>\n<strong>Razem: 27,87 m2<\/strong><\/p>\n<p>&nbsp;<\/p>\n","protected":false},"excerpt":{"rendered":"<p><span class=\"s1\">Projekt ZG26 jest prostym i tanim w realizacji domem parterowym z dachem p\u0142askim. Na szybk\u0105 i ekonomiczn\u0105 budow\u0119 pozwoli prosta wsp\u00f3\u0142czesna bry\u0142a. Projekt ZG26 jest idealny dla os\u00f3b ceni\u0105cych prost\u0105 form\u0119 i przestronno\u015b\u0107.<\/span><\/p>\n","protected":false},"featured_media":482,"comment_status":"open","ping_status":"closed","template":"","meta":{"_monsterinsights_skip_tracking":false,"_monsterinsights_sitenote_active":false,"_monsterinsights_sitenote_note":"","_monsterinsights_sitenote_category":0},"product_brand":[],"product_cat":[26,24],"product_tag":[58,50,49,59,48,47,60,61],"class_list":{"0":"post-481","1":"product","2":"type-product","3":"status-publish","4":"has-post-thumbnail","6":"product_cat-budynki-do-35m2","7":"product_cat-na-zgloszenie","8":"product_tag-projekt","9":"product_tag-projekt-35-m","10":"product_tag-projekt-35-m2","11":"product_tag-projekt-kiosku","12":"product_tag-projekt-na-zgloszenie-35-m","13":"product_tag-projekt-na-zgloszenie-35-m2","14":"product_tag-projekt-pawilonu","15":"product_tag-projekt-pawilonu-handlowego","17":"first","18":"outofstock","19":"taxable","20":"shipping-taxable","21":"purchasable","22":"product-type-simple"},"yoast_head":"<!-- This site is optimized with the Yoast SEO Premium plugin v19.3 (Yoast SEO v26.8) - https:\/\/yoast.com\/product\/yoast-seo-premium-wordpress\/ -->\n<title>Projekt kiosku ZG26 - Dom na Zg\u0142oszenie<\/title>\n<meta name=\"robots\" content=\"index, follow, max-snippet:-1, max-image-preview:large, max-video-preview:-1\" \/>\n<link rel=\"canonical\" href=\"http:\/\/domnazgloszenie.pl\/index.php\/product\/projekt-kiosku-zg26\/\" \/>\n<meta property=\"og:locale\" content=\"pl_PL\" \/>\n<meta property=\"og:type\" content=\"article\" \/>\n<meta property=\"og:title\" content=\"Projekt kiosku ZG26\" \/>\n<meta property=\"og:description\" content=\"Projekt ZG26 jest prostym i tanim w realizacji domem parterowym z dachem p\u0142askim. Na szybk\u0105 i ekonomiczn\u0105 budow\u0119 pozwoli prosta wsp\u00f3\u0142czesna bry\u0142a. Projekt ZG26 jest idealny dla os\u00f3b ceni\u0105cych prost\u0105 form\u0119 i przestronno\u015b\u0107.\" \/>\n<meta property=\"og:url\" content=\"http:\/\/domnazgloszenie.pl\/index.php\/product\/projekt-kiosku-zg26\/\" \/>\n<meta property=\"og:site_name\" content=\"Dom na Zg\u0142oszenie\" \/>\n<meta property=\"article:publisher\" content=\"https:\/\/www.facebook.com\/domnazgloszenie\" \/>\n<meta property=\"article:modified_time\" content=\"2023-02-20T21:46:05+00:00\" \/>\n<meta property=\"og:image\" content=\"http:\/\/domnazgloszenie.pl\/wp-content\/uploads\/2020\/06\/1-16-scaled.jpg\" \/>\n\t<meta property=\"og:image:width\" content=\"2560\" \/>\n\t<meta property=\"og:image:height\" content=\"1440\" \/>\n\t<meta property=\"og:image:type\" content=\"image\/jpeg\" \/>\n<meta name=\"twitter:card\" content=\"summary_large_image\" \/>\n<meta name=\"twitter:site\" content=\"@domnazgloszenie\" \/>\n<meta name=\"twitter:label1\" content=\"Szacowany czas czytania\" \/>\n\t<meta name=\"twitter:data1\" content=\"1 minuta\" \/>\n<script type=\"application\/ld+json\" class=\"yoast-schema-graph\">{\"@context\":\"https:\/\/schema.org\",\"@graph\":[{\"@type\":\"WebPage\",\"@id\":\"http:\/\/domnazgloszenie.pl\/index.php\/product\/projekt-kiosku-zg26\/\",\"url\":\"http:\/\/domnazgloszenie.pl\/index.php\/product\/projekt-kiosku-zg26\/\",\"name\":\"Projekt kiosku ZG26 - Dom na Zg\u0142oszenie\",\"isPartOf\":{\"@id\":\"https:\/\/domnazgloszenie.pl\/#website\"},\"primaryImageOfPage\":{\"@id\":\"http:\/\/domnazgloszenie.pl\/index.php\/product\/projekt-kiosku-zg26\/#primaryimage\"},\"image\":{\"@id\":\"http:\/\/domnazgloszenie.pl\/index.php\/product\/projekt-kiosku-zg26\/#primaryimage\"},\"thumbnailUrl\":\"https:\/\/domnazgloszenie.pl\/wp-content\/uploads\/2020\/06\/1-16-scaled.jpg\",\"datePublished\":\"2020-06-14T14:33:12+00:00\",\"dateModified\":\"2023-02-20T21:46:05+00:00\",\"breadcrumb\":{\"@id\":\"http:\/\/domnazgloszenie.pl\/index.php\/product\/projekt-kiosku-zg26\/#breadcrumb\"},\"inLanguage\":\"pl-PL\",\"potentialAction\":[{\"@type\":\"ReadAction\",\"target\":[\"http:\/\/domnazgloszenie.pl\/index.php\/product\/projekt-kiosku-zg26\/\"]}]},{\"@type\":\"ImageObject\",\"inLanguage\":\"pl-PL\",\"@id\":\"http:\/\/domnazgloszenie.pl\/index.php\/product\/projekt-kiosku-zg26\/#primaryimage\",\"url\":\"https:\/\/domnazgloszenie.pl\/wp-content\/uploads\/2020\/06\/1-16-scaled.jpg\",\"contentUrl\":\"https:\/\/domnazgloszenie.pl\/wp-content\/uploads\/2020\/06\/1-16-scaled.jpg\",\"width\":2560,\"height\":1440},{\"@type\":\"BreadcrumbList\",\"@id\":\"http:\/\/domnazgloszenie.pl\/index.php\/product\/projekt-kiosku-zg26\/#breadcrumb\",\"itemListElement\":[{\"@type\":\"ListItem\",\"position\":1,\"name\":\"Strona g\u0142\u00f3wna\",\"item\":\"https:\/\/domnazgloszenie.pl\/\"},{\"@type\":\"ListItem\",\"position\":2,\"name\":\"SKLEP\",\"item\":\"https:\/\/domnazgloszenie.pl\/index.php\/sklep\/\"},{\"@type\":\"ListItem\",\"position\":3,\"name\":\"Projekt kiosku ZG26\"}]},{\"@type\":\"WebSite\",\"@id\":\"https:\/\/domnazgloszenie.pl\/#website\",\"url\":\"https:\/\/domnazgloszenie.pl\/\",\"name\":\"Dom na Zg\u0142oszenie\",\"description\":\"Projekty dom\u00f3w na zg\u0142oszenie do 35m2\",\"publisher\":{\"@id\":\"https:\/\/domnazgloszenie.pl\/#organization\"},\"potentialAction\":[{\"@type\":\"SearchAction\",\"target\":{\"@type\":\"EntryPoint\",\"urlTemplate\":\"https:\/\/domnazgloszenie.pl\/?s={search_term_string}\"},\"query-input\":{\"@type\":\"PropertyValueSpecification\",\"valueRequired\":true,\"valueName\":\"search_term_string\"}}],\"inLanguage\":\"pl-PL\"},{\"@type\":[\"Organization\",\"Place\"],\"@id\":\"https:\/\/domnazgloszenie.pl\/#organization\",\"name\":\"Dom na zg\u0142oszenie\",\"url\":\"https:\/\/domnazgloszenie.pl\/\",\"logo\":{\"@id\":\"http:\/\/domnazgloszenie.pl\/index.php\/product\/projekt-kiosku-zg26\/#local-main-organization-logo\"},\"image\":{\"@id\":\"http:\/\/domnazgloszenie.pl\/index.php\/product\/projekt-kiosku-zg26\/#local-main-organization-logo\"},\"sameAs\":[\"https:\/\/www.facebook.com\/domnazgloszenie\",\"https:\/\/x.com\/domnazgloszenie\",\"https:\/\/www.instagram.com\/dom_na_zgloszenie\/\",\"https:\/\/www.tiktok.com\/@domnazgloszenie\",\"https:\/\/pinterest.com\/domnazgloszenie\/\",\"https:\/\/www.behance.net\/domnazgloszenie\"],\"openingHoursSpecification\":[{\"@type\":\"OpeningHoursSpecification\",\"dayOfWeek\":[\"Monday\",\"Tuesday\",\"Wednesday\",\"Thursday\",\"Friday\",\"Saturday\",\"Sunday\"],\"opens\":\"09:00\",\"closes\":\"17:00\"}]},{\"@type\":\"ImageObject\",\"inLanguage\":\"pl-PL\",\"@id\":\"http:\/\/domnazgloszenie.pl\/index.php\/product\/projekt-kiosku-zg26\/#local-main-organization-logo\",\"url\":\"https:\/\/domnazgloszenie.pl\/wp-content\/uploads\/2021\/10\/DOM-NA-ZGLOSZENIE-01.png\",\"contentUrl\":\"https:\/\/domnazgloszenie.pl\/wp-content\/uploads\/2021\/10\/DOM-NA-ZGLOSZENIE-01.png\",\"width\":1000,\"height\":1000,\"caption\":\"Dom na zg\u0142oszenie\"}]}<\/script>\n<!-- \/ Yoast SEO Premium plugin. -->","yoast_head_json":{"title":"Projekt kiosku ZG26 - Dom na Zg\u0142oszenie","robots":{"index":"index","follow":"follow","max-snippet":"max-snippet:-1","max-image-preview":"max-image-preview:large","max-video-preview":"max-video-preview:-1"},"canonical":"http:\/\/domnazgloszenie.pl\/index.php\/product\/projekt-kiosku-zg26\/","og_locale":"pl_PL","og_type":"article","og_title":"Projekt kiosku ZG26","og_description":"Projekt ZG26 jest prostym i tanim w realizacji domem parterowym z dachem p\u0142askim. Na szybk\u0105 i ekonomiczn\u0105 budow\u0119 pozwoli prosta wsp\u00f3\u0142czesna bry\u0142a. Projekt ZG26 jest idealny dla os\u00f3b ceni\u0105cych prost\u0105 form\u0119 i przestronno\u015b\u0107.","og_url":"http:\/\/domnazgloszenie.pl\/index.php\/product\/projekt-kiosku-zg26\/","og_site_name":"Dom na Zg\u0142oszenie","article_publisher":"https:\/\/www.facebook.com\/domnazgloszenie","article_modified_time":"2023-02-20T21:46:05+00:00","og_image":[{"width":2560,"height":1440,"url":"http:\/\/domnazgloszenie.pl\/wp-content\/uploads\/2020\/06\/1-16-scaled.jpg","type":"image\/jpeg"}],"twitter_card":"summary_large_image","twitter_site":"@domnazgloszenie","twitter_misc":{"Szacowany czas czytania":"1 minuta"},"schema":{"@context":"https:\/\/schema.org","@graph":[{"@type":"WebPage","@id":"http:\/\/domnazgloszenie.pl\/index.php\/product\/projekt-kiosku-zg26\/","url":"http:\/\/domnazgloszenie.pl\/index.php\/product\/projekt-kiosku-zg26\/","name":"Projekt kiosku ZG26 - Dom na Zg\u0142oszenie","isPartOf":{"@id":"https:\/\/domnazgloszenie.pl\/#website"},"primaryImageOfPage":{"@id":"http:\/\/domnazgloszenie.pl\/index.php\/product\/projekt-kiosku-zg26\/#primaryimage"},"image":{"@id":"http:\/\/domnazgloszenie.pl\/index.php\/product\/projekt-kiosku-zg26\/#primaryimage"},"thumbnailUrl":"https:\/\/domnazgloszenie.pl\/wp-content\/uploads\/2020\/06\/1-16-scaled.jpg","datePublished":"2020-06-14T14:33:12+00:00","dateModified":"2023-02-20T21:46:05+00:00","breadcrumb":{"@id":"http:\/\/domnazgloszenie.pl\/index.php\/product\/projekt-kiosku-zg26\/#breadcrumb"},"inLanguage":"pl-PL","potentialAction":[{"@type":"ReadAction","target":["http:\/\/domnazgloszenie.pl\/index.php\/product\/projekt-kiosku-zg26\/"]}]},{"@type":"ImageObject","inLanguage":"pl-PL","@id":"http:\/\/domnazgloszenie.pl\/index.php\/product\/projekt-kiosku-zg26\/#primaryimage","url":"https:\/\/domnazgloszenie.pl\/wp-content\/uploads\/2020\/06\/1-16-scaled.jpg","contentUrl":"https:\/\/domnazgloszenie.pl\/wp-content\/uploads\/2020\/06\/1-16-scaled.jpg","width":2560,"height":1440},{"@type":"BreadcrumbList","@id":"http:\/\/domnazgloszenie.pl\/index.php\/product\/projekt-kiosku-zg26\/#breadcrumb","itemListElement":[{"@type":"ListItem","position":1,"name":"Strona g\u0142\u00f3wna","item":"https:\/\/domnazgloszenie.pl\/"},{"@type":"ListItem","position":2,"name":"SKLEP","item":"https:\/\/domnazgloszenie.pl\/index.php\/sklep\/"},{"@type":"ListItem","position":3,"name":"Projekt kiosku ZG26"}]},{"@type":"WebSite","@id":"https:\/\/domnazgloszenie.pl\/#website","url":"https:\/\/domnazgloszenie.pl\/","name":"Dom na Zg\u0142oszenie","description":"Projekty dom\u00f3w na zg\u0142oszenie do 35m2","publisher":{"@id":"https:\/\/domnazgloszenie.pl\/#organization"},"potentialAction":[{"@type":"SearchAction","target":{"@type":"EntryPoint","urlTemplate":"https:\/\/domnazgloszenie.pl\/?s={search_term_string}"},"query-input":{"@type":"PropertyValueSpecification","valueRequired":true,"valueName":"search_term_string"}}],"inLanguage":"pl-PL"},{"@type":["Organization","Place"],"@id":"https:\/\/domnazgloszenie.pl\/#organization","name":"Dom na zg\u0142oszenie","url":"https:\/\/domnazgloszenie.pl\/","logo":{"@id":"http:\/\/domnazgloszenie.pl\/index.php\/product\/projekt-kiosku-zg26\/#local-main-organization-logo"},"image":{"@id":"http:\/\/domnazgloszenie.pl\/index.php\/product\/projekt-kiosku-zg26\/#local-main-organization-logo"},"sameAs":["https:\/\/www.facebook.com\/domnazgloszenie","https:\/\/x.com\/domnazgloszenie","https:\/\/www.instagram.com\/dom_na_zgloszenie\/","https:\/\/www.tiktok.com\/@domnazgloszenie","https:\/\/pinterest.com\/domnazgloszenie\/","https:\/\/www.behance.net\/domnazgloszenie"],"openingHoursSpecification":[{"@type":"OpeningHoursSpecification","dayOfWeek":["Monday","Tuesday","Wednesday","Thursday","Friday","Saturday","Sunday"],"opens":"09:00","closes":"17:00"}]},{"@type":"ImageObject","inLanguage":"pl-PL","@id":"http:\/\/domnazgloszenie.pl\/index.php\/product\/projekt-kiosku-zg26\/#local-main-organization-logo","url":"https:\/\/domnazgloszenie.pl\/wp-content\/uploads\/2021\/10\/DOM-NA-ZGLOSZENIE-01.png","contentUrl":"https:\/\/domnazgloszenie.pl\/wp-content\/uploads\/2021\/10\/DOM-NA-ZGLOSZENIE-01.png","width":1000,"height":1000,"caption":"Dom na zg\u0142oszenie"}]}},"jetpack_sharing_enabled":true,"_links":{"self":[{"href":"https:\/\/domnazgloszenie.pl\/index.php\/wp-json\/wp\/v2\/product\/481","targetHints":{"allow":["GET"]}}],"collection":[{"href":"https:\/\/domnazgloszenie.pl\/index.php\/wp-json\/wp\/v2\/product"}],"about":[{"href":"https:\/\/domnazgloszenie.pl\/index.php\/wp-json\/wp\/v2\/types\/product"}],"replies":[{"embeddable":true,"href":"https:\/\/domnazgloszenie.pl\/index.php\/wp-json\/wp\/v2\/comments?post=481"}],"wp:featuredmedia":[{"embeddable":true,"href":"https:\/\/domnazgloszenie.pl\/index.php\/wp-json\/wp\/v2\/media\/482"}],"wp:attachment":[{"href":"https:\/\/domnazgloszenie.pl\/index.php\/wp-json\/wp\/v2\/media?parent=481"}],"wp:term":[{"taxonomy":"product_brand","embeddable":true,"href":"https:\/\/domnazgloszenie.pl\/index.php\/wp-json\/wp\/v2\/product_brand?post=481"},{"taxonomy":"product_cat","embeddable":true,"href":"https:\/\/domnazgloszenie.pl\/index.php\/wp-json\/wp\/v2\/product_cat?post=481"},{"taxonomy":"product_tag","embeddable":true,"href":"https:\/\/domnazgloszenie.pl\/index.php\/wp-json\/wp\/v2\/product_tag?post=481"}],"curies":[{"name":"wp","href":"https:\/\/api.w.org\/{rel}","templated":true}]}}