{"id":549,"date":"2020-06-14T17:04:50","date_gmt":"2020-06-14T15:04:50","guid":{"rendered":"http:\/\/domnazgloszenie.pl\/?post_type=product&#038;p=549"},"modified":"2026-02-25T09:35:40","modified_gmt":"2026-02-25T08:35:40","slug":"projekt-domu-zg102","status":"publish","type":"product","link":"https:\/\/domnazgloszenie.pl\/index.php\/product\/projekt-domu-zg102\/","title":{"rendered":"Projekt domu ZG102"},"content":{"rendered":"<h2 class=\"p1\"><span class=\"s1\">Projekt domu ZG102 &#8211; na zg\u0142oszenie<\/span><\/h2>\n<p class=\"p3\"><span class=\"s1\">Projekt ZG102 jest prostym i tanim w realizacji domem parterowym z dachem p\u0142askim. Na szybk\u0105 i ekonomiczn\u0105 budow\u0119 pozwoli prosta wsp\u00f3\u0142czesna bry\u0142a. Projekt ZG102 jest idealny dla os\u00f3b ceni\u0105cych prost\u0105 form\u0119 i przestronno\u015b\u0107.<\/span><\/p>\n<p class=\"p3\"><span class=\"s1\">Promocja wiosenna!! Ostatnie sztuki!! Zamiast 499 z\u0142 p\u0142acisz 225 z\u0142.<\/span><\/p>\n<p class=\"p3\"><span class=\"s1\">Sprzedaje projekt domu na zg\u0142oszenie kt\u00f3ry nie wymaga Pozwolenia na budow\u0119<\/span><\/p>\n<p class=\"p3\"><span class=\"s1\">Komplet projektu \u2013 1 egzemplarz \u2013 potrzebny do zg\u0142oszenia.<\/span><\/p>\n<p class=\"p3\"><span class=\"s1\">Dzi\u0119ki prostemu rozwi\u0105zaniu mo\u017cna wybudowa\u0107 taki domek za ok. 25 ty\u015b z\u0142 w stanie surowym &#8222;zamkni\u0119tym&#8221;<\/span><\/p>\n<p class=\"p3\"><span class=\"s1\">Istnieje mo\u017cliwo\u015b\u0107 przeprojektowania na inn\u0105 technologi\u0119 np. drewnian\u0105 (oferta dost\u0119pna mailowo).<\/span><\/p>\n<p class=\"p3\"><span class=\"s1\">Istnieje mo\u017cliwo\u015b\u0107 przeprojektowania budynku pod wzgl\u0119dem gabaryt\u00f3w (szeroko\u015bci, d\u0142ugo\u015bci) i\/lub k\u0105ta nachylenia dachu itd (oferta dost\u0119pna mailowo).<\/span><\/p>\n","protected":false},"excerpt":{"rendered":"<p class=\"p1\"><span class=\"s1\"><b>Prezentujemy nowy projekt ZG102<\/b> o \u0142\u0105cznej powierzchni zabudwy 28,35m2. <\/span><\/p>\n<p class=\"p1\"><span class=\"s1\">To ekonomiczny dom o niestandardowej formie, kt\u00f3rego powierzchnia zabudowy nie przekracza 30 m2. Nowoczesny charakter budynku podkre\u015blaj\u0105 du\u017ce przeszklenia oraz estetyczna elewacja pokryta bia\u0142ym i grafitowym tynkiem, zestawiona z p\u0142aszczyznami drewnianej ok\u0142adziny. <\/span><\/p>\n<p class=\"p1\"><span class=\"s1\">Os\u0142oni\u0119te wej\u015bcie prowadzi przez wiatro\u0142ap z miejscem na wbudowanie szafy do oddzielonej przesuwem strefy dziennej domu. Jej doskonale do\u015bwietlon\u0105 przestrze\u0144 wype\u0142nia salon i otwarta kuchnia z funkcjonaln\u0105 zabudow\u0105. Salon dysponuje miejscem na kanap\u0119, k\u0105cik TV i st\u00f3\u0142 obiadowy, kt\u00f3ry mo\u017cna ustawi\u0107 w pobli\u017cu kuchni, aby u\u0142atwi\u0107 komunikacj\u0119 podczas serwowania posi\u0142k\u00f3w. Do salonu przylega taras, os\u0142oni\u0119ty dachem, kt\u00f3ry oferuje miejsce na letni\u0105 jadalni\u0119 i na stref\u0119 relaksu z zestawem ogrodowych sof. Na parterze zaprojektowano tak\u017ce ma\u0142\u0105 \u0142azienk\u0119 w kt\u00f3rej spokojnie zmie\u015bcimy prysznic, umywalk\u0119 oraz toalet\u0119. Strefa prywatna to wygodna sypialnia, znajduj\u0105ca si\u0119 na drugiej cz\u0119\u015bci domu. Przemy\u015blany uk\u0142ad funkcjonalny domu gwarantuje mieszka\u0144com wygodne u\u017cytkowanie.<\/span><\/p>\n<p class=\"p1\"><span class=\"s1\">\u0141\u0105czna powierzchnia zabudowy : 28,35<\/span><\/p>\n<p class=\"p1\"><span class=\"s1\">PATER: <\/span><\/p>\n<p class=\"p1\"><span class=\"s1\">Salon 9m2<\/span><\/p>\n<p class=\"p1\"><span class=\"s1\">Kuchnia 9,66m2<\/span><\/p>\n<p class=\"p1\"><span class=\"s1\">Pok\u00f3j 5,29m2<\/span><\/p>\n<p class=\"p1\"><span class=\"s1\">\u0141azienka 2,78m2<\/span><\/p>\n<p class=\"p1\"><span class=\"s1\">Komunikacja 1,62m2<\/span><\/p>\n","protected":false},"featured_media":802,"comment_status":"open","ping_status":"closed","template":"","meta":{"_monsterinsights_skip_tracking":false,"_monsterinsights_sitenote_active":false,"_monsterinsights_sitenote_note":"","_monsterinsights_sitenote_category":0},"product_brand":[],"product_cat":[26,24],"product_tag":[46,18,50,49,57,45,48,47,38],"class_list":{"0":"post-549","1":"product","2":"type-product","3":"status-publish","4":"has-post-thumbnail","6":"product_cat-budynki-do-35m2","7":"product_cat-na-zgloszenie","8":"product_tag-dom","9":"product_tag-dom-na-zgloszenie","10":"product_tag-projekt-35-m","11":"product_tag-projekt-35-m2","12":"product_tag-projekt-domu","13":"product_tag-projekt-na-zgloszenie","14":"product_tag-projekt-na-zgloszenie-35-m","15":"product_tag-projekt-na-zgloszenie-35-m2","16":"product_tag-projekt-typowy","18":"first","19":"outofstock","20":"sale","21":"taxable","22":"shipping-taxable","23":"purchasable","24":"product-type-simple"},"yoast_head":"<!-- This site is optimized with the Yoast SEO Premium plugin v19.3 (Yoast SEO v26.8) - https:\/\/yoast.com\/product\/yoast-seo-premium-wordpress\/ -->\n<title>Projekt domu ZG102 - Dom na Zg\u0142oszenie<\/title>\n<meta name=\"robots\" content=\"index, follow, max-snippet:-1, max-image-preview:large, max-video-preview:-1\" \/>\n<link rel=\"canonical\" href=\"https:\/\/domnazgloszenie.pl\/index.php\/product\/projekt-domu-zg102\/\" \/>\n<meta property=\"og:locale\" content=\"pl_PL\" \/>\n<meta property=\"og:type\" content=\"article\" \/>\n<meta property=\"og:title\" content=\"Projekt domu ZG102\" \/>\n<meta property=\"og:description\" content=\"Prezentujemy nowy projekt ZG102 o \u0142\u0105cznej powierzchni zabudwy 28,35m2.  To ekonomiczny dom o niestandardowej formie, kt\u00f3rego powierzchnia zabudowy nie przekracza 30 m2. Nowoczesny charakter budynku podkre\u015blaj\u0105 du\u017ce przeszklenia oraz estetyczna elewacja pokryta bia\u0142ym i grafitowym tynkiem, zestawiona z p\u0142aszczyznami drewnianej ok\u0142adziny.  Os\u0142oni\u0119te wej\u015bcie prowadzi przez wiatro\u0142ap z miejscem na wbudowanie szafy do oddzielonej przesuwem strefy dziennej domu. Jej doskonale do\u015bwietlon\u0105 przestrze\u0144 wype\u0142nia salon i otwarta kuchnia z funkcjonaln\u0105 zabudow\u0105. Salon dysponuje miejscem na kanap\u0119, k\u0105cik TV i st\u00f3\u0142 obiadowy, kt\u00f3ry mo\u017cna ustawi\u0107 w pobli\u017cu kuchni, aby u\u0142atwi\u0107 komunikacj\u0119 podczas serwowania posi\u0142k\u00f3w. Do salonu przylega taras, os\u0142oni\u0119ty dachem, kt\u00f3ry oferuje miejsce na letni\u0105 jadalni\u0119 i na stref\u0119 relaksu z zestawem ogrodowych sof. Na parterze zaprojektowano tak\u017ce ma\u0142\u0105 \u0142azienk\u0119 w kt\u00f3rej spokojnie zmie\u015bcimy prysznic, umywalk\u0119 oraz toalet\u0119. Strefa prywatna to wygodna sypialnia, znajduj\u0105ca si\u0119 na drugiej cz\u0119\u015bci domu. Przemy\u015blany uk\u0142ad funkcjonalny domu gwarantuje mieszka\u0144com wygodne u\u017cytkowanie. \u0141\u0105czna powierzchnia zabudowy : 28,35 PATER:  Salon 9m2 Kuchnia 9,66m2 Pok\u00f3j 5,29m2 \u0141azienka 2,78m2 Komunikacja 1,62m2\" \/>\n<meta property=\"og:url\" content=\"https:\/\/domnazgloszenie.pl\/index.php\/product\/projekt-domu-zg102\/\" \/>\n<meta property=\"og:site_name\" content=\"Dom na Zg\u0142oszenie\" \/>\n<meta property=\"article:publisher\" content=\"https:\/\/www.facebook.com\/domnazgloszenie\" \/>\n<meta property=\"article:modified_time\" content=\"2026-02-25T08:35:40+00:00\" \/>\n<meta property=\"og:image\" content=\"https:\/\/domnazgloszenie.pl\/wp-content\/uploads\/2020\/06\/274889598_655497505539632_8651672712602167385_n.jpg\" \/>\n\t<meta property=\"og:image:width\" content=\"2048\" \/>\n\t<meta property=\"og:image:height\" content=\"1152\" \/>\n\t<meta property=\"og:image:type\" content=\"image\/jpeg\" \/>\n<meta name=\"twitter:card\" content=\"summary_large_image\" \/>\n<meta name=\"twitter:site\" content=\"@domnazgloszenie\" \/>\n<meta name=\"twitter:label1\" content=\"Szacowany czas czytania\" \/>\n\t<meta name=\"twitter:data1\" content=\"1 minuta\" \/>\n<script type=\"application\/ld+json\" class=\"yoast-schema-graph\">{\"@context\":\"https:\/\/schema.org\",\"@graph\":[{\"@type\":\"WebPage\",\"@id\":\"https:\/\/domnazgloszenie.pl\/index.php\/product\/projekt-domu-zg102\/\",\"url\":\"https:\/\/domnazgloszenie.pl\/index.php\/product\/projekt-domu-zg102\/\",\"name\":\"Projekt domu ZG102 - Dom na Zg\u0142oszenie\",\"isPartOf\":{\"@id\":\"https:\/\/domnazgloszenie.pl\/#website\"},\"primaryImageOfPage\":{\"@id\":\"https:\/\/domnazgloszenie.pl\/index.php\/product\/projekt-domu-zg102\/#primaryimage\"},\"image\":{\"@id\":\"https:\/\/domnazgloszenie.pl\/index.php\/product\/projekt-domu-zg102\/#primaryimage\"},\"thumbnailUrl\":\"https:\/\/domnazgloszenie.pl\/wp-content\/uploads\/2020\/06\/274889598_655497505539632_8651672712602167385_n.jpg\",\"datePublished\":\"2020-06-14T15:04:50+00:00\",\"dateModified\":\"2026-02-25T08:35:40+00:00\",\"breadcrumb\":{\"@id\":\"https:\/\/domnazgloszenie.pl\/index.php\/product\/projekt-domu-zg102\/#breadcrumb\"},\"inLanguage\":\"pl-PL\",\"potentialAction\":[{\"@type\":\"ReadAction\",\"target\":[\"https:\/\/domnazgloszenie.pl\/index.php\/product\/projekt-domu-zg102\/\"]}]},{\"@type\":\"ImageObject\",\"inLanguage\":\"pl-PL\",\"@id\":\"https:\/\/domnazgloszenie.pl\/index.php\/product\/projekt-domu-zg102\/#primaryimage\",\"url\":\"https:\/\/domnazgloszenie.pl\/wp-content\/uploads\/2020\/06\/274889598_655497505539632_8651672712602167385_n.jpg\",\"contentUrl\":\"https:\/\/domnazgloszenie.pl\/wp-content\/uploads\/2020\/06\/274889598_655497505539632_8651672712602167385_n.jpg\",\"width\":2048,\"height\":1152},{\"@type\":\"BreadcrumbList\",\"@id\":\"https:\/\/domnazgloszenie.pl\/index.php\/product\/projekt-domu-zg102\/#breadcrumb\",\"itemListElement\":[{\"@type\":\"ListItem\",\"position\":1,\"name\":\"Strona g\u0142\u00f3wna\",\"item\":\"https:\/\/domnazgloszenie.pl\/\"},{\"@type\":\"ListItem\",\"position\":2,\"name\":\"SKLEP\",\"item\":\"https:\/\/domnazgloszenie.pl\/index.php\/sklep\/\"},{\"@type\":\"ListItem\",\"position\":3,\"name\":\"Projekt domu ZG102\"}]},{\"@type\":\"WebSite\",\"@id\":\"https:\/\/domnazgloszenie.pl\/#website\",\"url\":\"https:\/\/domnazgloszenie.pl\/\",\"name\":\"Dom na Zg\u0142oszenie\",\"description\":\"Projekty dom\u00f3w na zg\u0142oszenie do 35m2\",\"publisher\":{\"@id\":\"https:\/\/domnazgloszenie.pl\/#organization\"},\"potentialAction\":[{\"@type\":\"SearchAction\",\"target\":{\"@type\":\"EntryPoint\",\"urlTemplate\":\"https:\/\/domnazgloszenie.pl\/?s={search_term_string}\"},\"query-input\":{\"@type\":\"PropertyValueSpecification\",\"valueRequired\":true,\"valueName\":\"search_term_string\"}}],\"inLanguage\":\"pl-PL\"},{\"@type\":[\"Organization\",\"Place\"],\"@id\":\"https:\/\/domnazgloszenie.pl\/#organization\",\"name\":\"Dom na zg\u0142oszenie\",\"url\":\"https:\/\/domnazgloszenie.pl\/\",\"logo\":{\"@id\":\"https:\/\/domnazgloszenie.pl\/index.php\/product\/projekt-domu-zg102\/#local-main-organization-logo\"},\"image\":{\"@id\":\"https:\/\/domnazgloszenie.pl\/index.php\/product\/projekt-domu-zg102\/#local-main-organization-logo\"},\"sameAs\":[\"https:\/\/www.facebook.com\/domnazgloszenie\",\"https:\/\/x.com\/domnazgloszenie\",\"https:\/\/www.instagram.com\/dom_na_zgloszenie\/\",\"https:\/\/www.tiktok.com\/@domnazgloszenie\",\"https:\/\/pinterest.com\/domnazgloszenie\/\",\"https:\/\/www.behance.net\/domnazgloszenie\"],\"openingHoursSpecification\":[{\"@type\":\"OpeningHoursSpecification\",\"dayOfWeek\":[\"Monday\",\"Tuesday\",\"Wednesday\",\"Thursday\",\"Friday\",\"Saturday\",\"Sunday\"],\"opens\":\"09:00\",\"closes\":\"17:00\"}]},{\"@type\":\"ImageObject\",\"inLanguage\":\"pl-PL\",\"@id\":\"https:\/\/domnazgloszenie.pl\/index.php\/product\/projekt-domu-zg102\/#local-main-organization-logo\",\"url\":\"https:\/\/domnazgloszenie.pl\/wp-content\/uploads\/2021\/10\/DOM-NA-ZGLOSZENIE-01.png\",\"contentUrl\":\"https:\/\/domnazgloszenie.pl\/wp-content\/uploads\/2021\/10\/DOM-NA-ZGLOSZENIE-01.png\",\"width\":1000,\"height\":1000,\"caption\":\"Dom na zg\u0142oszenie\"}]}<\/script>\n<!-- \/ Yoast SEO Premium plugin. -->","yoast_head_json":{"title":"Projekt domu ZG102 - Dom na Zg\u0142oszenie","robots":{"index":"index","follow":"follow","max-snippet":"max-snippet:-1","max-image-preview":"max-image-preview:large","max-video-preview":"max-video-preview:-1"},"canonical":"https:\/\/domnazgloszenie.pl\/index.php\/product\/projekt-domu-zg102\/","og_locale":"pl_PL","og_type":"article","og_title":"Projekt domu ZG102","og_description":"Prezentujemy nowy projekt ZG102 o \u0142\u0105cznej powierzchni zabudwy 28,35m2.  To ekonomiczny dom o niestandardowej formie, kt\u00f3rego powierzchnia zabudowy nie przekracza 30 m2. Nowoczesny charakter budynku podkre\u015blaj\u0105 du\u017ce przeszklenia oraz estetyczna elewacja pokryta bia\u0142ym i grafitowym tynkiem, zestawiona z p\u0142aszczyznami drewnianej ok\u0142adziny.  Os\u0142oni\u0119te wej\u015bcie prowadzi przez wiatro\u0142ap z miejscem na wbudowanie szafy do oddzielonej przesuwem strefy dziennej domu. Jej doskonale do\u015bwietlon\u0105 przestrze\u0144 wype\u0142nia salon i otwarta kuchnia z funkcjonaln\u0105 zabudow\u0105. Salon dysponuje miejscem na kanap\u0119, k\u0105cik TV i st\u00f3\u0142 obiadowy, kt\u00f3ry mo\u017cna ustawi\u0107 w pobli\u017cu kuchni, aby u\u0142atwi\u0107 komunikacj\u0119 podczas serwowania posi\u0142k\u00f3w. Do salonu przylega taras, os\u0142oni\u0119ty dachem, kt\u00f3ry oferuje miejsce na letni\u0105 jadalni\u0119 i na stref\u0119 relaksu z zestawem ogrodowych sof. Na parterze zaprojektowano tak\u017ce ma\u0142\u0105 \u0142azienk\u0119 w kt\u00f3rej spokojnie zmie\u015bcimy prysznic, umywalk\u0119 oraz toalet\u0119. Strefa prywatna to wygodna sypialnia, znajduj\u0105ca si\u0119 na drugiej cz\u0119\u015bci domu. Przemy\u015blany uk\u0142ad funkcjonalny domu gwarantuje mieszka\u0144com wygodne u\u017cytkowanie. \u0141\u0105czna powierzchnia zabudowy : 28,35 PATER:  Salon 9m2 Kuchnia 9,66m2 Pok\u00f3j 5,29m2 \u0141azienka 2,78m2 Komunikacja 1,62m2","og_url":"https:\/\/domnazgloszenie.pl\/index.php\/product\/projekt-domu-zg102\/","og_site_name":"Dom na Zg\u0142oszenie","article_publisher":"https:\/\/www.facebook.com\/domnazgloszenie","article_modified_time":"2026-02-25T08:35:40+00:00","og_image":[{"width":2048,"height":1152,"url":"https:\/\/domnazgloszenie.pl\/wp-content\/uploads\/2020\/06\/274889598_655497505539632_8651672712602167385_n.jpg","type":"image\/jpeg"}],"twitter_card":"summary_large_image","twitter_site":"@domnazgloszenie","twitter_misc":{"Szacowany czas czytania":"1 minuta"},"schema":{"@context":"https:\/\/schema.org","@graph":[{"@type":"WebPage","@id":"https:\/\/domnazgloszenie.pl\/index.php\/product\/projekt-domu-zg102\/","url":"https:\/\/domnazgloszenie.pl\/index.php\/product\/projekt-domu-zg102\/","name":"Projekt domu ZG102 - Dom na Zg\u0142oszenie","isPartOf":{"@id":"https:\/\/domnazgloszenie.pl\/#website"},"primaryImageOfPage":{"@id":"https:\/\/domnazgloszenie.pl\/index.php\/product\/projekt-domu-zg102\/#primaryimage"},"image":{"@id":"https:\/\/domnazgloszenie.pl\/index.php\/product\/projekt-domu-zg102\/#primaryimage"},"thumbnailUrl":"https:\/\/domnazgloszenie.pl\/wp-content\/uploads\/2020\/06\/274889598_655497505539632_8651672712602167385_n.jpg","datePublished":"2020-06-14T15:04:50+00:00","dateModified":"2026-02-25T08:35:40+00:00","breadcrumb":{"@id":"https:\/\/domnazgloszenie.pl\/index.php\/product\/projekt-domu-zg102\/#breadcrumb"},"inLanguage":"pl-PL","potentialAction":[{"@type":"ReadAction","target":["https:\/\/domnazgloszenie.pl\/index.php\/product\/projekt-domu-zg102\/"]}]},{"@type":"ImageObject","inLanguage":"pl-PL","@id":"https:\/\/domnazgloszenie.pl\/index.php\/product\/projekt-domu-zg102\/#primaryimage","url":"https:\/\/domnazgloszenie.pl\/wp-content\/uploads\/2020\/06\/274889598_655497505539632_8651672712602167385_n.jpg","contentUrl":"https:\/\/domnazgloszenie.pl\/wp-content\/uploads\/2020\/06\/274889598_655497505539632_8651672712602167385_n.jpg","width":2048,"height":1152},{"@type":"BreadcrumbList","@id":"https:\/\/domnazgloszenie.pl\/index.php\/product\/projekt-domu-zg102\/#breadcrumb","itemListElement":[{"@type":"ListItem","position":1,"name":"Strona g\u0142\u00f3wna","item":"https:\/\/domnazgloszenie.pl\/"},{"@type":"ListItem","position":2,"name":"SKLEP","item":"https:\/\/domnazgloszenie.pl\/index.php\/sklep\/"},{"@type":"ListItem","position":3,"name":"Projekt domu ZG102"}]},{"@type":"WebSite","@id":"https:\/\/domnazgloszenie.pl\/#website","url":"https:\/\/domnazgloszenie.pl\/","name":"Dom na Zg\u0142oszenie","description":"Projekty dom\u00f3w na zg\u0142oszenie do 35m2","publisher":{"@id":"https:\/\/domnazgloszenie.pl\/#organization"},"potentialAction":[{"@type":"SearchAction","target":{"@type":"EntryPoint","urlTemplate":"https:\/\/domnazgloszenie.pl\/?s={search_term_string}"},"query-input":{"@type":"PropertyValueSpecification","valueRequired":true,"valueName":"search_term_string"}}],"inLanguage":"pl-PL"},{"@type":["Organization","Place"],"@id":"https:\/\/domnazgloszenie.pl\/#organization","name":"Dom na zg\u0142oszenie","url":"https:\/\/domnazgloszenie.pl\/","logo":{"@id":"https:\/\/domnazgloszenie.pl\/index.php\/product\/projekt-domu-zg102\/#local-main-organization-logo"},"image":{"@id":"https:\/\/domnazgloszenie.pl\/index.php\/product\/projekt-domu-zg102\/#local-main-organization-logo"},"sameAs":["https:\/\/www.facebook.com\/domnazgloszenie","https:\/\/x.com\/domnazgloszenie","https:\/\/www.instagram.com\/dom_na_zgloszenie\/","https:\/\/www.tiktok.com\/@domnazgloszenie","https:\/\/pinterest.com\/domnazgloszenie\/","https:\/\/www.behance.net\/domnazgloszenie"],"openingHoursSpecification":[{"@type":"OpeningHoursSpecification","dayOfWeek":["Monday","Tuesday","Wednesday","Thursday","Friday","Saturday","Sunday"],"opens":"09:00","closes":"17:00"}]},{"@type":"ImageObject","inLanguage":"pl-PL","@id":"https:\/\/domnazgloszenie.pl\/index.php\/product\/projekt-domu-zg102\/#local-main-organization-logo","url":"https:\/\/domnazgloszenie.pl\/wp-content\/uploads\/2021\/10\/DOM-NA-ZGLOSZENIE-01.png","contentUrl":"https:\/\/domnazgloszenie.pl\/wp-content\/uploads\/2021\/10\/DOM-NA-ZGLOSZENIE-01.png","width":1000,"height":1000,"caption":"Dom na zg\u0142oszenie"}]}},"jetpack_sharing_enabled":true,"_links":{"self":[{"href":"https:\/\/domnazgloszenie.pl\/index.php\/wp-json\/wp\/v2\/product\/549","targetHints":{"allow":["GET"]}}],"collection":[{"href":"https:\/\/domnazgloszenie.pl\/index.php\/wp-json\/wp\/v2\/product"}],"about":[{"href":"https:\/\/domnazgloszenie.pl\/index.php\/wp-json\/wp\/v2\/types\/product"}],"replies":[{"embeddable":true,"href":"https:\/\/domnazgloszenie.pl\/index.php\/wp-json\/wp\/v2\/comments?post=549"}],"wp:featuredmedia":[{"embeddable":true,"href":"https:\/\/domnazgloszenie.pl\/index.php\/wp-json\/wp\/v2\/media\/802"}],"wp:attachment":[{"href":"https:\/\/domnazgloszenie.pl\/index.php\/wp-json\/wp\/v2\/media?parent=549"}],"wp:term":[{"taxonomy":"product_brand","embeddable":true,"href":"https:\/\/domnazgloszenie.pl\/index.php\/wp-json\/wp\/v2\/product_brand?post=549"},{"taxonomy":"product_cat","embeddable":true,"href":"https:\/\/domnazgloszenie.pl\/index.php\/wp-json\/wp\/v2\/product_cat?post=549"},{"taxonomy":"product_tag","embeddable":true,"href":"https:\/\/domnazgloszenie.pl\/index.php\/wp-json\/wp\/v2\/product_tag?post=549"}],"curies":[{"name":"wp","href":"https:\/\/api.w.org\/{rel}","templated":true}]}}