{"id":693,"date":"2021-10-25T14:28:11","date_gmt":"2021-10-25T12:28:11","guid":{"rendered":"http:\/\/domnazgloszenie.pl\/?post_type=product&#038;p=693"},"modified":"2023-02-20T22:54:43","modified_gmt":"2023-02-20T21:54:43","slug":"projekt-domu-pl2","status":"publish","type":"product","link":"https:\/\/domnazgloszenie.pl\/index.php\/product\/projekt-domu-pl2\/","title":{"rendered":"Projekt domu PL2"},"content":{"rendered":"<h4 class=\"p1\"><span class=\"s1\"><strong>Sprzeda\u017c projekt\u00f3w<\/strong> w programie Polski \u0141ad do 70m2. <\/span><\/h4>\n<h4 class=\"p1\"><span class=\"s1\">50% taniej od ceny regularnej. <\/span><\/h4>\n<p class=\"p1\"><strong>Dom parterowy z poddaszem u\u017cytkowym 70 m2 POLSKI \u0141AD (10m*7m)<\/strong><strong><br \/>\nPowierzchnia domu \u0142\u0105cznie: ok 107,86 m2<\/strong><\/p>\n<p>Na parterze znajduje si\u0119 du\u017cy salon z wyj\u015bciem na taras. Tu\u017c obok salonu jest kuchnia oraz spi\u017carka.<br \/>\nDo domu wchodzimy przez wiatro\u0142ap. Mamy te\u017c tutaj toalet\u0119, korytarz oraz du\u017cy gara\u017c.<\/p>\n<p>Na u\u017cytkowym poddaszu znajduj\u0105 si\u0119 3 du\u017ce niezale\u017cne pokoje, do kt\u00f3rych mo\u017cemy si\u0119 przedosta\u0107 przez korytarz. Dodatkowo na pi\u0119trze mamy du\u017c\u0105 \u0142azienk\u0119 z toalet\u0105, gdzie zmie\u015bcimy du\u017c\u0105 wann\u0119, kabin\u0119 prysznicow\u0105, umywalki oraz szafki.<\/p>\n<p>Parter:<br \/>\nSalon: 14,39m2<br \/>\nKuchnia: 7,74m2<br \/>\nKomunikacja: 7,97m2<br \/>\nWC: 1,38m2<br \/>\nSpi\u017carka: 1,72m2<br \/>\nWiatro\u0142ap: 1,82m2<br \/>\nGara\u017c: 18,41m2<br \/>\n<strong><u>Razem: ok 53,43m2<br \/>\n<\/u><\/strong><u><br \/>\n<\/u><strong>Pi\u0119tro: <\/strong><strong><br \/>\n<\/strong>Komunikacja: 5,51m2<br \/>\nPok\u00f3j1: 11,54m2<br \/>\nPok\u00f3j2: 15,93m2<br \/>\nPok\u00f3j3: 12,94m2<br \/>\n\u0141azienka: 8,51m2<br \/>\n<strong><u>Razem: ok 54,43m2<\/u><\/strong><\/p>\n<p class=\"p1\"><span class=\"s1\">Projekt spe\u0142nia nowe normy w ramach projektu ustawy Nowego \u0141adu \u201eDomy bez formalno\u015bci\u201d kt\u00f3ra zak\u0142ada dopuszczenie budowy dom\u00f3w do 70 m2. <\/span><\/p>\n<p class=\"p1\"><span class=\"s1\">Dom bez formalno\u015bci to rozwi\u0105zanie, kt\u00f3re wychodzi naprzeciw ugruntowanej w polskiej kulturze potrzebie posiadania w\u0142asnego domu. Dzi\u0119ki zmianie przepis\u00f3w obywatele zyskuj\u0105 wyb\u00f3r. Ka\u017cdy b\u0119dzie m\u00f3g\u0142 rozpocz\u0105\u0107 budow\u0119 ma\u0142ego domu mieszkalnego jednorodzinnego przejmuj\u0105c odpowiedzialno\u015b\u0107 za kierowanie budow\u0105 bez uzyskania pozwolenia na budow\u0119, bez obowi\u0105zku ustanawiania kierownika budowy oraz prowadzenia dziennika budowy.\u00a0<\/span><\/p>\n<p class=\"p1\"><span class=\"s1\">Wi\u0119cej informacji: https:\/\/www.gov.pl\/web\/rozwoj-technologia\/ulatwienia-w-budowie-domow-do-70-m2<\/span><\/p>\n<p class=\"p1\"><span class=\"s1\">Je\u015bli jeste\u015b zainteresowany tym produktem i potrzebujesz informacji na jego temat szybciej skontaktuj si\u0119 z Nami. <\/span><\/p>\n","protected":false},"excerpt":{"rendered":"<h4 class=\"p1\"><span class=\"s1\"><strong>Przedsprzeda\u017c projekt\u00f3w<\/strong> w programie Polski \u0141ad do 70m2. <\/span><\/h4>\n<h4 class=\"p1\"><span class=\"s1\">50% taniej od ceny regularnej.<\/span><\/h4>\n","protected":false},"featured_media":710,"comment_status":"open","ping_status":"closed","template":"","meta":{"_monsterinsights_skip_tracking":false,"_monsterinsights_sitenote_active":false,"_monsterinsights_sitenote_note":"","_monsterinsights_sitenote_category":0},"product_brand":[],"product_cat":[64,24],"product_tag":[],"class_list":{"0":"post-693","1":"product","2":"type-product","3":"status-publish","4":"has-post-thumbnail","6":"product_cat-dom-70m2","7":"product_cat-na-zgloszenie","9":"first","10":"outofstock","11":"sale","12":"purchasable","13":"product-type-simple"},"yoast_head":"<!-- This site is optimized with the Yoast SEO Premium plugin v19.3 (Yoast SEO v26.8) - https:\/\/yoast.com\/product\/yoast-seo-premium-wordpress\/ -->\n<title>Projekt domu PL2 - Dom na Zg\u0142oszenie<\/title>\n<meta name=\"robots\" content=\"index, follow, max-snippet:-1, max-image-preview:large, max-video-preview:-1\" \/>\n<link rel=\"canonical\" href=\"https:\/\/domnazgloszenie.pl\/index.php\/product\/projekt-domu-pl2\/\" \/>\n<meta property=\"og:locale\" content=\"pl_PL\" \/>\n<meta property=\"og:type\" content=\"article\" \/>\n<meta property=\"og:title\" content=\"Projekt domu PL2\" \/>\n<meta property=\"og:description\" content=\"Przedsprzeda\u017c projekt\u00f3w w programie Polski \u0141ad do 70m2.  50% taniej od ceny regularnej.\" \/>\n<meta property=\"og:url\" content=\"https:\/\/domnazgloszenie.pl\/index.php\/product\/projekt-domu-pl2\/\" \/>\n<meta property=\"og:site_name\" content=\"Dom na Zg\u0142oszenie\" \/>\n<meta property=\"article:publisher\" content=\"https:\/\/www.facebook.com\/domnazgloszenie\" \/>\n<meta property=\"article:modified_time\" content=\"2023-02-20T21:54:43+00:00\" \/>\n<meta property=\"og:image\" content=\"https:\/\/domnazgloszenie.pl\/wp-content\/uploads\/2021\/10\/Projekt-domu-PL2.jpg\" \/>\n\t<meta property=\"og:image:width\" content=\"1600\" \/>\n\t<meta property=\"og:image:height\" content=\"900\" \/>\n\t<meta property=\"og:image:type\" content=\"image\/jpeg\" \/>\n<meta name=\"twitter:card\" content=\"summary_large_image\" \/>\n<meta name=\"twitter:site\" content=\"@domnazgloszenie\" \/>\n<meta name=\"twitter:label1\" content=\"Szacowany czas czytania\" \/>\n\t<meta name=\"twitter:data1\" content=\"2 minuty\" \/>\n<script type=\"application\/ld+json\" class=\"yoast-schema-graph\">{\"@context\":\"https:\/\/schema.org\",\"@graph\":[{\"@type\":\"WebPage\",\"@id\":\"https:\/\/domnazgloszenie.pl\/index.php\/product\/projekt-domu-pl2\/\",\"url\":\"https:\/\/domnazgloszenie.pl\/index.php\/product\/projekt-domu-pl2\/\",\"name\":\"Projekt domu PL2 - Dom na Zg\u0142oszenie\",\"isPartOf\":{\"@id\":\"https:\/\/domnazgloszenie.pl\/#website\"},\"primaryImageOfPage\":{\"@id\":\"https:\/\/domnazgloszenie.pl\/index.php\/product\/projekt-domu-pl2\/#primaryimage\"},\"image\":{\"@id\":\"https:\/\/domnazgloszenie.pl\/index.php\/product\/projekt-domu-pl2\/#primaryimage\"},\"thumbnailUrl\":\"https:\/\/domnazgloszenie.pl\/wp-content\/uploads\/2021\/10\/Projekt-domu-PL2.jpg\",\"datePublished\":\"2021-10-25T12:28:11+00:00\",\"dateModified\":\"2023-02-20T21:54:43+00:00\",\"breadcrumb\":{\"@id\":\"https:\/\/domnazgloszenie.pl\/index.php\/product\/projekt-domu-pl2\/#breadcrumb\"},\"inLanguage\":\"pl-PL\",\"potentialAction\":[{\"@type\":\"ReadAction\",\"target\":[\"https:\/\/domnazgloszenie.pl\/index.php\/product\/projekt-domu-pl2\/\"]}]},{\"@type\":\"ImageObject\",\"inLanguage\":\"pl-PL\",\"@id\":\"https:\/\/domnazgloszenie.pl\/index.php\/product\/projekt-domu-pl2\/#primaryimage\",\"url\":\"https:\/\/domnazgloszenie.pl\/wp-content\/uploads\/2021\/10\/Projekt-domu-PL2.jpg\",\"contentUrl\":\"https:\/\/domnazgloszenie.pl\/wp-content\/uploads\/2021\/10\/Projekt-domu-PL2.jpg\",\"width\":1600,\"height\":900},{\"@type\":\"BreadcrumbList\",\"@id\":\"https:\/\/domnazgloszenie.pl\/index.php\/product\/projekt-domu-pl2\/#breadcrumb\",\"itemListElement\":[{\"@type\":\"ListItem\",\"position\":1,\"name\":\"Strona g\u0142\u00f3wna\",\"item\":\"https:\/\/domnazgloszenie.pl\/\"},{\"@type\":\"ListItem\",\"position\":2,\"name\":\"SKLEP\",\"item\":\"https:\/\/domnazgloszenie.pl\/index.php\/sklep\/\"},{\"@type\":\"ListItem\",\"position\":3,\"name\":\"Projekt domu PL2\"}]},{\"@type\":\"WebSite\",\"@id\":\"https:\/\/domnazgloszenie.pl\/#website\",\"url\":\"https:\/\/domnazgloszenie.pl\/\",\"name\":\"Dom na Zg\u0142oszenie\",\"description\":\"Projekty dom\u00f3w na zg\u0142oszenie do 35m2\",\"publisher\":{\"@id\":\"https:\/\/domnazgloszenie.pl\/#organization\"},\"potentialAction\":[{\"@type\":\"SearchAction\",\"target\":{\"@type\":\"EntryPoint\",\"urlTemplate\":\"https:\/\/domnazgloszenie.pl\/?s={search_term_string}\"},\"query-input\":{\"@type\":\"PropertyValueSpecification\",\"valueRequired\":true,\"valueName\":\"search_term_string\"}}],\"inLanguage\":\"pl-PL\"},{\"@type\":[\"Organization\",\"Place\"],\"@id\":\"https:\/\/domnazgloszenie.pl\/#organization\",\"name\":\"Dom na zg\u0142oszenie\",\"url\":\"https:\/\/domnazgloszenie.pl\/\",\"logo\":{\"@id\":\"https:\/\/domnazgloszenie.pl\/index.php\/product\/projekt-domu-pl2\/#local-main-organization-logo\"},\"image\":{\"@id\":\"https:\/\/domnazgloszenie.pl\/index.php\/product\/projekt-domu-pl2\/#local-main-organization-logo\"},\"sameAs\":[\"https:\/\/www.facebook.com\/domnazgloszenie\",\"https:\/\/x.com\/domnazgloszenie\",\"https:\/\/www.instagram.com\/dom_na_zgloszenie\/\",\"https:\/\/www.tiktok.com\/@domnazgloszenie\",\"https:\/\/pinterest.com\/domnazgloszenie\/\",\"https:\/\/www.behance.net\/domnazgloszenie\"],\"openingHoursSpecification\":[{\"@type\":\"OpeningHoursSpecification\",\"dayOfWeek\":[\"Monday\",\"Tuesday\",\"Wednesday\",\"Thursday\",\"Friday\",\"Saturday\",\"Sunday\"],\"opens\":\"09:00\",\"closes\":\"17:00\"}]},{\"@type\":\"ImageObject\",\"inLanguage\":\"pl-PL\",\"@id\":\"https:\/\/domnazgloszenie.pl\/index.php\/product\/projekt-domu-pl2\/#local-main-organization-logo\",\"url\":\"https:\/\/domnazgloszenie.pl\/wp-content\/uploads\/2021\/10\/DOM-NA-ZGLOSZENIE-01.png\",\"contentUrl\":\"https:\/\/domnazgloszenie.pl\/wp-content\/uploads\/2021\/10\/DOM-NA-ZGLOSZENIE-01.png\",\"width\":1000,\"height\":1000,\"caption\":\"Dom na zg\u0142oszenie\"}]}<\/script>\n<!-- \/ Yoast SEO Premium plugin. -->","yoast_head_json":{"title":"Projekt domu PL2 - Dom na Zg\u0142oszenie","robots":{"index":"index","follow":"follow","max-snippet":"max-snippet:-1","max-image-preview":"max-image-preview:large","max-video-preview":"max-video-preview:-1"},"canonical":"https:\/\/domnazgloszenie.pl\/index.php\/product\/projekt-domu-pl2\/","og_locale":"pl_PL","og_type":"article","og_title":"Projekt domu PL2","og_description":"Przedsprzeda\u017c projekt\u00f3w w programie Polski \u0141ad do 70m2.  50% taniej od ceny regularnej.","og_url":"https:\/\/domnazgloszenie.pl\/index.php\/product\/projekt-domu-pl2\/","og_site_name":"Dom na Zg\u0142oszenie","article_publisher":"https:\/\/www.facebook.com\/domnazgloszenie","article_modified_time":"2023-02-20T21:54:43+00:00","og_image":[{"width":1600,"height":900,"url":"https:\/\/domnazgloszenie.pl\/wp-content\/uploads\/2021\/10\/Projekt-domu-PL2.jpg","type":"image\/jpeg"}],"twitter_card":"summary_large_image","twitter_site":"@domnazgloszenie","twitter_misc":{"Szacowany czas czytania":"2 minuty"},"schema":{"@context":"https:\/\/schema.org","@graph":[{"@type":"WebPage","@id":"https:\/\/domnazgloszenie.pl\/index.php\/product\/projekt-domu-pl2\/","url":"https:\/\/domnazgloszenie.pl\/index.php\/product\/projekt-domu-pl2\/","name":"Projekt domu PL2 - Dom na Zg\u0142oszenie","isPartOf":{"@id":"https:\/\/domnazgloszenie.pl\/#website"},"primaryImageOfPage":{"@id":"https:\/\/domnazgloszenie.pl\/index.php\/product\/projekt-domu-pl2\/#primaryimage"},"image":{"@id":"https:\/\/domnazgloszenie.pl\/index.php\/product\/projekt-domu-pl2\/#primaryimage"},"thumbnailUrl":"https:\/\/domnazgloszenie.pl\/wp-content\/uploads\/2021\/10\/Projekt-domu-PL2.jpg","datePublished":"2021-10-25T12:28:11+00:00","dateModified":"2023-02-20T21:54:43+00:00","breadcrumb":{"@id":"https:\/\/domnazgloszenie.pl\/index.php\/product\/projekt-domu-pl2\/#breadcrumb"},"inLanguage":"pl-PL","potentialAction":[{"@type":"ReadAction","target":["https:\/\/domnazgloszenie.pl\/index.php\/product\/projekt-domu-pl2\/"]}]},{"@type":"ImageObject","inLanguage":"pl-PL","@id":"https:\/\/domnazgloszenie.pl\/index.php\/product\/projekt-domu-pl2\/#primaryimage","url":"https:\/\/domnazgloszenie.pl\/wp-content\/uploads\/2021\/10\/Projekt-domu-PL2.jpg","contentUrl":"https:\/\/domnazgloszenie.pl\/wp-content\/uploads\/2021\/10\/Projekt-domu-PL2.jpg","width":1600,"height":900},{"@type":"BreadcrumbList","@id":"https:\/\/domnazgloszenie.pl\/index.php\/product\/projekt-domu-pl2\/#breadcrumb","itemListElement":[{"@type":"ListItem","position":1,"name":"Strona g\u0142\u00f3wna","item":"https:\/\/domnazgloszenie.pl\/"},{"@type":"ListItem","position":2,"name":"SKLEP","item":"https:\/\/domnazgloszenie.pl\/index.php\/sklep\/"},{"@type":"ListItem","position":3,"name":"Projekt domu PL2"}]},{"@type":"WebSite","@id":"https:\/\/domnazgloszenie.pl\/#website","url":"https:\/\/domnazgloszenie.pl\/","name":"Dom na Zg\u0142oszenie","description":"Projekty dom\u00f3w na zg\u0142oszenie do 35m2","publisher":{"@id":"https:\/\/domnazgloszenie.pl\/#organization"},"potentialAction":[{"@type":"SearchAction","target":{"@type":"EntryPoint","urlTemplate":"https:\/\/domnazgloszenie.pl\/?s={search_term_string}"},"query-input":{"@type":"PropertyValueSpecification","valueRequired":true,"valueName":"search_term_string"}}],"inLanguage":"pl-PL"},{"@type":["Organization","Place"],"@id":"https:\/\/domnazgloszenie.pl\/#organization","name":"Dom na zg\u0142oszenie","url":"https:\/\/domnazgloszenie.pl\/","logo":{"@id":"https:\/\/domnazgloszenie.pl\/index.php\/product\/projekt-domu-pl2\/#local-main-organization-logo"},"image":{"@id":"https:\/\/domnazgloszenie.pl\/index.php\/product\/projekt-domu-pl2\/#local-main-organization-logo"},"sameAs":["https:\/\/www.facebook.com\/domnazgloszenie","https:\/\/x.com\/domnazgloszenie","https:\/\/www.instagram.com\/dom_na_zgloszenie\/","https:\/\/www.tiktok.com\/@domnazgloszenie","https:\/\/pinterest.com\/domnazgloszenie\/","https:\/\/www.behance.net\/domnazgloszenie"],"openingHoursSpecification":[{"@type":"OpeningHoursSpecification","dayOfWeek":["Monday","Tuesday","Wednesday","Thursday","Friday","Saturday","Sunday"],"opens":"09:00","closes":"17:00"}]},{"@type":"ImageObject","inLanguage":"pl-PL","@id":"https:\/\/domnazgloszenie.pl\/index.php\/product\/projekt-domu-pl2\/#local-main-organization-logo","url":"https:\/\/domnazgloszenie.pl\/wp-content\/uploads\/2021\/10\/DOM-NA-ZGLOSZENIE-01.png","contentUrl":"https:\/\/domnazgloszenie.pl\/wp-content\/uploads\/2021\/10\/DOM-NA-ZGLOSZENIE-01.png","width":1000,"height":1000,"caption":"Dom na zg\u0142oszenie"}]}},"jetpack_sharing_enabled":true,"_links":{"self":[{"href":"https:\/\/domnazgloszenie.pl\/index.php\/wp-json\/wp\/v2\/product\/693","targetHints":{"allow":["GET"]}}],"collection":[{"href":"https:\/\/domnazgloszenie.pl\/index.php\/wp-json\/wp\/v2\/product"}],"about":[{"href":"https:\/\/domnazgloszenie.pl\/index.php\/wp-json\/wp\/v2\/types\/product"}],"replies":[{"embeddable":true,"href":"https:\/\/domnazgloszenie.pl\/index.php\/wp-json\/wp\/v2\/comments?post=693"}],"wp:featuredmedia":[{"embeddable":true,"href":"https:\/\/domnazgloszenie.pl\/index.php\/wp-json\/wp\/v2\/media\/710"}],"wp:attachment":[{"href":"https:\/\/domnazgloszenie.pl\/index.php\/wp-json\/wp\/v2\/media?parent=693"}],"wp:term":[{"taxonomy":"product_brand","embeddable":true,"href":"https:\/\/domnazgloszenie.pl\/index.php\/wp-json\/wp\/v2\/product_brand?post=693"},{"taxonomy":"product_cat","embeddable":true,"href":"https:\/\/domnazgloszenie.pl\/index.php\/wp-json\/wp\/v2\/product_cat?post=693"},{"taxonomy":"product_tag","embeddable":true,"href":"https:\/\/domnazgloszenie.pl\/index.php\/wp-json\/wp\/v2\/product_tag?post=693"}],"curies":[{"name":"wp","href":"https:\/\/api.w.org\/{rel}","templated":true}]}}