{"id":765,"date":"2022-02-23T22:28:10","date_gmt":"2022-02-23T21:28:10","guid":{"rendered":"http:\/\/domnazgloszenie.pl\/index.php\/product\/import-placeholder-for-699\/"},"modified":"2024-07-10T21:06:06","modified_gmt":"2024-07-10T19:06:06","slug":"projekt-domu-pl14","status":"publish","type":"product","link":"https:\/\/domnazgloszenie.pl\/index.php\/product\/projekt-domu-pl14\/","title":{"rendered":"Projekt domu PL14"},"content":{"rendered":"<h4 class=\"p1\"><span class=\"s1\"><strong>Przedsprzeda\u017c projekt\u00f3w<\/strong> w programie Polski \u0141ad do 70m2. <\/span><\/h4>\n<h5 class=\"p1\"><span class=\"s1\">50% taniej od ceny regularnej.<\/span><\/h5>\n<p><strong>Wszechstronny salon z aneksem kuchennym z bezpo\u015brednim przej\u015bciem do ka\u017cdego z pomieszcze\u0144, kt\u00f3re znajduj\u0105 si\u0119 na parterze domu. Z salonu mo\u017cemy wyj\u015b\u0107 bezpo\u015brednio na du\u017cy taras, kt\u00f3ry znajduje si\u0119 na ty\u0142ach domu.\u00a0<\/strong><br \/>\n<strong>Na parterze poza salonem z aneksem kuchennym, znajdziemy r\u00f3wnie\u017c sypialni\u0119, \u0142azienk\u0119, osobn\u0105 toalet\u0119, wiatro\u0142ap oraz schowek, kt\u00f3ry znajdziemy pod schodami prowadz\u0105cymi na poddasze domu.\u00a0<\/strong><\/p>\n<p><strong>Na u\u017cytkowym poddaszu znajdziemy 3 du\u017ce pokoje, garderob\u0119, \u0142azienk\u0119 oraz korytarz, kt\u00f3ry zapewni nam swobodne przemieszczanie si\u0119 mi\u0119dzy pomieszczeniami domu bez konieczno\u015bci przechodzenia przez nie.\u00a0<\/strong><\/p>\n<p><strong>Dom parterowy z poddaszem u\u017cytkowym 68 m2 POLSKI \u0141AD (8,5m*8m)<\/strong><strong><br \/>\nPowierzchnia domu \u0142\u0105cznie: ok 111,43 m2<\/strong><\/p>\n<p>Parter:<br \/>\n1.1 Wiatro\u0142ap: 4,63m2<br \/>\n1.2 Komunikacja: 3,81m2<br \/>\n1.3 Salon z aneksem kuchennym: 26,08m2<br \/>\n1,4 \u0141azienka: 6,22m2<br \/>\n1.5 WC: 1,92m2<br \/>\n1.6 Pok\u00f3j: 10,54m2<br \/>\n1.7 Schowek: 2,38m2<br \/>\n<strong><u>Razem: ok 55,58m2<br \/>\n<\/u><\/strong><strong><u><br \/>\n<\/u>Pi\u0119tro:<br \/>\n<\/strong>2.1 Komunikacja: 9,01m1<br \/>\n2.2 Pok\u00f3j1: 11,69m2<br \/>\n2.3 Pok\u00f3j2: 9,37m2<br \/>\n2.4 Pok\u00f3j3: 14,72m2<br \/>\n2.5 Garderoba: 6,43m2<br \/>\n2.6 \u0141azienka: 4,63m2<br \/>\n<strong><u>Razem: ok 55,85m2<\/u><\/strong><u><\/u><\/p>\n<p>&nbsp;<\/p>\n<p class=\"p1\"><span class=\"s1\">Projekt spe\u0142nia nowe normy w ramach projektu ustawy Nowego \u0141adu \u201eDomy bez formalno\u015bci\u201d kt\u00f3ra zak\u0142ada dopuszczenie budowy dom\u00f3w do 70 m2. <\/span><\/p>\n<p class=\"p1\"><span class=\"s1\">Dom bez formalno\u015bci to rozwi\u0105zanie, kt\u00f3re wychodzi naprzeciw ugruntowanej w polskiej kulturze potrzebie posiadania w\u0142asnego domu. Dzi\u0119ki zmianie przepis\u00f3w obywatele zyskuj\u0105 wyb\u00f3r. Ka\u017cdy b\u0119dzie m\u00f3g\u0142 rozpocz\u0105\u0107 budow\u0119 ma\u0142ego domu mieszkalnego jednorodzinnego przejmuj\u0105c odpowiedzialno\u015b\u0107 za kierowanie budow\u0105 bez uzyskania pozwolenia na budow\u0119, bez obowi\u0105zku ustanawiania kierownika budowy oraz prowadzenia dziennika budowy.\u00a0<\/span><\/p>\n<p class=\"p1\"><span class=\"s1\">Wi\u0119cej informacji: https:\/\/www.gov.pl\/web\/rozwoj-technologia\/ulatwienia-w-budowie-domow-do-70-m2<\/span><\/p>\n<p class=\"p1\"><span class=\"s1\">Je\u015bli jeste\u015b zainteresowany tym produktem i potrzebujesz informacji na jego temat szybciej skontaktuj si\u0119 z Nami. <\/span><\/p>\n","protected":false},"excerpt":{"rendered":"<h4 class=\"p1\"><span class=\"s1\"><strong>Przedsprzeda\u017c projekt\u00f3w<\/strong> w programie Polski \u0141ad do 70m2. <\/span><\/h4>\n<h4 class=\"p1\"><span class=\"s1\">50% taniej od ceny regularnej.<\/span><\/h4>\n","protected":false},"featured_media":794,"comment_status":"open","ping_status":"closed","template":"","meta":{"_monsterinsights_skip_tracking":false,"_monsterinsights_sitenote_active":false,"_monsterinsights_sitenote_note":"","_monsterinsights_sitenote_category":0},"product_brand":[],"product_cat":[65,68,70],"product_tag":[],"class_list":{"0":"post-765","1":"product","2":"type-product","3":"status-publish","4":"has-post-thumbnail","6":"product_cat-dach-dwuspadowy","7":"product_cat-murowane","8":"product_cat-z-poddaszem","10":"first","11":"outofstock","12":"sale","13":"purchasable","14":"product-type-simple"},"yoast_head":"<!-- This site is optimized with the Yoast SEO Premium plugin v19.3 (Yoast SEO v26.8) - https:\/\/yoast.com\/product\/yoast-seo-premium-wordpress\/ -->\n<title>Projekt domu PL14 - Dom na Zg\u0142oszenie<\/title>\n<meta name=\"robots\" content=\"index, follow, max-snippet:-1, max-image-preview:large, max-video-preview:-1\" \/>\n<link rel=\"canonical\" href=\"http:\/\/domnazgloszenie.pl\/index.php\/product\/projekt-domu-pl14\/\" \/>\n<meta property=\"og:locale\" content=\"pl_PL\" \/>\n<meta property=\"og:type\" content=\"article\" \/>\n<meta property=\"og:title\" content=\"Projekt domu PL14\" \/>\n<meta property=\"og:description\" content=\"Przedsprzeda\u017c projekt\u00f3w w programie Polski \u0141ad do 70m2.  50% taniej od ceny regularnej.\" \/>\n<meta property=\"og:url\" content=\"http:\/\/domnazgloszenie.pl\/index.php\/product\/projekt-domu-pl14\/\" \/>\n<meta property=\"og:site_name\" content=\"Dom na Zg\u0142oszenie\" \/>\n<meta property=\"article:publisher\" content=\"https:\/\/www.facebook.com\/domnazgloszenie\" \/>\n<meta property=\"article:modified_time\" content=\"2024-07-10T19:06:06+00:00\" \/>\n<meta property=\"og:image\" content=\"http:\/\/domnazgloszenie.pl\/wp-content\/uploads\/2022\/02\/wiz-1-1.jpg\" \/>\n\t<meta property=\"og:image:width\" content=\"2400\" \/>\n\t<meta property=\"og:image:height\" content=\"1696\" \/>\n\t<meta property=\"og:image:type\" content=\"image\/jpeg\" \/>\n<meta name=\"twitter:card\" content=\"summary_large_image\" \/>\n<meta name=\"twitter:site\" content=\"@domnazgloszenie\" \/>\n<meta name=\"twitter:label1\" content=\"Szacowany czas czytania\" \/>\n\t<meta name=\"twitter:data1\" content=\"2 minuty\" \/>\n<script type=\"application\/ld+json\" class=\"yoast-schema-graph\">{\"@context\":\"https:\/\/schema.org\",\"@graph\":[{\"@type\":\"WebPage\",\"@id\":\"http:\/\/domnazgloszenie.pl\/index.php\/product\/projekt-domu-pl14\/\",\"url\":\"http:\/\/domnazgloszenie.pl\/index.php\/product\/projekt-domu-pl14\/\",\"name\":\"Projekt domu PL14 - Dom na Zg\u0142oszenie\",\"isPartOf\":{\"@id\":\"https:\/\/domnazgloszenie.pl\/#website\"},\"primaryImageOfPage\":{\"@id\":\"http:\/\/domnazgloszenie.pl\/index.php\/product\/projekt-domu-pl14\/#primaryimage\"},\"image\":{\"@id\":\"http:\/\/domnazgloszenie.pl\/index.php\/product\/projekt-domu-pl14\/#primaryimage\"},\"thumbnailUrl\":\"https:\/\/domnazgloszenie.pl\/wp-content\/uploads\/2022\/02\/wiz-1-1.jpg\",\"datePublished\":\"2022-02-23T21:28:10+00:00\",\"dateModified\":\"2024-07-10T19:06:06+00:00\",\"breadcrumb\":{\"@id\":\"http:\/\/domnazgloszenie.pl\/index.php\/product\/projekt-domu-pl14\/#breadcrumb\"},\"inLanguage\":\"pl-PL\",\"potentialAction\":[{\"@type\":\"ReadAction\",\"target\":[\"http:\/\/domnazgloszenie.pl\/index.php\/product\/projekt-domu-pl14\/\"]}]},{\"@type\":\"ImageObject\",\"inLanguage\":\"pl-PL\",\"@id\":\"http:\/\/domnazgloszenie.pl\/index.php\/product\/projekt-domu-pl14\/#primaryimage\",\"url\":\"https:\/\/domnazgloszenie.pl\/wp-content\/uploads\/2022\/02\/wiz-1-1.jpg\",\"contentUrl\":\"https:\/\/domnazgloszenie.pl\/wp-content\/uploads\/2022\/02\/wiz-1-1.jpg\",\"width\":2400,\"height\":1696},{\"@type\":\"BreadcrumbList\",\"@id\":\"http:\/\/domnazgloszenie.pl\/index.php\/product\/projekt-domu-pl14\/#breadcrumb\",\"itemListElement\":[{\"@type\":\"ListItem\",\"position\":1,\"name\":\"Strona g\u0142\u00f3wna\",\"item\":\"https:\/\/domnazgloszenie.pl\/\"},{\"@type\":\"ListItem\",\"position\":2,\"name\":\"SKLEP\",\"item\":\"https:\/\/domnazgloszenie.pl\/index.php\/sklep\/\"},{\"@type\":\"ListItem\",\"position\":3,\"name\":\"Projekt domu PL14\"}]},{\"@type\":\"WebSite\",\"@id\":\"https:\/\/domnazgloszenie.pl\/#website\",\"url\":\"https:\/\/domnazgloszenie.pl\/\",\"name\":\"Dom na Zg\u0142oszenie\",\"description\":\"Projekty dom\u00f3w na zg\u0142oszenie do 35m2\",\"publisher\":{\"@id\":\"https:\/\/domnazgloszenie.pl\/#organization\"},\"potentialAction\":[{\"@type\":\"SearchAction\",\"target\":{\"@type\":\"EntryPoint\",\"urlTemplate\":\"https:\/\/domnazgloszenie.pl\/?s={search_term_string}\"},\"query-input\":{\"@type\":\"PropertyValueSpecification\",\"valueRequired\":true,\"valueName\":\"search_term_string\"}}],\"inLanguage\":\"pl-PL\"},{\"@type\":[\"Organization\",\"Place\"],\"@id\":\"https:\/\/domnazgloszenie.pl\/#organization\",\"name\":\"Dom na zg\u0142oszenie\",\"url\":\"https:\/\/domnazgloszenie.pl\/\",\"logo\":{\"@id\":\"http:\/\/domnazgloszenie.pl\/index.php\/product\/projekt-domu-pl14\/#local-main-organization-logo\"},\"image\":{\"@id\":\"http:\/\/domnazgloszenie.pl\/index.php\/product\/projekt-domu-pl14\/#local-main-organization-logo\"},\"sameAs\":[\"https:\/\/www.facebook.com\/domnazgloszenie\",\"https:\/\/x.com\/domnazgloszenie\",\"https:\/\/www.instagram.com\/dom_na_zgloszenie\/\",\"https:\/\/www.tiktok.com\/@domnazgloszenie\",\"https:\/\/pinterest.com\/domnazgloszenie\/\",\"https:\/\/www.behance.net\/domnazgloszenie\"],\"openingHoursSpecification\":[{\"@type\":\"OpeningHoursSpecification\",\"dayOfWeek\":[\"Monday\",\"Tuesday\",\"Wednesday\",\"Thursday\",\"Friday\",\"Saturday\",\"Sunday\"],\"opens\":\"09:00\",\"closes\":\"17:00\"}]},{\"@type\":\"ImageObject\",\"inLanguage\":\"pl-PL\",\"@id\":\"http:\/\/domnazgloszenie.pl\/index.php\/product\/projekt-domu-pl14\/#local-main-organization-logo\",\"url\":\"https:\/\/domnazgloszenie.pl\/wp-content\/uploads\/2021\/10\/DOM-NA-ZGLOSZENIE-01.png\",\"contentUrl\":\"https:\/\/domnazgloszenie.pl\/wp-content\/uploads\/2021\/10\/DOM-NA-ZGLOSZENIE-01.png\",\"width\":1000,\"height\":1000,\"caption\":\"Dom na zg\u0142oszenie\"}]}<\/script>\n<!-- \/ Yoast SEO Premium plugin. -->","yoast_head_json":{"title":"Projekt domu PL14 - Dom na Zg\u0142oszenie","robots":{"index":"index","follow":"follow","max-snippet":"max-snippet:-1","max-image-preview":"max-image-preview:large","max-video-preview":"max-video-preview:-1"},"canonical":"http:\/\/domnazgloszenie.pl\/index.php\/product\/projekt-domu-pl14\/","og_locale":"pl_PL","og_type":"article","og_title":"Projekt domu PL14","og_description":"Przedsprzeda\u017c projekt\u00f3w w programie Polski \u0141ad do 70m2.  50% taniej od ceny regularnej.","og_url":"http:\/\/domnazgloszenie.pl\/index.php\/product\/projekt-domu-pl14\/","og_site_name":"Dom na Zg\u0142oszenie","article_publisher":"https:\/\/www.facebook.com\/domnazgloszenie","article_modified_time":"2024-07-10T19:06:06+00:00","og_image":[{"width":2400,"height":1696,"url":"http:\/\/domnazgloszenie.pl\/wp-content\/uploads\/2022\/02\/wiz-1-1.jpg","type":"image\/jpeg"}],"twitter_card":"summary_large_image","twitter_site":"@domnazgloszenie","twitter_misc":{"Szacowany czas czytania":"2 minuty"},"schema":{"@context":"https:\/\/schema.org","@graph":[{"@type":"WebPage","@id":"http:\/\/domnazgloszenie.pl\/index.php\/product\/projekt-domu-pl14\/","url":"http:\/\/domnazgloszenie.pl\/index.php\/product\/projekt-domu-pl14\/","name":"Projekt domu PL14 - Dom na Zg\u0142oszenie","isPartOf":{"@id":"https:\/\/domnazgloszenie.pl\/#website"},"primaryImageOfPage":{"@id":"http:\/\/domnazgloszenie.pl\/index.php\/product\/projekt-domu-pl14\/#primaryimage"},"image":{"@id":"http:\/\/domnazgloszenie.pl\/index.php\/product\/projekt-domu-pl14\/#primaryimage"},"thumbnailUrl":"https:\/\/domnazgloszenie.pl\/wp-content\/uploads\/2022\/02\/wiz-1-1.jpg","datePublished":"2022-02-23T21:28:10+00:00","dateModified":"2024-07-10T19:06:06+00:00","breadcrumb":{"@id":"http:\/\/domnazgloszenie.pl\/index.php\/product\/projekt-domu-pl14\/#breadcrumb"},"inLanguage":"pl-PL","potentialAction":[{"@type":"ReadAction","target":["http:\/\/domnazgloszenie.pl\/index.php\/product\/projekt-domu-pl14\/"]}]},{"@type":"ImageObject","inLanguage":"pl-PL","@id":"http:\/\/domnazgloszenie.pl\/index.php\/product\/projekt-domu-pl14\/#primaryimage","url":"https:\/\/domnazgloszenie.pl\/wp-content\/uploads\/2022\/02\/wiz-1-1.jpg","contentUrl":"https:\/\/domnazgloszenie.pl\/wp-content\/uploads\/2022\/02\/wiz-1-1.jpg","width":2400,"height":1696},{"@type":"BreadcrumbList","@id":"http:\/\/domnazgloszenie.pl\/index.php\/product\/projekt-domu-pl14\/#breadcrumb","itemListElement":[{"@type":"ListItem","position":1,"name":"Strona g\u0142\u00f3wna","item":"https:\/\/domnazgloszenie.pl\/"},{"@type":"ListItem","position":2,"name":"SKLEP","item":"https:\/\/domnazgloszenie.pl\/index.php\/sklep\/"},{"@type":"ListItem","position":3,"name":"Projekt domu PL14"}]},{"@type":"WebSite","@id":"https:\/\/domnazgloszenie.pl\/#website","url":"https:\/\/domnazgloszenie.pl\/","name":"Dom na Zg\u0142oszenie","description":"Projekty dom\u00f3w na zg\u0142oszenie do 35m2","publisher":{"@id":"https:\/\/domnazgloszenie.pl\/#organization"},"potentialAction":[{"@type":"SearchAction","target":{"@type":"EntryPoint","urlTemplate":"https:\/\/domnazgloszenie.pl\/?s={search_term_string}"},"query-input":{"@type":"PropertyValueSpecification","valueRequired":true,"valueName":"search_term_string"}}],"inLanguage":"pl-PL"},{"@type":["Organization","Place"],"@id":"https:\/\/domnazgloszenie.pl\/#organization","name":"Dom na zg\u0142oszenie","url":"https:\/\/domnazgloszenie.pl\/","logo":{"@id":"http:\/\/domnazgloszenie.pl\/index.php\/product\/projekt-domu-pl14\/#local-main-organization-logo"},"image":{"@id":"http:\/\/domnazgloszenie.pl\/index.php\/product\/projekt-domu-pl14\/#local-main-organization-logo"},"sameAs":["https:\/\/www.facebook.com\/domnazgloszenie","https:\/\/x.com\/domnazgloszenie","https:\/\/www.instagram.com\/dom_na_zgloszenie\/","https:\/\/www.tiktok.com\/@domnazgloszenie","https:\/\/pinterest.com\/domnazgloszenie\/","https:\/\/www.behance.net\/domnazgloszenie"],"openingHoursSpecification":[{"@type":"OpeningHoursSpecification","dayOfWeek":["Monday","Tuesday","Wednesday","Thursday","Friday","Saturday","Sunday"],"opens":"09:00","closes":"17:00"}]},{"@type":"ImageObject","inLanguage":"pl-PL","@id":"http:\/\/domnazgloszenie.pl\/index.php\/product\/projekt-domu-pl14\/#local-main-organization-logo","url":"https:\/\/domnazgloszenie.pl\/wp-content\/uploads\/2021\/10\/DOM-NA-ZGLOSZENIE-01.png","contentUrl":"https:\/\/domnazgloszenie.pl\/wp-content\/uploads\/2021\/10\/DOM-NA-ZGLOSZENIE-01.png","width":1000,"height":1000,"caption":"Dom na zg\u0142oszenie"}]}},"jetpack_sharing_enabled":true,"_links":{"self":[{"href":"https:\/\/domnazgloszenie.pl\/index.php\/wp-json\/wp\/v2\/product\/765","targetHints":{"allow":["GET"]}}],"collection":[{"href":"https:\/\/domnazgloszenie.pl\/index.php\/wp-json\/wp\/v2\/product"}],"about":[{"href":"https:\/\/domnazgloszenie.pl\/index.php\/wp-json\/wp\/v2\/types\/product"}],"replies":[{"embeddable":true,"href":"https:\/\/domnazgloszenie.pl\/index.php\/wp-json\/wp\/v2\/comments?post=765"}],"wp:featuredmedia":[{"embeddable":true,"href":"https:\/\/domnazgloszenie.pl\/index.php\/wp-json\/wp\/v2\/media\/794"}],"wp:attachment":[{"href":"https:\/\/domnazgloszenie.pl\/index.php\/wp-json\/wp\/v2\/media?parent=765"}],"wp:term":[{"taxonomy":"product_brand","embeddable":true,"href":"https:\/\/domnazgloszenie.pl\/index.php\/wp-json\/wp\/v2\/product_brand?post=765"},{"taxonomy":"product_cat","embeddable":true,"href":"https:\/\/domnazgloszenie.pl\/index.php\/wp-json\/wp\/v2\/product_cat?post=765"},{"taxonomy":"product_tag","embeddable":true,"href":"https:\/\/domnazgloszenie.pl\/index.php\/wp-json\/wp\/v2\/product_tag?post=765"}],"curies":[{"name":"wp","href":"https:\/\/api.w.org\/{rel}","templated":true}]}}