{"id":77,"date":"2020-03-07T16:43:04","date_gmt":"2020-03-07T15:43:04","guid":{"rendered":"http:\/\/domnazgloszenie.pl\/?post_type=product&#038;p=77"},"modified":"2024-07-01T14:38:30","modified_gmt":"2024-07-01T12:38:30","slug":"zb1-zbiornik-szambo","status":"publish","type":"product","link":"https:\/\/domnazgloszenie.pl\/index.php\/product\/zb1-zbiornik-szambo\/","title":{"rendered":"ZB1 zbiornik \/ szambo"},"content":{"rendered":"<h1 class=\"_1sjrk\">ZB1 zbiornik szambo na zg\u0142oszenie<\/h1>\n<p>&nbsp;<\/p>\n<h2>Sprzedaje projekt zbiornika na zg\u0142oszenie kt\u00f3ry nie wymaga Pozwolenia na budow\u0119<\/h2>\n<h2>Projekt bezodp\u0142ywowego zbiornika na \u015bcieki o pojemno\u015bci V = 9.60\u00a0 m3<\/h2>\n<h2>Powierzchnia zabudowy 14.19 m2<\/h2>\n<h2>Ca\u0142kowita kubatura zabudowy 29.09 m2<\/h2>\n<h2>Pojemno\u015b\u0107 u\u017cytkowa zbiornika 9.60 m3<\/h2>\n<h2>Zbiornik \u017celbetowy na \u015bcieki sanitarne<\/h2>\n<h2>Komplet projektu \u2013 1 egzemplarz \u2013 potrzebny do zg\u0142oszenia<\/h2>\n","protected":false},"excerpt":{"rendered":"<p>ZB1 zbiornik szambo na zg\u0142oszenie &nbsp; Sprzedaje projekt zbiornika na zg\u0142oszenie kt\u00f3ry nie wymaga Pozwolenia na budow\u0119 Projekt bezodp\u0142ywowego zbiornika na \u015bcieki o pojemno\u015bci V = 9.60\u00a0 m3 Powierzchnia zabudowy 14.19 m2 Ca\u0142kowita kubatura zabudowy 29.09 m2 Pojemno\u015b\u0107 u\u017cytkowa zbiornika&hellip;<\/p>\n","protected":false},"featured_media":80,"comment_status":"open","ping_status":"closed","template":"","meta":{"_monsterinsights_skip_tracking":false,"_monsterinsights_sitenote_active":false,"_monsterinsights_sitenote_note":"","_monsterinsights_sitenote_category":0},"product_brand":[],"product_cat":[30],"product_tag":[35,34,33],"class_list":{"0":"post-77","1":"product","2":"type-product","3":"status-publish","4":"has-post-thumbnail","6":"product_cat-zbiorniki-na-scieki","7":"product_tag-na-zgloszenie","8":"product_tag-szambo","9":"product_tag-zbiornik-na-scieki","11":"first","12":"outofstock","13":"sale","14":"taxable","15":"shipping-taxable","16":"purchasable","17":"product-type-simple"},"yoast_head":"<!-- This site is optimized with the Yoast SEO Premium plugin v19.3 (Yoast SEO v26.8) - https:\/\/yoast.com\/product\/yoast-seo-premium-wordpress\/ -->\n<title>ZB1 zbiornik \/ szambo - Dom na Zg\u0142oszenie<\/title>\n<meta name=\"robots\" content=\"index, follow, max-snippet:-1, max-image-preview:large, max-video-preview:-1\" \/>\n<link rel=\"canonical\" href=\"https:\/\/domnazgloszenie.pl\/index.php\/product\/zb1-zbiornik-szambo\/\" \/>\n<meta property=\"og:locale\" content=\"pl_PL\" \/>\n<meta property=\"og:type\" content=\"article\" \/>\n<meta property=\"og:title\" content=\"ZB1 zbiornik \/ szambo\" \/>\n<meta property=\"og:description\" content=\"ZB1 zbiornik szambo na zg\u0142oszenie &nbsp; Sprzedaje projekt zbiornika na zg\u0142oszenie kt\u00f3ry nie wymaga Pozwolenia na budow\u0119 Projekt bezodp\u0142ywowego zbiornika na \u015bcieki o pojemno\u015bci V = 9.60\u00a0 m3 Powierzchnia zabudowy 14.19 m2 Ca\u0142kowita kubatura zabudowy 29.09 m2 Pojemno\u015b\u0107 u\u017cytkowa zbiornika&hellip;\" \/>\n<meta property=\"og:url\" content=\"https:\/\/domnazgloszenie.pl\/index.php\/product\/zb1-zbiornik-szambo\/\" \/>\n<meta property=\"og:site_name\" content=\"Dom na Zg\u0142oszenie\" \/>\n<meta property=\"article:publisher\" content=\"https:\/\/www.facebook.com\/domnazgloszenie\" \/>\n<meta property=\"article:modified_time\" content=\"2024-07-01T12:38:30+00:00\" \/>\n<meta property=\"og:image\" content=\"https:\/\/domnazgloszenie.pl\/wp-content\/uploads\/2020\/03\/443005f44b87935c16d6a17c055d.jpg\" \/>\n\t<meta property=\"og:image:width\" content=\"2560\" \/>\n\t<meta property=\"og:image:height\" content=\"1775\" \/>\n\t<meta property=\"og:image:type\" content=\"image\/jpeg\" \/>\n<meta name=\"twitter:card\" content=\"summary_large_image\" \/>\n<meta name=\"twitter:site\" content=\"@domnazgloszenie\" \/>\n<meta name=\"twitter:label1\" content=\"Szacowany czas czytania\" \/>\n\t<meta name=\"twitter:data1\" content=\"1 minuta\" \/>\n<script type=\"application\/ld+json\" class=\"yoast-schema-graph\">{\"@context\":\"https:\/\/schema.org\",\"@graph\":[{\"@type\":\"WebPage\",\"@id\":\"https:\/\/domnazgloszenie.pl\/index.php\/product\/zb1-zbiornik-szambo\/\",\"url\":\"https:\/\/domnazgloszenie.pl\/index.php\/product\/zb1-zbiornik-szambo\/\",\"name\":\"ZB1 zbiornik \/ szambo - Dom na Zg\u0142oszenie\",\"isPartOf\":{\"@id\":\"https:\/\/domnazgloszenie.pl\/#website\"},\"primaryImageOfPage\":{\"@id\":\"https:\/\/domnazgloszenie.pl\/index.php\/product\/zb1-zbiornik-szambo\/#primaryimage\"},\"image\":{\"@id\":\"https:\/\/domnazgloszenie.pl\/index.php\/product\/zb1-zbiornik-szambo\/#primaryimage\"},\"thumbnailUrl\":\"https:\/\/domnazgloszenie.pl\/wp-content\/uploads\/2020\/03\/443005f44b87935c16d6a17c055d.jpg\",\"datePublished\":\"2020-03-07T15:43:04+00:00\",\"dateModified\":\"2024-07-01T12:38:30+00:00\",\"breadcrumb\":{\"@id\":\"https:\/\/domnazgloszenie.pl\/index.php\/product\/zb1-zbiornik-szambo\/#breadcrumb\"},\"inLanguage\":\"pl-PL\",\"potentialAction\":[{\"@type\":\"ReadAction\",\"target\":[\"https:\/\/domnazgloszenie.pl\/index.php\/product\/zb1-zbiornik-szambo\/\"]}]},{\"@type\":\"ImageObject\",\"inLanguage\":\"pl-PL\",\"@id\":\"https:\/\/domnazgloszenie.pl\/index.php\/product\/zb1-zbiornik-szambo\/#primaryimage\",\"url\":\"https:\/\/domnazgloszenie.pl\/wp-content\/uploads\/2020\/03\/443005f44b87935c16d6a17c055d.jpg\",\"contentUrl\":\"https:\/\/domnazgloszenie.pl\/wp-content\/uploads\/2020\/03\/443005f44b87935c16d6a17c055d.jpg\",\"width\":2560,\"height\":1775},{\"@type\":\"BreadcrumbList\",\"@id\":\"https:\/\/domnazgloszenie.pl\/index.php\/product\/zb1-zbiornik-szambo\/#breadcrumb\",\"itemListElement\":[{\"@type\":\"ListItem\",\"position\":1,\"name\":\"Strona g\u0142\u00f3wna\",\"item\":\"https:\/\/domnazgloszenie.pl\/\"},{\"@type\":\"ListItem\",\"position\":2,\"name\":\"SKLEP\",\"item\":\"https:\/\/domnazgloszenie.pl\/index.php\/sklep\/\"},{\"@type\":\"ListItem\",\"position\":3,\"name\":\"ZB1 zbiornik \/ szambo\"}]},{\"@type\":\"WebSite\",\"@id\":\"https:\/\/domnazgloszenie.pl\/#website\",\"url\":\"https:\/\/domnazgloszenie.pl\/\",\"name\":\"Dom na Zg\u0142oszenie\",\"description\":\"Projekty dom\u00f3w na zg\u0142oszenie do 35m2\",\"publisher\":{\"@id\":\"https:\/\/domnazgloszenie.pl\/#organization\"},\"potentialAction\":[{\"@type\":\"SearchAction\",\"target\":{\"@type\":\"EntryPoint\",\"urlTemplate\":\"https:\/\/domnazgloszenie.pl\/?s={search_term_string}\"},\"query-input\":{\"@type\":\"PropertyValueSpecification\",\"valueRequired\":true,\"valueName\":\"search_term_string\"}}],\"inLanguage\":\"pl-PL\"},{\"@type\":[\"Organization\",\"Place\"],\"@id\":\"https:\/\/domnazgloszenie.pl\/#organization\",\"name\":\"Dom na zg\u0142oszenie\",\"url\":\"https:\/\/domnazgloszenie.pl\/\",\"logo\":{\"@id\":\"https:\/\/domnazgloszenie.pl\/index.php\/product\/zb1-zbiornik-szambo\/#local-main-organization-logo\"},\"image\":{\"@id\":\"https:\/\/domnazgloszenie.pl\/index.php\/product\/zb1-zbiornik-szambo\/#local-main-organization-logo\"},\"sameAs\":[\"https:\/\/www.facebook.com\/domnazgloszenie\",\"https:\/\/x.com\/domnazgloszenie\",\"https:\/\/www.instagram.com\/dom_na_zgloszenie\/\",\"https:\/\/www.tiktok.com\/@domnazgloszenie\",\"https:\/\/pinterest.com\/domnazgloszenie\/\",\"https:\/\/www.behance.net\/domnazgloszenie\"],\"openingHoursSpecification\":[{\"@type\":\"OpeningHoursSpecification\",\"dayOfWeek\":[\"Monday\",\"Tuesday\",\"Wednesday\",\"Thursday\",\"Friday\",\"Saturday\",\"Sunday\"],\"opens\":\"09:00\",\"closes\":\"17:00\"}]},{\"@type\":\"ImageObject\",\"inLanguage\":\"pl-PL\",\"@id\":\"https:\/\/domnazgloszenie.pl\/index.php\/product\/zb1-zbiornik-szambo\/#local-main-organization-logo\",\"url\":\"https:\/\/domnazgloszenie.pl\/wp-content\/uploads\/2021\/10\/DOM-NA-ZGLOSZENIE-01.png\",\"contentUrl\":\"https:\/\/domnazgloszenie.pl\/wp-content\/uploads\/2021\/10\/DOM-NA-ZGLOSZENIE-01.png\",\"width\":1000,\"height\":1000,\"caption\":\"Dom na zg\u0142oszenie\"}]}<\/script>\n<!-- \/ Yoast SEO Premium plugin. -->","yoast_head_json":{"title":"ZB1 zbiornik \/ szambo - Dom na Zg\u0142oszenie","robots":{"index":"index","follow":"follow","max-snippet":"max-snippet:-1","max-image-preview":"max-image-preview:large","max-video-preview":"max-video-preview:-1"},"canonical":"https:\/\/domnazgloszenie.pl\/index.php\/product\/zb1-zbiornik-szambo\/","og_locale":"pl_PL","og_type":"article","og_title":"ZB1 zbiornik \/ szambo","og_description":"ZB1 zbiornik szambo na zg\u0142oszenie &nbsp; Sprzedaje projekt zbiornika na zg\u0142oszenie kt\u00f3ry nie wymaga Pozwolenia na budow\u0119 Projekt bezodp\u0142ywowego zbiornika na \u015bcieki o pojemno\u015bci V = 9.60\u00a0 m3 Powierzchnia zabudowy 14.19 m2 Ca\u0142kowita kubatura zabudowy 29.09 m2 Pojemno\u015b\u0107 u\u017cytkowa zbiornika&hellip;","og_url":"https:\/\/domnazgloszenie.pl\/index.php\/product\/zb1-zbiornik-szambo\/","og_site_name":"Dom na Zg\u0142oszenie","article_publisher":"https:\/\/www.facebook.com\/domnazgloszenie","article_modified_time":"2024-07-01T12:38:30+00:00","og_image":[{"width":2560,"height":1775,"url":"https:\/\/domnazgloszenie.pl\/wp-content\/uploads\/2020\/03\/443005f44b87935c16d6a17c055d.jpg","type":"image\/jpeg"}],"twitter_card":"summary_large_image","twitter_site":"@domnazgloszenie","twitter_misc":{"Szacowany czas czytania":"1 minuta"},"schema":{"@context":"https:\/\/schema.org","@graph":[{"@type":"WebPage","@id":"https:\/\/domnazgloszenie.pl\/index.php\/product\/zb1-zbiornik-szambo\/","url":"https:\/\/domnazgloszenie.pl\/index.php\/product\/zb1-zbiornik-szambo\/","name":"ZB1 zbiornik \/ szambo - Dom na Zg\u0142oszenie","isPartOf":{"@id":"https:\/\/domnazgloszenie.pl\/#website"},"primaryImageOfPage":{"@id":"https:\/\/domnazgloszenie.pl\/index.php\/product\/zb1-zbiornik-szambo\/#primaryimage"},"image":{"@id":"https:\/\/domnazgloszenie.pl\/index.php\/product\/zb1-zbiornik-szambo\/#primaryimage"},"thumbnailUrl":"https:\/\/domnazgloszenie.pl\/wp-content\/uploads\/2020\/03\/443005f44b87935c16d6a17c055d.jpg","datePublished":"2020-03-07T15:43:04+00:00","dateModified":"2024-07-01T12:38:30+00:00","breadcrumb":{"@id":"https:\/\/domnazgloszenie.pl\/index.php\/product\/zb1-zbiornik-szambo\/#breadcrumb"},"inLanguage":"pl-PL","potentialAction":[{"@type":"ReadAction","target":["https:\/\/domnazgloszenie.pl\/index.php\/product\/zb1-zbiornik-szambo\/"]}]},{"@type":"ImageObject","inLanguage":"pl-PL","@id":"https:\/\/domnazgloszenie.pl\/index.php\/product\/zb1-zbiornik-szambo\/#primaryimage","url":"https:\/\/domnazgloszenie.pl\/wp-content\/uploads\/2020\/03\/443005f44b87935c16d6a17c055d.jpg","contentUrl":"https:\/\/domnazgloszenie.pl\/wp-content\/uploads\/2020\/03\/443005f44b87935c16d6a17c055d.jpg","width":2560,"height":1775},{"@type":"BreadcrumbList","@id":"https:\/\/domnazgloszenie.pl\/index.php\/product\/zb1-zbiornik-szambo\/#breadcrumb","itemListElement":[{"@type":"ListItem","position":1,"name":"Strona g\u0142\u00f3wna","item":"https:\/\/domnazgloszenie.pl\/"},{"@type":"ListItem","position":2,"name":"SKLEP","item":"https:\/\/domnazgloszenie.pl\/index.php\/sklep\/"},{"@type":"ListItem","position":3,"name":"ZB1 zbiornik \/ szambo"}]},{"@type":"WebSite","@id":"https:\/\/domnazgloszenie.pl\/#website","url":"https:\/\/domnazgloszenie.pl\/","name":"Dom na Zg\u0142oszenie","description":"Projekty dom\u00f3w na zg\u0142oszenie do 35m2","publisher":{"@id":"https:\/\/domnazgloszenie.pl\/#organization"},"potentialAction":[{"@type":"SearchAction","target":{"@type":"EntryPoint","urlTemplate":"https:\/\/domnazgloszenie.pl\/?s={search_term_string}"},"query-input":{"@type":"PropertyValueSpecification","valueRequired":true,"valueName":"search_term_string"}}],"inLanguage":"pl-PL"},{"@type":["Organization","Place"],"@id":"https:\/\/domnazgloszenie.pl\/#organization","name":"Dom na zg\u0142oszenie","url":"https:\/\/domnazgloszenie.pl\/","logo":{"@id":"https:\/\/domnazgloszenie.pl\/index.php\/product\/zb1-zbiornik-szambo\/#local-main-organization-logo"},"image":{"@id":"https:\/\/domnazgloszenie.pl\/index.php\/product\/zb1-zbiornik-szambo\/#local-main-organization-logo"},"sameAs":["https:\/\/www.facebook.com\/domnazgloszenie","https:\/\/x.com\/domnazgloszenie","https:\/\/www.instagram.com\/dom_na_zgloszenie\/","https:\/\/www.tiktok.com\/@domnazgloszenie","https:\/\/pinterest.com\/domnazgloszenie\/","https:\/\/www.behance.net\/domnazgloszenie"],"openingHoursSpecification":[{"@type":"OpeningHoursSpecification","dayOfWeek":["Monday","Tuesday","Wednesday","Thursday","Friday","Saturday","Sunday"],"opens":"09:00","closes":"17:00"}]},{"@type":"ImageObject","inLanguage":"pl-PL","@id":"https:\/\/domnazgloszenie.pl\/index.php\/product\/zb1-zbiornik-szambo\/#local-main-organization-logo","url":"https:\/\/domnazgloszenie.pl\/wp-content\/uploads\/2021\/10\/DOM-NA-ZGLOSZENIE-01.png","contentUrl":"https:\/\/domnazgloszenie.pl\/wp-content\/uploads\/2021\/10\/DOM-NA-ZGLOSZENIE-01.png","width":1000,"height":1000,"caption":"Dom na zg\u0142oszenie"}]}},"jetpack_sharing_enabled":true,"_links":{"self":[{"href":"https:\/\/domnazgloszenie.pl\/index.php\/wp-json\/wp\/v2\/product\/77","targetHints":{"allow":["GET"]}}],"collection":[{"href":"https:\/\/domnazgloszenie.pl\/index.php\/wp-json\/wp\/v2\/product"}],"about":[{"href":"https:\/\/domnazgloszenie.pl\/index.php\/wp-json\/wp\/v2\/types\/product"}],"replies":[{"embeddable":true,"href":"https:\/\/domnazgloszenie.pl\/index.php\/wp-json\/wp\/v2\/comments?post=77"}],"wp:featuredmedia":[{"embeddable":true,"href":"https:\/\/domnazgloszenie.pl\/index.php\/wp-json\/wp\/v2\/media\/80"}],"wp:attachment":[{"href":"https:\/\/domnazgloszenie.pl\/index.php\/wp-json\/wp\/v2\/media?parent=77"}],"wp:term":[{"taxonomy":"product_brand","embeddable":true,"href":"https:\/\/domnazgloszenie.pl\/index.php\/wp-json\/wp\/v2\/product_brand?post=77"},{"taxonomy":"product_cat","embeddable":true,"href":"https:\/\/domnazgloszenie.pl\/index.php\/wp-json\/wp\/v2\/product_cat?post=77"},{"taxonomy":"product_tag","embeddable":true,"href":"https:\/\/domnazgloszenie.pl\/index.php\/wp-json\/wp\/v2\/product_tag?post=77"}],"curies":[{"name":"wp","href":"https:\/\/api.w.org\/{rel}","templated":true}]}}