{"id":806,"date":"2022-03-27T18:32:06","date_gmt":"2022-03-27T16:32:06","guid":{"rendered":"http:\/\/domnazgloszenie.pl\/?post_type=product&#038;p=806"},"modified":"2023-02-20T23:07:59","modified_gmt":"2023-02-20T22:07:59","slug":"projekt-domu-zg228","status":"publish","type":"product","link":"https:\/\/domnazgloszenie.pl\/index.php\/product\/projekt-domu-zg228\/","title":{"rendered":"Projekt domu ZG228"},"content":{"rendered":"<p class=\"p1\"><span class=\"s1\">Wyr\u00f3\u017cnia si\u0119 racjonalnym zagospodarowaniem niedu\u017cej powierzchni, gwarantuj\u0105cym wygodne u\u017cytkowanie domu. Zwarta i nowoczesna bry\u0142a, dwuspadowy dach umo\u017cliwi\u0105 szybk\u0105 oraz ekonomiczn\u0105 realizacj\u0119. <\/span><\/p>\n<p class=\"p1\"><span class=\"s1\">Atrakcyjnie wyko\u0144czone elewacje \u0142\u0105cz\u0105 bia\u0142y tynk z drewnian\u0105 ok\u0142adzin\u0105. <\/span><\/p>\n<p>&nbsp;<\/p>\n<p>&nbsp;<\/p>\n<p>PROJEKT NA ZG\u0141OSZENIE ZG228<\/p>\n<p>Opis i rzuty w przygotowaniu<\/p>\n<p>Jeste\u015b zainteresowany skontaktuj si\u0119 z Tw\u00f3rc\u0105 projektu:<\/p>\n<p class=\"p1\"><span class=\"s1\">+48 731 592 973<\/span><\/p>\n","protected":false},"excerpt":{"rendered":"<p>PROJEKT NA ZG\u0141OSZENIE ZG228<\/p>\n<p class=\"p1\"><span class=\"s1\">Prezentowany projekt ZG228 jest budynkiem parterowym kt\u00f3ry wpisuje si\u0119 w nasz katalog domk\u00f3w na zg\u0142oszenie do 70 m2 zabudowy. <\/span><\/p>\n<p class=\"p1\"><span class=\"s1\">To atrakcyjna propozycja do realizacji rekreacyjnych inwestycji indywidualnych, a tak\u017ce komercyjnych enklaw wypoczynkowych z funkcjonalnymi w u\u017cytkowaniu domkami. Prosta bry\u0142a z dwuspadowym dachem wyr\u00f3\u017cnia si\u0119 wyj\u0105tkow\u0105 urod\u0105. Efektownie prezentuje si\u0119 elewacja w oprawie jasnego tynku, z du\u017cymi przeszkleniami.<\/span><\/p>\n<p class=\"p1\"><span class=\"s1\">Projekt z pewno\u015bci\u0105 pozwoli zrealizowa\u0107 marzenia o nowoczesnym domku letniskowym w ulubionym otoczeniu przyrody i b\u0119dzie wspania\u0142ym azylem dla letnik\u00f3w.<\/span><\/p>\n<p>&nbsp;<\/p>\n<p>Opis i rzuty w przygotowaniu<\/p>\n<p>Jeste\u015b zainteresowany skontaktuj si\u0119 z Tw\u00f3rc\u0105 projektu:<\/p>\n<p class=\"p1\"><span class=\"s1\">+48 731 592 973<\/span><\/p>\n<p>&nbsp;<\/p>\n","protected":false},"featured_media":807,"comment_status":"open","ping_status":"closed","template":"","meta":{"_monsterinsights_skip_tracking":false,"_monsterinsights_sitenote_active":false,"_monsterinsights_sitenote_note":"","_monsterinsights_sitenote_category":0},"product_brand":[],"product_cat":[24,71,69],"product_tag":[],"class_list":{"0":"post-806","1":"product","2":"type-product","3":"status-publish","4":"has-post-thumbnail","6":"product_cat-na-zgloszenie","7":"product_cat-nowosc","8":"product_cat-polecane","10":"first","11":"outofstock","12":"sale","13":"virtual","14":"purchasable","15":"product-type-simple"},"yoast_head":"<!-- This site is optimized with the Yoast SEO Premium plugin v19.3 (Yoast SEO v26.8) - https:\/\/yoast.com\/product\/yoast-seo-premium-wordpress\/ -->\n<title>Projekt domu ZG228 - Dom na Zg\u0142oszenie<\/title>\n<meta name=\"robots\" content=\"index, follow, max-snippet:-1, max-image-preview:large, max-video-preview:-1\" \/>\n<link rel=\"canonical\" href=\"https:\/\/domnazgloszenie.pl\/index.php\/product\/projekt-domu-zg228\/\" \/>\n<meta property=\"og:locale\" content=\"pl_PL\" \/>\n<meta property=\"og:type\" content=\"article\" \/>\n<meta property=\"og:title\" content=\"Projekt domu ZG228\" \/>\n<meta property=\"og:description\" content=\"PROJEKT NA ZG\u0141OSZENIE ZG228 Prezentowany projekt ZG228 jest budynkiem parterowym kt\u00f3ry wpisuje si\u0119 w nasz katalog domk\u00f3w na zg\u0142oszenie do 70 m2 zabudowy.  To atrakcyjna propozycja do realizacji rekreacyjnych inwestycji indywidualnych, a tak\u017ce komercyjnych enklaw wypoczynkowych z funkcjonalnymi w u\u017cytkowaniu domkami. Prosta bry\u0142a z dwuspadowym dachem wyr\u00f3\u017cnia si\u0119 wyj\u0105tkow\u0105 urod\u0105. Efektownie prezentuje si\u0119 elewacja w oprawie jasnego tynku, z du\u017cymi przeszkleniami. Projekt z pewno\u015bci\u0105 pozwoli zrealizowa\u0107 marzenia o nowoczesnym domku letniskowym w ulubionym otoczeniu przyrody i b\u0119dzie wspania\u0142ym azylem dla letnik\u00f3w. &nbsp;  Opis i rzuty w przygotowaniu  Jeste\u015b zainteresowany skontaktuj si\u0119 z Tw\u00f3rc\u0105 projektu: +48 731 592 973 &nbsp;\" \/>\n<meta property=\"og:url\" content=\"https:\/\/domnazgloszenie.pl\/index.php\/product\/projekt-domu-zg228\/\" \/>\n<meta property=\"og:site_name\" content=\"Dom na Zg\u0142oszenie\" \/>\n<meta property=\"article:publisher\" content=\"https:\/\/www.facebook.com\/domnazgloszenie\" \/>\n<meta property=\"article:modified_time\" content=\"2023-02-20T22:07:59+00:00\" \/>\n<meta property=\"og:image\" content=\"https:\/\/domnazgloszenie.pl\/wp-content\/uploads\/2022\/03\/1_1-Photo-1-scaled.jpg\" \/>\n\t<meta property=\"og:image:width\" content=\"2560\" \/>\n\t<meta property=\"og:image:height\" content=\"1764\" \/>\n\t<meta property=\"og:image:type\" content=\"image\/jpeg\" \/>\n<meta name=\"twitter:card\" content=\"summary_large_image\" \/>\n<meta name=\"twitter:site\" content=\"@domnazgloszenie\" \/>\n<meta name=\"twitter:label1\" content=\"Szacowany czas czytania\" \/>\n\t<meta name=\"twitter:data1\" content=\"1 minuta\" \/>\n<script type=\"application\/ld+json\" class=\"yoast-schema-graph\">{\"@context\":\"https:\/\/schema.org\",\"@graph\":[{\"@type\":\"WebPage\",\"@id\":\"https:\/\/domnazgloszenie.pl\/index.php\/product\/projekt-domu-zg228\/\",\"url\":\"https:\/\/domnazgloszenie.pl\/index.php\/product\/projekt-domu-zg228\/\",\"name\":\"Projekt domu ZG228 - Dom na Zg\u0142oszenie\",\"isPartOf\":{\"@id\":\"https:\/\/domnazgloszenie.pl\/#website\"},\"primaryImageOfPage\":{\"@id\":\"https:\/\/domnazgloszenie.pl\/index.php\/product\/projekt-domu-zg228\/#primaryimage\"},\"image\":{\"@id\":\"https:\/\/domnazgloszenie.pl\/index.php\/product\/projekt-domu-zg228\/#primaryimage\"},\"thumbnailUrl\":\"https:\/\/domnazgloszenie.pl\/wp-content\/uploads\/2022\/03\/1_1-Photo-1-scaled.jpg\",\"datePublished\":\"2022-03-27T16:32:06+00:00\",\"dateModified\":\"2023-02-20T22:07:59+00:00\",\"breadcrumb\":{\"@id\":\"https:\/\/domnazgloszenie.pl\/index.php\/product\/projekt-domu-zg228\/#breadcrumb\"},\"inLanguage\":\"pl-PL\",\"potentialAction\":[{\"@type\":\"ReadAction\",\"target\":[\"https:\/\/domnazgloszenie.pl\/index.php\/product\/projekt-domu-zg228\/\"]}]},{\"@type\":\"ImageObject\",\"inLanguage\":\"pl-PL\",\"@id\":\"https:\/\/domnazgloszenie.pl\/index.php\/product\/projekt-domu-zg228\/#primaryimage\",\"url\":\"https:\/\/domnazgloszenie.pl\/wp-content\/uploads\/2022\/03\/1_1-Photo-1-scaled.jpg\",\"contentUrl\":\"https:\/\/domnazgloszenie.pl\/wp-content\/uploads\/2022\/03\/1_1-Photo-1-scaled.jpg\",\"width\":2560,\"height\":1764},{\"@type\":\"BreadcrumbList\",\"@id\":\"https:\/\/domnazgloszenie.pl\/index.php\/product\/projekt-domu-zg228\/#breadcrumb\",\"itemListElement\":[{\"@type\":\"ListItem\",\"position\":1,\"name\":\"Strona g\u0142\u00f3wna\",\"item\":\"https:\/\/domnazgloszenie.pl\/\"},{\"@type\":\"ListItem\",\"position\":2,\"name\":\"SKLEP\",\"item\":\"https:\/\/domnazgloszenie.pl\/index.php\/sklep\/\"},{\"@type\":\"ListItem\",\"position\":3,\"name\":\"Projekt domu ZG228\"}]},{\"@type\":\"WebSite\",\"@id\":\"https:\/\/domnazgloszenie.pl\/#website\",\"url\":\"https:\/\/domnazgloszenie.pl\/\",\"name\":\"Dom na Zg\u0142oszenie\",\"description\":\"Projekty dom\u00f3w na zg\u0142oszenie do 35m2\",\"publisher\":{\"@id\":\"https:\/\/domnazgloszenie.pl\/#organization\"},\"potentialAction\":[{\"@type\":\"SearchAction\",\"target\":{\"@type\":\"EntryPoint\",\"urlTemplate\":\"https:\/\/domnazgloszenie.pl\/?s={search_term_string}\"},\"query-input\":{\"@type\":\"PropertyValueSpecification\",\"valueRequired\":true,\"valueName\":\"search_term_string\"}}],\"inLanguage\":\"pl-PL\"},{\"@type\":[\"Organization\",\"Place\"],\"@id\":\"https:\/\/domnazgloszenie.pl\/#organization\",\"name\":\"Dom na zg\u0142oszenie\",\"url\":\"https:\/\/domnazgloszenie.pl\/\",\"logo\":{\"@id\":\"https:\/\/domnazgloszenie.pl\/index.php\/product\/projekt-domu-zg228\/#local-main-organization-logo\"},\"image\":{\"@id\":\"https:\/\/domnazgloszenie.pl\/index.php\/product\/projekt-domu-zg228\/#local-main-organization-logo\"},\"sameAs\":[\"https:\/\/www.facebook.com\/domnazgloszenie\",\"https:\/\/x.com\/domnazgloszenie\",\"https:\/\/www.instagram.com\/dom_na_zgloszenie\/\",\"https:\/\/www.tiktok.com\/@domnazgloszenie\",\"https:\/\/pinterest.com\/domnazgloszenie\/\",\"https:\/\/www.behance.net\/domnazgloszenie\"],\"openingHoursSpecification\":[{\"@type\":\"OpeningHoursSpecification\",\"dayOfWeek\":[\"Monday\",\"Tuesday\",\"Wednesday\",\"Thursday\",\"Friday\",\"Saturday\",\"Sunday\"],\"opens\":\"09:00\",\"closes\":\"17:00\"}]},{\"@type\":\"ImageObject\",\"inLanguage\":\"pl-PL\",\"@id\":\"https:\/\/domnazgloszenie.pl\/index.php\/product\/projekt-domu-zg228\/#local-main-organization-logo\",\"url\":\"https:\/\/domnazgloszenie.pl\/wp-content\/uploads\/2021\/10\/DOM-NA-ZGLOSZENIE-01.png\",\"contentUrl\":\"https:\/\/domnazgloszenie.pl\/wp-content\/uploads\/2021\/10\/DOM-NA-ZGLOSZENIE-01.png\",\"width\":1000,\"height\":1000,\"caption\":\"Dom na zg\u0142oszenie\"}]}<\/script>\n<!-- \/ Yoast SEO Premium plugin. -->","yoast_head_json":{"title":"Projekt domu ZG228 - Dom na Zg\u0142oszenie","robots":{"index":"index","follow":"follow","max-snippet":"max-snippet:-1","max-image-preview":"max-image-preview:large","max-video-preview":"max-video-preview:-1"},"canonical":"https:\/\/domnazgloszenie.pl\/index.php\/product\/projekt-domu-zg228\/","og_locale":"pl_PL","og_type":"article","og_title":"Projekt domu ZG228","og_description":"PROJEKT NA ZG\u0141OSZENIE ZG228 Prezentowany projekt ZG228 jest budynkiem parterowym kt\u00f3ry wpisuje si\u0119 w nasz katalog domk\u00f3w na zg\u0142oszenie do 70 m2 zabudowy.  To atrakcyjna propozycja do realizacji rekreacyjnych inwestycji indywidualnych, a tak\u017ce komercyjnych enklaw wypoczynkowych z funkcjonalnymi w u\u017cytkowaniu domkami. Prosta bry\u0142a z dwuspadowym dachem wyr\u00f3\u017cnia si\u0119 wyj\u0105tkow\u0105 urod\u0105. Efektownie prezentuje si\u0119 elewacja w oprawie jasnego tynku, z du\u017cymi przeszkleniami. Projekt z pewno\u015bci\u0105 pozwoli zrealizowa\u0107 marzenia o nowoczesnym domku letniskowym w ulubionym otoczeniu przyrody i b\u0119dzie wspania\u0142ym azylem dla letnik\u00f3w. &nbsp;  Opis i rzuty w przygotowaniu  Jeste\u015b zainteresowany skontaktuj si\u0119 z Tw\u00f3rc\u0105 projektu: +48 731 592 973 &nbsp;","og_url":"https:\/\/domnazgloszenie.pl\/index.php\/product\/projekt-domu-zg228\/","og_site_name":"Dom na Zg\u0142oszenie","article_publisher":"https:\/\/www.facebook.com\/domnazgloszenie","article_modified_time":"2023-02-20T22:07:59+00:00","og_image":[{"width":2560,"height":1764,"url":"https:\/\/domnazgloszenie.pl\/wp-content\/uploads\/2022\/03\/1_1-Photo-1-scaled.jpg","type":"image\/jpeg"}],"twitter_card":"summary_large_image","twitter_site":"@domnazgloszenie","twitter_misc":{"Szacowany czas czytania":"1 minuta"},"schema":{"@context":"https:\/\/schema.org","@graph":[{"@type":"WebPage","@id":"https:\/\/domnazgloszenie.pl\/index.php\/product\/projekt-domu-zg228\/","url":"https:\/\/domnazgloszenie.pl\/index.php\/product\/projekt-domu-zg228\/","name":"Projekt domu ZG228 - Dom na Zg\u0142oszenie","isPartOf":{"@id":"https:\/\/domnazgloszenie.pl\/#website"},"primaryImageOfPage":{"@id":"https:\/\/domnazgloszenie.pl\/index.php\/product\/projekt-domu-zg228\/#primaryimage"},"image":{"@id":"https:\/\/domnazgloszenie.pl\/index.php\/product\/projekt-domu-zg228\/#primaryimage"},"thumbnailUrl":"https:\/\/domnazgloszenie.pl\/wp-content\/uploads\/2022\/03\/1_1-Photo-1-scaled.jpg","datePublished":"2022-03-27T16:32:06+00:00","dateModified":"2023-02-20T22:07:59+00:00","breadcrumb":{"@id":"https:\/\/domnazgloszenie.pl\/index.php\/product\/projekt-domu-zg228\/#breadcrumb"},"inLanguage":"pl-PL","potentialAction":[{"@type":"ReadAction","target":["https:\/\/domnazgloszenie.pl\/index.php\/product\/projekt-domu-zg228\/"]}]},{"@type":"ImageObject","inLanguage":"pl-PL","@id":"https:\/\/domnazgloszenie.pl\/index.php\/product\/projekt-domu-zg228\/#primaryimage","url":"https:\/\/domnazgloszenie.pl\/wp-content\/uploads\/2022\/03\/1_1-Photo-1-scaled.jpg","contentUrl":"https:\/\/domnazgloszenie.pl\/wp-content\/uploads\/2022\/03\/1_1-Photo-1-scaled.jpg","width":2560,"height":1764},{"@type":"BreadcrumbList","@id":"https:\/\/domnazgloszenie.pl\/index.php\/product\/projekt-domu-zg228\/#breadcrumb","itemListElement":[{"@type":"ListItem","position":1,"name":"Strona g\u0142\u00f3wna","item":"https:\/\/domnazgloszenie.pl\/"},{"@type":"ListItem","position":2,"name":"SKLEP","item":"https:\/\/domnazgloszenie.pl\/index.php\/sklep\/"},{"@type":"ListItem","position":3,"name":"Projekt domu ZG228"}]},{"@type":"WebSite","@id":"https:\/\/domnazgloszenie.pl\/#website","url":"https:\/\/domnazgloszenie.pl\/","name":"Dom na Zg\u0142oszenie","description":"Projekty dom\u00f3w na zg\u0142oszenie do 35m2","publisher":{"@id":"https:\/\/domnazgloszenie.pl\/#organization"},"potentialAction":[{"@type":"SearchAction","target":{"@type":"EntryPoint","urlTemplate":"https:\/\/domnazgloszenie.pl\/?s={search_term_string}"},"query-input":{"@type":"PropertyValueSpecification","valueRequired":true,"valueName":"search_term_string"}}],"inLanguage":"pl-PL"},{"@type":["Organization","Place"],"@id":"https:\/\/domnazgloszenie.pl\/#organization","name":"Dom na zg\u0142oszenie","url":"https:\/\/domnazgloszenie.pl\/","logo":{"@id":"https:\/\/domnazgloszenie.pl\/index.php\/product\/projekt-domu-zg228\/#local-main-organization-logo"},"image":{"@id":"https:\/\/domnazgloszenie.pl\/index.php\/product\/projekt-domu-zg228\/#local-main-organization-logo"},"sameAs":["https:\/\/www.facebook.com\/domnazgloszenie","https:\/\/x.com\/domnazgloszenie","https:\/\/www.instagram.com\/dom_na_zgloszenie\/","https:\/\/www.tiktok.com\/@domnazgloszenie","https:\/\/pinterest.com\/domnazgloszenie\/","https:\/\/www.behance.net\/domnazgloszenie"],"openingHoursSpecification":[{"@type":"OpeningHoursSpecification","dayOfWeek":["Monday","Tuesday","Wednesday","Thursday","Friday","Saturday","Sunday"],"opens":"09:00","closes":"17:00"}]},{"@type":"ImageObject","inLanguage":"pl-PL","@id":"https:\/\/domnazgloszenie.pl\/index.php\/product\/projekt-domu-zg228\/#local-main-organization-logo","url":"https:\/\/domnazgloszenie.pl\/wp-content\/uploads\/2021\/10\/DOM-NA-ZGLOSZENIE-01.png","contentUrl":"https:\/\/domnazgloszenie.pl\/wp-content\/uploads\/2021\/10\/DOM-NA-ZGLOSZENIE-01.png","width":1000,"height":1000,"caption":"Dom na zg\u0142oszenie"}]}},"jetpack_sharing_enabled":true,"_links":{"self":[{"href":"https:\/\/domnazgloszenie.pl\/index.php\/wp-json\/wp\/v2\/product\/806","targetHints":{"allow":["GET"]}}],"collection":[{"href":"https:\/\/domnazgloszenie.pl\/index.php\/wp-json\/wp\/v2\/product"}],"about":[{"href":"https:\/\/domnazgloszenie.pl\/index.php\/wp-json\/wp\/v2\/types\/product"}],"replies":[{"embeddable":true,"href":"https:\/\/domnazgloszenie.pl\/index.php\/wp-json\/wp\/v2\/comments?post=806"}],"wp:featuredmedia":[{"embeddable":true,"href":"https:\/\/domnazgloszenie.pl\/index.php\/wp-json\/wp\/v2\/media\/807"}],"wp:attachment":[{"href":"https:\/\/domnazgloszenie.pl\/index.php\/wp-json\/wp\/v2\/media?parent=806"}],"wp:term":[{"taxonomy":"product_brand","embeddable":true,"href":"https:\/\/domnazgloszenie.pl\/index.php\/wp-json\/wp\/v2\/product_brand?post=806"},{"taxonomy":"product_cat","embeddable":true,"href":"https:\/\/domnazgloszenie.pl\/index.php\/wp-json\/wp\/v2\/product_cat?post=806"},{"taxonomy":"product_tag","embeddable":true,"href":"https:\/\/domnazgloszenie.pl\/index.php\/wp-json\/wp\/v2\/product_tag?post=806"}],"curies":[{"name":"wp","href":"https:\/\/api.w.org\/{rel}","templated":true}]}}