{"id":828,"date":"2022-03-27T23:11:33","date_gmt":"2022-03-27T21:11:33","guid":{"rendered":"http:\/\/domnazgloszenie.pl\/?post_type=product&#038;p=828"},"modified":"2025-08-02T00:09:12","modified_gmt":"2025-08-01T22:09:12","slug":"projekt-domu-zg223","status":"publish","type":"product","link":"https:\/\/domnazgloszenie.pl\/index.php\/product\/projekt-domu-zg223\/","title":{"rendered":"Projekt domu ZG223"},"content":{"rendered":"<p class=\"p1\"><span class=\"s1\">Kultowy domek z czas\u00f3w PRL-u. No bo przecie\u017c kto z nas w dzieci\u0144stwie<span class=\"Apple-converted-space\">\u00a0 <\/span>nie je\u017adzi\u0142 na wakacje z rodzicami pod domki zwane \u201eBrdy\u201d .<\/span><\/p>\n<p class=\"p1\"><span class=\"s1\">Z wielk\u0105 przyjemno\u015bci\u0105 prezentujemy nowoczesn\u0105 Brde! <\/span><\/p>\n<p class=\"p1\"><span class=\"s1\">Z wielkimi przeszkleniami, kominkiem, hamakiem, nowoczesn\u0105 \u0142azienk\u0105 i minimalistyczn\u0105 kuchni\u0105 &#8211; czego\u017c chcie\u0107 wi\u0119cej. <\/span><\/p>\n<p class=\"p1\"><span class=\"s1\">Obiekt o pow. zabudowy do 35 m\u00b2 (idealny na letniskowy domek na \u201ezg\u0142oszenie\u201d- bez pozwolenia na budow\u0119!).<\/span><\/p>\n<p class=\"p1\"><span class=\"s1\">Na antresoli znajduje si\u0119 jedna sypialnia. <\/span><\/p>\n<p class=\"p1\"><span class=\"s1\">Ale UWAGA na indywidualne zam\u00f3wienie mo\u017cemy stworzy\u0107 troszk\u0119 wi\u0119ksz\u0105 Brd\u0119 &#8211; wszystko wedle uznania. <\/span><\/p>\n<p class=\"p1\"><span class=\"s1\">I tutaj kolejny dodatek Brd\u0119 t\u0105 oferujemy wraz z BUDOW\u0104! <\/span><\/p>\n<p class=\"p1\"><span class=\"s1\">Budowa w technologi modu\u0142owej drewnianej mo\u017ce powsta\u0107 w zaledwie kilka dnia. <\/span><\/p>\n<p><iframe loading=\"lazy\" title=\"Projekt domu na zg\u0142oszenie ZG223 | Dom bez pozwolenia #domnazgloszenie #dombezpozwolenia\" width=\"800\" height=\"450\" src=\"https:\/\/www.youtube.com\/embed\/dCicvbF_HsE?feature=oembed\" frameborder=\"0\" allow=\"accelerometer; autoplay; clipboard-write; encrypted-media; gyroscope; picture-in-picture; web-share\" allowfullscreen><\/iframe><\/p>\n<p><strong>PROJEKT NA ZG\u0141OSZENIE ZG223<\/strong><\/p>\n<p>Opis i rzuty w przygotowaniu<\/p>\n<p>Jeste\u015b zainteresowany skontaktuj si\u0119 z Tw\u00f3rc\u0105 projektu:<\/p>\n<p class=\"p1\"><span class=\"s1\">+48 731 592 973<\/span><\/p>\n","protected":false},"excerpt":{"rendered":"<p>Kultowy domek z czas\u00f3w PRL-u. No bo przecie\u017c kto z nas w dzieci\u0144stwie\u00a0 nie je\u017adzi\u0142 na wakacje z rodzicami pod domki zwane \u201eBrdy\u201d . Z wielk\u0105 przyjemno\u015bci\u0105 prezentujemy nowoczesn\u0105 Brde! Z wielkimi przeszkleniami, kominkiem, hamakiem, nowoczesn\u0105 \u0142azienk\u0105 i minimalistyczn\u0105 kuchni\u0105&hellip;<\/p>\n","protected":false},"featured_media":834,"comment_status":"open","ping_status":"closed","template":"","meta":{"_monsterinsights_skip_tracking":false,"_monsterinsights_sitenote_active":false,"_monsterinsights_sitenote_note":"","_monsterinsights_sitenote_category":0},"product_brand":[],"product_cat":[65,24,71,69],"product_tag":[20,44,50,56,57,52,45,47,53],"class_list":{"0":"post-828","1":"product","2":"type-product","3":"status-publish","4":"has-post-thumbnail","6":"product_cat-dach-dwuspadowy","7":"product_cat-na-zgloszenie","8":"product_cat-nowosc","9":"product_cat-polecane","10":"product_tag-do-35m2","11":"product_tag-dom-stodola-35-m2","12":"product_tag-projekt-35-m","13":"product_tag-projekt-budynku","14":"product_tag-projekt-domu","15":"product_tag-projekt-domu-stodola","16":"product_tag-projekt-na-zgloszenie","17":"product_tag-projekt-na-zgloszenie-35-m2","18":"product_tag-projekt-stodola","20":"first","21":"outofstock","22":"sale","23":"purchasable","24":"product-type-simple"},"yoast_head":"<!-- This site is optimized with the Yoast SEO Premium plugin v19.3 (Yoast SEO v26.8) - https:\/\/yoast.com\/product\/yoast-seo-premium-wordpress\/ -->\n<title>Projekt domu ZG223 - Dom na Zg\u0142oszenie<\/title>\n<meta name=\"robots\" content=\"index, follow, max-snippet:-1, max-image-preview:large, max-video-preview:-1\" \/>\n<link rel=\"canonical\" href=\"https:\/\/domnazgloszenie.pl\/index.php\/product\/projekt-domu-zg223\/\" \/>\n<meta property=\"og:locale\" content=\"pl_PL\" \/>\n<meta property=\"og:type\" content=\"article\" \/>\n<meta property=\"og:title\" content=\"Projekt domu ZG223\" \/>\n<meta property=\"og:description\" content=\"Kultowy domek z czas\u00f3w PRL-u. No bo przecie\u017c kto z nas w dzieci\u0144stwie\u00a0 nie je\u017adzi\u0142 na wakacje z rodzicami pod domki zwane \u201eBrdy\u201d . Z wielk\u0105 przyjemno\u015bci\u0105 prezentujemy nowoczesn\u0105 Brde! Z wielkimi przeszkleniami, kominkiem, hamakiem, nowoczesn\u0105 \u0142azienk\u0105 i minimalistyczn\u0105 kuchni\u0105&hellip;\" \/>\n<meta property=\"og:url\" content=\"https:\/\/domnazgloszenie.pl\/index.php\/product\/projekt-domu-zg223\/\" \/>\n<meta property=\"og:site_name\" content=\"Dom na Zg\u0142oszenie\" \/>\n<meta property=\"article:publisher\" content=\"https:\/\/www.facebook.com\/domnazgloszenie\" \/>\n<meta property=\"article:modified_time\" content=\"2025-08-01T22:09:12+00:00\" \/>\n<meta property=\"og:image\" content=\"https:\/\/domnazgloszenie.pl\/wp-content\/uploads\/2022\/03\/5-1-scaled.jpg\" \/>\n\t<meta property=\"og:image:width\" content=\"2560\" \/>\n\t<meta property=\"og:image:height\" content=\"1440\" \/>\n\t<meta property=\"og:image:type\" content=\"image\/jpeg\" \/>\n<meta name=\"twitter:card\" content=\"summary_large_image\" \/>\n<meta name=\"twitter:site\" content=\"@domnazgloszenie\" \/>\n<meta name=\"twitter:label1\" content=\"Szacowany czas czytania\" \/>\n\t<meta name=\"twitter:data1\" content=\"1 minuta\" \/>\n<script type=\"application\/ld+json\" class=\"yoast-schema-graph\">{\"@context\":\"https:\/\/schema.org\",\"@graph\":[{\"@type\":\"WebPage\",\"@id\":\"https:\/\/domnazgloszenie.pl\/index.php\/product\/projekt-domu-zg223\/\",\"url\":\"https:\/\/domnazgloszenie.pl\/index.php\/product\/projekt-domu-zg223\/\",\"name\":\"Projekt domu ZG223 - Dom na Zg\u0142oszenie\",\"isPartOf\":{\"@id\":\"https:\/\/domnazgloszenie.pl\/#website\"},\"primaryImageOfPage\":{\"@id\":\"https:\/\/domnazgloszenie.pl\/index.php\/product\/projekt-domu-zg223\/#primaryimage\"},\"image\":{\"@id\":\"https:\/\/domnazgloszenie.pl\/index.php\/product\/projekt-domu-zg223\/#primaryimage\"},\"thumbnailUrl\":\"https:\/\/domnazgloszenie.pl\/wp-content\/uploads\/2022\/03\/5-1-scaled.jpg\",\"datePublished\":\"2022-03-27T21:11:33+00:00\",\"dateModified\":\"2025-08-01T22:09:12+00:00\",\"breadcrumb\":{\"@id\":\"https:\/\/domnazgloszenie.pl\/index.php\/product\/projekt-domu-zg223\/#breadcrumb\"},\"inLanguage\":\"pl-PL\",\"potentialAction\":[{\"@type\":\"ReadAction\",\"target\":[\"https:\/\/domnazgloszenie.pl\/index.php\/product\/projekt-domu-zg223\/\"]}]},{\"@type\":\"ImageObject\",\"inLanguage\":\"pl-PL\",\"@id\":\"https:\/\/domnazgloszenie.pl\/index.php\/product\/projekt-domu-zg223\/#primaryimage\",\"url\":\"https:\/\/domnazgloszenie.pl\/wp-content\/uploads\/2022\/03\/5-1-scaled.jpg\",\"contentUrl\":\"https:\/\/domnazgloszenie.pl\/wp-content\/uploads\/2022\/03\/5-1-scaled.jpg\",\"width\":2560,\"height\":1440},{\"@type\":\"BreadcrumbList\",\"@id\":\"https:\/\/domnazgloszenie.pl\/index.php\/product\/projekt-domu-zg223\/#breadcrumb\",\"itemListElement\":[{\"@type\":\"ListItem\",\"position\":1,\"name\":\"Strona g\u0142\u00f3wna\",\"item\":\"https:\/\/domnazgloszenie.pl\/\"},{\"@type\":\"ListItem\",\"position\":2,\"name\":\"SKLEP\",\"item\":\"https:\/\/domnazgloszenie.pl\/index.php\/sklep\/\"},{\"@type\":\"ListItem\",\"position\":3,\"name\":\"Projekt domu ZG223\"}]},{\"@type\":\"WebSite\",\"@id\":\"https:\/\/domnazgloszenie.pl\/#website\",\"url\":\"https:\/\/domnazgloszenie.pl\/\",\"name\":\"Dom na Zg\u0142oszenie\",\"description\":\"Projekty dom\u00f3w na zg\u0142oszenie do 35m2\",\"publisher\":{\"@id\":\"https:\/\/domnazgloszenie.pl\/#organization\"},\"potentialAction\":[{\"@type\":\"SearchAction\",\"target\":{\"@type\":\"EntryPoint\",\"urlTemplate\":\"https:\/\/domnazgloszenie.pl\/?s={search_term_string}\"},\"query-input\":{\"@type\":\"PropertyValueSpecification\",\"valueRequired\":true,\"valueName\":\"search_term_string\"}}],\"inLanguage\":\"pl-PL\"},{\"@type\":[\"Organization\",\"Place\"],\"@id\":\"https:\/\/domnazgloszenie.pl\/#organization\",\"name\":\"Dom na zg\u0142oszenie\",\"url\":\"https:\/\/domnazgloszenie.pl\/\",\"logo\":{\"@id\":\"https:\/\/domnazgloszenie.pl\/index.php\/product\/projekt-domu-zg223\/#local-main-organization-logo\"},\"image\":{\"@id\":\"https:\/\/domnazgloszenie.pl\/index.php\/product\/projekt-domu-zg223\/#local-main-organization-logo\"},\"sameAs\":[\"https:\/\/www.facebook.com\/domnazgloszenie\",\"https:\/\/x.com\/domnazgloszenie\",\"https:\/\/www.instagram.com\/dom_na_zgloszenie\/\",\"https:\/\/www.tiktok.com\/@domnazgloszenie\",\"https:\/\/pinterest.com\/domnazgloszenie\/\",\"https:\/\/www.behance.net\/domnazgloszenie\"],\"openingHoursSpecification\":[{\"@type\":\"OpeningHoursSpecification\",\"dayOfWeek\":[\"Monday\",\"Tuesday\",\"Wednesday\",\"Thursday\",\"Friday\",\"Saturday\",\"Sunday\"],\"opens\":\"09:00\",\"closes\":\"17:00\"}]},{\"@type\":\"ImageObject\",\"inLanguage\":\"pl-PL\",\"@id\":\"https:\/\/domnazgloszenie.pl\/index.php\/product\/projekt-domu-zg223\/#local-main-organization-logo\",\"url\":\"https:\/\/domnazgloszenie.pl\/wp-content\/uploads\/2021\/10\/DOM-NA-ZGLOSZENIE-01.png\",\"contentUrl\":\"https:\/\/domnazgloszenie.pl\/wp-content\/uploads\/2021\/10\/DOM-NA-ZGLOSZENIE-01.png\",\"width\":1000,\"height\":1000,\"caption\":\"Dom na zg\u0142oszenie\"}]}<\/script>\n<meta property=\"og:video\" content=\"https:\/\/www.youtube.com\/embed\/dCicvbF_HsE\" \/>\n<meta property=\"og:video:type\" content=\"text\/html\" \/>\n<meta property=\"og:video:duration\" content=\"26\" \/>\n<meta property=\"og:video:width\" content=\"480\" \/>\n<meta property=\"og:video:height\" content=\"270\" \/>\n<meta property=\"ya:ovs:adult\" content=\"false\" \/>\n<meta property=\"ya:ovs:upload_date\" content=\"2022-03-27T21:11:33+00:00\" \/>\n<meta property=\"ya:ovs:allow_embed\" content=\"true\" \/>\n<!-- \/ Yoast SEO Premium plugin. -->","yoast_head_json":{"title":"Projekt domu ZG223 - Dom na Zg\u0142oszenie","robots":{"index":"index","follow":"follow","max-snippet":"max-snippet:-1","max-image-preview":"max-image-preview:large","max-video-preview":"max-video-preview:-1"},"canonical":"https:\/\/domnazgloszenie.pl\/index.php\/product\/projekt-domu-zg223\/","og_locale":"pl_PL","og_type":"article","og_title":"Projekt domu ZG223","og_description":"Kultowy domek z czas\u00f3w PRL-u. No bo przecie\u017c kto z nas w dzieci\u0144stwie\u00a0 nie je\u017adzi\u0142 na wakacje z rodzicami pod domki zwane \u201eBrdy\u201d . Z wielk\u0105 przyjemno\u015bci\u0105 prezentujemy nowoczesn\u0105 Brde! Z wielkimi przeszkleniami, kominkiem, hamakiem, nowoczesn\u0105 \u0142azienk\u0105 i minimalistyczn\u0105 kuchni\u0105&hellip;","og_url":"https:\/\/domnazgloszenie.pl\/index.php\/product\/projekt-domu-zg223\/","og_site_name":"Dom na Zg\u0142oszenie","article_publisher":"https:\/\/www.facebook.com\/domnazgloszenie","article_modified_time":"2025-08-01T22:09:12+00:00","og_image":[{"width":2560,"height":1440,"url":"https:\/\/domnazgloszenie.pl\/wp-content\/uploads\/2022\/03\/5-1-scaled.jpg","type":"image\/jpeg"}],"twitter_card":"summary_large_image","twitter_site":"@domnazgloszenie","twitter_misc":{"Szacowany czas czytania":"1 minuta"},"schema":{"@context":"https:\/\/schema.org","@graph":[{"@type":"WebPage","@id":"https:\/\/domnazgloszenie.pl\/index.php\/product\/projekt-domu-zg223\/","url":"https:\/\/domnazgloszenie.pl\/index.php\/product\/projekt-domu-zg223\/","name":"Projekt domu ZG223 - Dom na Zg\u0142oszenie","isPartOf":{"@id":"https:\/\/domnazgloszenie.pl\/#website"},"primaryImageOfPage":{"@id":"https:\/\/domnazgloszenie.pl\/index.php\/product\/projekt-domu-zg223\/#primaryimage"},"image":{"@id":"https:\/\/domnazgloszenie.pl\/index.php\/product\/projekt-domu-zg223\/#primaryimage"},"thumbnailUrl":"https:\/\/domnazgloszenie.pl\/wp-content\/uploads\/2022\/03\/5-1-scaled.jpg","datePublished":"2022-03-27T21:11:33+00:00","dateModified":"2025-08-01T22:09:12+00:00","breadcrumb":{"@id":"https:\/\/domnazgloszenie.pl\/index.php\/product\/projekt-domu-zg223\/#breadcrumb"},"inLanguage":"pl-PL","potentialAction":[{"@type":"ReadAction","target":["https:\/\/domnazgloszenie.pl\/index.php\/product\/projekt-domu-zg223\/"]}]},{"@type":"ImageObject","inLanguage":"pl-PL","@id":"https:\/\/domnazgloszenie.pl\/index.php\/product\/projekt-domu-zg223\/#primaryimage","url":"https:\/\/domnazgloszenie.pl\/wp-content\/uploads\/2022\/03\/5-1-scaled.jpg","contentUrl":"https:\/\/domnazgloszenie.pl\/wp-content\/uploads\/2022\/03\/5-1-scaled.jpg","width":2560,"height":1440},{"@type":"BreadcrumbList","@id":"https:\/\/domnazgloszenie.pl\/index.php\/product\/projekt-domu-zg223\/#breadcrumb","itemListElement":[{"@type":"ListItem","position":1,"name":"Strona g\u0142\u00f3wna","item":"https:\/\/domnazgloszenie.pl\/"},{"@type":"ListItem","position":2,"name":"SKLEP","item":"https:\/\/domnazgloszenie.pl\/index.php\/sklep\/"},{"@type":"ListItem","position":3,"name":"Projekt domu ZG223"}]},{"@type":"WebSite","@id":"https:\/\/domnazgloszenie.pl\/#website","url":"https:\/\/domnazgloszenie.pl\/","name":"Dom na Zg\u0142oszenie","description":"Projekty dom\u00f3w na zg\u0142oszenie do 35m2","publisher":{"@id":"https:\/\/domnazgloszenie.pl\/#organization"},"potentialAction":[{"@type":"SearchAction","target":{"@type":"EntryPoint","urlTemplate":"https:\/\/domnazgloszenie.pl\/?s={search_term_string}"},"query-input":{"@type":"PropertyValueSpecification","valueRequired":true,"valueName":"search_term_string"}}],"inLanguage":"pl-PL"},{"@type":["Organization","Place"],"@id":"https:\/\/domnazgloszenie.pl\/#organization","name":"Dom na zg\u0142oszenie","url":"https:\/\/domnazgloszenie.pl\/","logo":{"@id":"https:\/\/domnazgloszenie.pl\/index.php\/product\/projekt-domu-zg223\/#local-main-organization-logo"},"image":{"@id":"https:\/\/domnazgloszenie.pl\/index.php\/product\/projekt-domu-zg223\/#local-main-organization-logo"},"sameAs":["https:\/\/www.facebook.com\/domnazgloszenie","https:\/\/x.com\/domnazgloszenie","https:\/\/www.instagram.com\/dom_na_zgloszenie\/","https:\/\/www.tiktok.com\/@domnazgloszenie","https:\/\/pinterest.com\/domnazgloszenie\/","https:\/\/www.behance.net\/domnazgloszenie"],"openingHoursSpecification":[{"@type":"OpeningHoursSpecification","dayOfWeek":["Monday","Tuesday","Wednesday","Thursday","Friday","Saturday","Sunday"],"opens":"09:00","closes":"17:00"}]},{"@type":"ImageObject","inLanguage":"pl-PL","@id":"https:\/\/domnazgloszenie.pl\/index.php\/product\/projekt-domu-zg223\/#local-main-organization-logo","url":"https:\/\/domnazgloszenie.pl\/wp-content\/uploads\/2021\/10\/DOM-NA-ZGLOSZENIE-01.png","contentUrl":"https:\/\/domnazgloszenie.pl\/wp-content\/uploads\/2021\/10\/DOM-NA-ZGLOSZENIE-01.png","width":1000,"height":1000,"caption":"Dom na zg\u0142oszenie"}]},"og_video":"https:\/\/www.youtube.com\/embed\/dCicvbF_HsE","og_video_type":"text\/html","og_video_duration":"26","og_video_width":"480","og_video_height":"270","ya_ovs_adult":"false","ya_ovs_upload_date":"2022-03-27T21:11:33+00:00","ya_ovs_allow_embed":"true"},"jetpack_sharing_enabled":true,"_links":{"self":[{"href":"https:\/\/domnazgloszenie.pl\/index.php\/wp-json\/wp\/v2\/product\/828","targetHints":{"allow":["GET"]}}],"collection":[{"href":"https:\/\/domnazgloszenie.pl\/index.php\/wp-json\/wp\/v2\/product"}],"about":[{"href":"https:\/\/domnazgloszenie.pl\/index.php\/wp-json\/wp\/v2\/types\/product"}],"replies":[{"embeddable":true,"href":"https:\/\/domnazgloszenie.pl\/index.php\/wp-json\/wp\/v2\/comments?post=828"}],"wp:featuredmedia":[{"embeddable":true,"href":"https:\/\/domnazgloszenie.pl\/index.php\/wp-json\/wp\/v2\/media\/834"}],"wp:attachment":[{"href":"https:\/\/domnazgloszenie.pl\/index.php\/wp-json\/wp\/v2\/media?parent=828"}],"wp:term":[{"taxonomy":"product_brand","embeddable":true,"href":"https:\/\/domnazgloszenie.pl\/index.php\/wp-json\/wp\/v2\/product_brand?post=828"},{"taxonomy":"product_cat","embeddable":true,"href":"https:\/\/domnazgloszenie.pl\/index.php\/wp-json\/wp\/v2\/product_cat?post=828"},{"taxonomy":"product_tag","embeddable":true,"href":"https:\/\/domnazgloszenie.pl\/index.php\/wp-json\/wp\/v2\/product_tag?post=828"}],"curies":[{"name":"wp","href":"https:\/\/api.w.org\/{rel}","templated":true}]}}