{"id":897,"date":"2022-05-26T12:46:34","date_gmt":"2022-05-26T10:46:34","guid":{"rendered":"http:\/\/domnazgloszenie.pl\/?post_type=product&#038;p=897"},"modified":"2025-07-27T06:18:18","modified_gmt":"2025-07-27T04:18:18","slug":"projekt-domu-pl16","status":"publish","type":"product","link":"https:\/\/domnazgloszenie.pl\/index.php\/product\/projekt-domu-pl16\/","title":{"rendered":"Projekt domu PL16"},"content":{"rendered":"<h2>Opis<\/h2>\n<h4 class=\"p1\"><span class=\"s1\"><strong>Przedsprzeda\u017c projekt\u00f3w<\/strong>\u00a0w programie Polski \u0141ad do 70m2.<\/span><\/h4>\n<h4 class=\"p1\"><span class=\"s1\">50% taniej od ceny regularnej.<\/span><\/h4>\n<p class=\"p1\"><span class=\"s1\">Projekt spe\u0142nia nowe normy w ramach projektu ustawy Nowego \u0141adu \u201eDomy bez formalno\u015bci\u201d, kt\u00f3ra zak\u0142ada dopuszczenie budowy dom\u00f3w do 70 m2.<\/span><\/p>\n<p>Dom PL16 posiada parter oraz poddasze u\u017cytkowe.<br \/>\nWchodz\u0105c do domu, znajdujemy si\u0119 w pomieszczeniu zwanym <strong>wiatro\u0142apem<\/strong>. Jest to idealne miejsce do pozostawienia okrycia wierzchniego.<br \/>\nDrugim pomieszczeniem jest otwarty <strong>korytarz<\/strong>, z kt\u00f3rego mo\u017cemy przej\u015b\u0107 do ka\u017cdego pomieszczenia, znajduj\u0105cego si\u0119 na parterze.<br \/>\nNajwi\u0119kszym pomieszczeniem w Naszym projekcie jest otwarty <strong>salon z aneksem kuchennym<\/strong>, kt\u00f3ry ma ponad 26m2. Z salonu mo\u017cna wyj\u015b\u0107 bezpo\u015brednio na obszerny <strong>taras<\/strong> z widokiem na ty\u0142y domu. Przechodz\u0105c korytarzem w praw\u0105 stron\u0119, znajdujemy si\u0119 w obszernej <strong>\u0142azience<\/strong>, w kt\u00f3rej to mo\u017cemy umie\u015bci\u0107 du\u017c\u0105 wann\u0119, szafk\u0119 z umywalk\u0105 czy te\u017c wolnostoj\u0105ce szafki. Tu\u017c obok \u0142azienki jest osobna <strong>toaleta<\/strong>. Naprzeciwko \u0142azienki jest usytuowany <strong>pok\u00f3j<\/strong>, kt\u00f3ry mo\u017ce pe\u0142ni\u0107 rol\u0119 <strong>sypialni<\/strong> czy te\u017c <strong>gabinetu<\/strong>. Zmie\u015bcimy w nim najpotrzebniejsze rzeczy, kt\u00f3re musz\u0105 by\u0107 umieszczone w sypialni czy te\u017c w gabinecie. Bezpo\u015brednio z salonu mo\u017cemy <strong>wej\u015b\u0107 schodami na g\u00f3r\u0119<\/strong>, na u\u017cytkowe poddasze. Pod schodami znajdziemy jeszcze <strong>schowek<\/strong>, gdzie mo\u017cemy przechowywa\u0107 r\u00f3\u017cne rzeczy.<br \/>\nNa poddaszu znajduje si\u0119 <strong>korytarz<\/strong> o wielko\u015bci 9m2, z kt\u00f3rego to przedostaniemy si\u0119 bezpo\u015brednio do <strong>3 pokoi<\/strong> oraz <strong>\u0142azienki<\/strong>. <strong>Pokoje<\/strong> maj\u0105 od 9m2 do prawie 15m2 powierzchni. <strong>\u0141azienka<\/strong> ma prawie 5m2, dzi\u0119ki czemu mo\u017cemy tam umiejscowi\u0107 toalet\u0119, szafk\u0119 z umywalk\u0105 oraz wann\u0119.<br \/>\nZ najwi\u0119kszego pokoju znajduj\u0105cego si\u0119 na poddaszu, mo\u017cemy si\u0119 uda\u0107 do <strong>garderoby<\/strong>, do kt\u00f3rej wchodzi si\u0119 bezpo\u015brednio przez ten pok\u00f3j. <strong>Garderoba<\/strong> ta ma ponad 6m2 powierzchni.<br \/>\nWszystko to znajdziemy w tym pi\u0119knym i wszechstronnym domu.<\/p>\n<p><strong>Dom parterowy z poddaszem u\u017cytkowym 68 m2 POLSKI \u0141AD (8m*8,5m)<\/strong><strong><br \/>\nPowierzchnia domu \u0142\u0105cznie: ok 111,43 m2<br \/>\nParter:<br \/>\n<\/strong>1.1 Wiatro\u0142ap: 4,63m2<br \/>\n1.2 Komunikacja: 3,81m2<br \/>\n1.3 Salon z aneksem kuchennym: 26,08m2<br \/>\n1.4 \u0141azienka 6,22m2<br \/>\n1.5 Toaleta 1,92m2<br \/>\n1.6 Pok\u00f3j 10,54m2<br \/>\n1.7 Schowek 2,38m2<br \/>\n<strong><u>Razem: ok 5<\/u><\/strong><strong><u>5,58<\/u><\/strong><strong><u>m2<\/u><\/strong><u><br \/>\n<\/u><strong>Pi\u0119tro: <\/strong><strong><br \/>\n<\/strong>2.1 Komunikacja: 9,01m2<br \/>\n2.2 Pok\u00f3j1: 11,69m2<br \/>\n2.3 Pok\u00f3j2: 9,37m2<br \/>\n2.4 Pok\u00f3j3: 14,72m2<br \/>\n2.5 Garderoba 6,43m2<br \/>\n2.6 \u0141azienka 4,63m2<br \/>\n<strong><u>Razem: ok 5<\/u><\/strong><strong><u>5,85<\/u><\/strong><strong><u>m2<\/u><\/strong><u><\/u><\/p>\n<p>&nbsp;<\/p>\n<p class=\"p1\"><span class=\"s1\">Dom bez formalno\u015bci to rozwi\u0105zanie, kt\u00f3re wychodzi naprzeciw ugruntowanej w polskiej kulturze potrzebie posiadania w\u0142asnego domu. Dzi\u0119ki zmianie przepis\u00f3w obywatele zyskuj\u0105 wyb\u00f3r. Ka\u017cdy b\u0119dzie m\u00f3g\u0142 rozpocz\u0105\u0107 budow\u0119 ma\u0142ego domu mieszkalnego jednorodzinnego przejmuj\u0105c odpowiedzialno\u015b\u0107 za kierowanie budow\u0105 bez uzyskania pozwolenia na budow\u0119, bez obowi\u0105zku ustanawiania kierownika budowy oraz prowadzenia dziennika budowy.\u00a0<\/span><\/p>\n<p class=\"p1\"><span class=\"s1\">Wi\u0119cej informacji: https:\/\/www.gov.pl\/web\/rozwoj-technologia\/ulatwienia-w-budowie-domow-do-70-m2<\/span><\/p>\n<p class=\"p1\"><span class=\"s1\">Je\u015bli jeste\u015b zainteresowany tym produktem i potrzebujesz informacji na jego temat &#8211; skontaktuj si\u0119 z Nami.<\/span><\/p>\n","protected":false},"excerpt":{"rendered":"<p>Opis Przedsprzeda\u017c projekt\u00f3w\u00a0w programie Polski \u0141ad do 70m2. 50% taniej od ceny regularnej. Projekt spe\u0142nia nowe normy w ramach projektu ustawy Nowego \u0141adu \u201eDomy bez formalno\u015bci\u201d, kt\u00f3ra zak\u0142ada dopuszczenie budowy dom\u00f3w do 70 m2. Dom PL16 posiada parter oraz poddasze&hellip;<\/p>\n","protected":false},"featured_media":898,"comment_status":"open","ping_status":"closed","template":"","meta":{"_monsterinsights_skip_tracking":false,"_monsterinsights_sitenote_active":false,"_monsterinsights_sitenote_note":"","_monsterinsights_sitenote_category":0},"product_brand":[],"product_cat":[65,64,66,25,24,71,69],"product_tag":[37,18,56,57,45],"class_list":{"0":"post-897","1":"product","2":"type-product","3":"status-publish","4":"has-post-thumbnail","6":"product_cat-dach-dwuspadowy","7":"product_cat-dom-70m2","8":"product_cat-drewniane","9":"product_cat-na-pozwolenie","10":"product_cat-na-zgloszenie","11":"product_cat-nowosc","12":"product_cat-polecane","13":"product_tag-dom-na-pozwolenie","14":"product_tag-dom-na-zgloszenie","15":"product_tag-projekt-budynku","16":"product_tag-projekt-domu","17":"product_tag-projekt-na-zgloszenie","19":"first","20":"outofstock","21":"sale","22":"purchasable","23":"product-type-simple"},"yoast_head":"<!-- This site is optimized with the Yoast SEO Premium plugin v19.3 (Yoast SEO v26.8) - https:\/\/yoast.com\/product\/yoast-seo-premium-wordpress\/ -->\n<title>Projekt domu PL16 - Dom na Zg\u0142oszenie<\/title>\n<meta name=\"robots\" content=\"index, follow, max-snippet:-1, max-image-preview:large, max-video-preview:-1\" \/>\n<link rel=\"canonical\" href=\"https:\/\/domnazgloszenie.pl\/index.php\/product\/projekt-domu-pl16\/\" \/>\n<meta property=\"og:locale\" content=\"pl_PL\" \/>\n<meta property=\"og:type\" content=\"article\" \/>\n<meta property=\"og:title\" content=\"Projekt domu PL16\" \/>\n<meta property=\"og:description\" content=\"Opis Przedsprzeda\u017c projekt\u00f3w\u00a0w programie Polski \u0141ad do 70m2. 50% taniej od ceny regularnej. Projekt spe\u0142nia nowe normy w ramach projektu ustawy Nowego \u0141adu \u201eDomy bez formalno\u015bci\u201d, kt\u00f3ra zak\u0142ada dopuszczenie budowy dom\u00f3w do 70 m2. Dom PL16 posiada parter oraz poddasze&hellip;\" \/>\n<meta property=\"og:url\" content=\"https:\/\/domnazgloszenie.pl\/index.php\/product\/projekt-domu-pl16\/\" \/>\n<meta property=\"og:site_name\" content=\"Dom na Zg\u0142oszenie\" \/>\n<meta property=\"article:publisher\" content=\"https:\/\/www.facebook.com\/domnazgloszenie\" \/>\n<meta property=\"article:modified_time\" content=\"2025-07-27T04:18:18+00:00\" \/>\n<meta property=\"og:image\" content=\"https:\/\/domnazgloszenie.pl\/wp-content\/uploads\/2022\/05\/PL16-bok-logo-scaled.jpg\" \/>\n\t<meta property=\"og:image:width\" content=\"2560\" \/>\n\t<meta property=\"og:image:height\" content=\"1440\" \/>\n\t<meta property=\"og:image:type\" content=\"image\/jpeg\" \/>\n<meta name=\"twitter:card\" content=\"summary_large_image\" \/>\n<meta name=\"twitter:site\" content=\"@domnazgloszenie\" \/>\n<meta name=\"twitter:label1\" content=\"Szacowany czas czytania\" \/>\n\t<meta name=\"twitter:data1\" content=\"3 minuty\" \/>\n<script type=\"application\/ld+json\" class=\"yoast-schema-graph\">{\"@context\":\"https:\/\/schema.org\",\"@graph\":[{\"@type\":\"WebPage\",\"@id\":\"https:\/\/domnazgloszenie.pl\/index.php\/product\/projekt-domu-pl16\/\",\"url\":\"https:\/\/domnazgloszenie.pl\/index.php\/product\/projekt-domu-pl16\/\",\"name\":\"Projekt domu PL16 - Dom na Zg\u0142oszenie\",\"isPartOf\":{\"@id\":\"https:\/\/domnazgloszenie.pl\/#website\"},\"primaryImageOfPage\":{\"@id\":\"https:\/\/domnazgloszenie.pl\/index.php\/product\/projekt-domu-pl16\/#primaryimage\"},\"image\":{\"@id\":\"https:\/\/domnazgloszenie.pl\/index.php\/product\/projekt-domu-pl16\/#primaryimage\"},\"thumbnailUrl\":\"https:\/\/domnazgloszenie.pl\/wp-content\/uploads\/2022\/05\/PL16-bok-logo-scaled.jpg\",\"datePublished\":\"2022-05-26T10:46:34+00:00\",\"dateModified\":\"2025-07-27T04:18:18+00:00\",\"breadcrumb\":{\"@id\":\"https:\/\/domnazgloszenie.pl\/index.php\/product\/projekt-domu-pl16\/#breadcrumb\"},\"inLanguage\":\"pl-PL\",\"potentialAction\":[{\"@type\":\"ReadAction\",\"target\":[\"https:\/\/domnazgloszenie.pl\/index.php\/product\/projekt-domu-pl16\/\"]}]},{\"@type\":\"ImageObject\",\"inLanguage\":\"pl-PL\",\"@id\":\"https:\/\/domnazgloszenie.pl\/index.php\/product\/projekt-domu-pl16\/#primaryimage\",\"url\":\"https:\/\/domnazgloszenie.pl\/wp-content\/uploads\/2022\/05\/PL16-bok-logo-scaled.jpg\",\"contentUrl\":\"https:\/\/domnazgloszenie.pl\/wp-content\/uploads\/2022\/05\/PL16-bok-logo-scaled.jpg\",\"width\":2560,\"height\":1440},{\"@type\":\"BreadcrumbList\",\"@id\":\"https:\/\/domnazgloszenie.pl\/index.php\/product\/projekt-domu-pl16\/#breadcrumb\",\"itemListElement\":[{\"@type\":\"ListItem\",\"position\":1,\"name\":\"Strona g\u0142\u00f3wna\",\"item\":\"https:\/\/domnazgloszenie.pl\/\"},{\"@type\":\"ListItem\",\"position\":2,\"name\":\"SKLEP\",\"item\":\"https:\/\/domnazgloszenie.pl\/index.php\/sklep\/\"},{\"@type\":\"ListItem\",\"position\":3,\"name\":\"Projekt domu PL16\"}]},{\"@type\":\"WebSite\",\"@id\":\"https:\/\/domnazgloszenie.pl\/#website\",\"url\":\"https:\/\/domnazgloszenie.pl\/\",\"name\":\"Dom na Zg\u0142oszenie\",\"description\":\"Projekty dom\u00f3w na zg\u0142oszenie do 35m2\",\"publisher\":{\"@id\":\"https:\/\/domnazgloszenie.pl\/#organization\"},\"potentialAction\":[{\"@type\":\"SearchAction\",\"target\":{\"@type\":\"EntryPoint\",\"urlTemplate\":\"https:\/\/domnazgloszenie.pl\/?s={search_term_string}\"},\"query-input\":{\"@type\":\"PropertyValueSpecification\",\"valueRequired\":true,\"valueName\":\"search_term_string\"}}],\"inLanguage\":\"pl-PL\"},{\"@type\":[\"Organization\",\"Place\"],\"@id\":\"https:\/\/domnazgloszenie.pl\/#organization\",\"name\":\"Dom na zg\u0142oszenie\",\"url\":\"https:\/\/domnazgloszenie.pl\/\",\"logo\":{\"@id\":\"https:\/\/domnazgloszenie.pl\/index.php\/product\/projekt-domu-pl16\/#local-main-organization-logo\"},\"image\":{\"@id\":\"https:\/\/domnazgloszenie.pl\/index.php\/product\/projekt-domu-pl16\/#local-main-organization-logo\"},\"sameAs\":[\"https:\/\/www.facebook.com\/domnazgloszenie\",\"https:\/\/x.com\/domnazgloszenie\",\"https:\/\/www.instagram.com\/dom_na_zgloszenie\/\",\"https:\/\/www.tiktok.com\/@domnazgloszenie\",\"https:\/\/pinterest.com\/domnazgloszenie\/\",\"https:\/\/www.behance.net\/domnazgloszenie\"],\"openingHoursSpecification\":[{\"@type\":\"OpeningHoursSpecification\",\"dayOfWeek\":[\"Monday\",\"Tuesday\",\"Wednesday\",\"Thursday\",\"Friday\",\"Saturday\",\"Sunday\"],\"opens\":\"09:00\",\"closes\":\"17:00\"}]},{\"@type\":\"ImageObject\",\"inLanguage\":\"pl-PL\",\"@id\":\"https:\/\/domnazgloszenie.pl\/index.php\/product\/projekt-domu-pl16\/#local-main-organization-logo\",\"url\":\"https:\/\/domnazgloszenie.pl\/wp-content\/uploads\/2021\/10\/DOM-NA-ZGLOSZENIE-01.png\",\"contentUrl\":\"https:\/\/domnazgloszenie.pl\/wp-content\/uploads\/2021\/10\/DOM-NA-ZGLOSZENIE-01.png\",\"width\":1000,\"height\":1000,\"caption\":\"Dom na zg\u0142oszenie\"}]}<\/script>\n<!-- \/ Yoast SEO Premium plugin. -->","yoast_head_json":{"title":"Projekt domu PL16 - Dom na Zg\u0142oszenie","robots":{"index":"index","follow":"follow","max-snippet":"max-snippet:-1","max-image-preview":"max-image-preview:large","max-video-preview":"max-video-preview:-1"},"canonical":"https:\/\/domnazgloszenie.pl\/index.php\/product\/projekt-domu-pl16\/","og_locale":"pl_PL","og_type":"article","og_title":"Projekt domu PL16","og_description":"Opis Przedsprzeda\u017c projekt\u00f3w\u00a0w programie Polski \u0141ad do 70m2. 50% taniej od ceny regularnej. Projekt spe\u0142nia nowe normy w ramach projektu ustawy Nowego \u0141adu \u201eDomy bez formalno\u015bci\u201d, kt\u00f3ra zak\u0142ada dopuszczenie budowy dom\u00f3w do 70 m2. Dom PL16 posiada parter oraz poddasze&hellip;","og_url":"https:\/\/domnazgloszenie.pl\/index.php\/product\/projekt-domu-pl16\/","og_site_name":"Dom na Zg\u0142oszenie","article_publisher":"https:\/\/www.facebook.com\/domnazgloszenie","article_modified_time":"2025-07-27T04:18:18+00:00","og_image":[{"width":2560,"height":1440,"url":"https:\/\/domnazgloszenie.pl\/wp-content\/uploads\/2022\/05\/PL16-bok-logo-scaled.jpg","type":"image\/jpeg"}],"twitter_card":"summary_large_image","twitter_site":"@domnazgloszenie","twitter_misc":{"Szacowany czas czytania":"3 minuty"},"schema":{"@context":"https:\/\/schema.org","@graph":[{"@type":"WebPage","@id":"https:\/\/domnazgloszenie.pl\/index.php\/product\/projekt-domu-pl16\/","url":"https:\/\/domnazgloszenie.pl\/index.php\/product\/projekt-domu-pl16\/","name":"Projekt domu PL16 - Dom na Zg\u0142oszenie","isPartOf":{"@id":"https:\/\/domnazgloszenie.pl\/#website"},"primaryImageOfPage":{"@id":"https:\/\/domnazgloszenie.pl\/index.php\/product\/projekt-domu-pl16\/#primaryimage"},"image":{"@id":"https:\/\/domnazgloszenie.pl\/index.php\/product\/projekt-domu-pl16\/#primaryimage"},"thumbnailUrl":"https:\/\/domnazgloszenie.pl\/wp-content\/uploads\/2022\/05\/PL16-bok-logo-scaled.jpg","datePublished":"2022-05-26T10:46:34+00:00","dateModified":"2025-07-27T04:18:18+00:00","breadcrumb":{"@id":"https:\/\/domnazgloszenie.pl\/index.php\/product\/projekt-domu-pl16\/#breadcrumb"},"inLanguage":"pl-PL","potentialAction":[{"@type":"ReadAction","target":["https:\/\/domnazgloszenie.pl\/index.php\/product\/projekt-domu-pl16\/"]}]},{"@type":"ImageObject","inLanguage":"pl-PL","@id":"https:\/\/domnazgloszenie.pl\/index.php\/product\/projekt-domu-pl16\/#primaryimage","url":"https:\/\/domnazgloszenie.pl\/wp-content\/uploads\/2022\/05\/PL16-bok-logo-scaled.jpg","contentUrl":"https:\/\/domnazgloszenie.pl\/wp-content\/uploads\/2022\/05\/PL16-bok-logo-scaled.jpg","width":2560,"height":1440},{"@type":"BreadcrumbList","@id":"https:\/\/domnazgloszenie.pl\/index.php\/product\/projekt-domu-pl16\/#breadcrumb","itemListElement":[{"@type":"ListItem","position":1,"name":"Strona g\u0142\u00f3wna","item":"https:\/\/domnazgloszenie.pl\/"},{"@type":"ListItem","position":2,"name":"SKLEP","item":"https:\/\/domnazgloszenie.pl\/index.php\/sklep\/"},{"@type":"ListItem","position":3,"name":"Projekt domu PL16"}]},{"@type":"WebSite","@id":"https:\/\/domnazgloszenie.pl\/#website","url":"https:\/\/domnazgloszenie.pl\/","name":"Dom na Zg\u0142oszenie","description":"Projekty dom\u00f3w na zg\u0142oszenie do 35m2","publisher":{"@id":"https:\/\/domnazgloszenie.pl\/#organization"},"potentialAction":[{"@type":"SearchAction","target":{"@type":"EntryPoint","urlTemplate":"https:\/\/domnazgloszenie.pl\/?s={search_term_string}"},"query-input":{"@type":"PropertyValueSpecification","valueRequired":true,"valueName":"search_term_string"}}],"inLanguage":"pl-PL"},{"@type":["Organization","Place"],"@id":"https:\/\/domnazgloszenie.pl\/#organization","name":"Dom na zg\u0142oszenie","url":"https:\/\/domnazgloszenie.pl\/","logo":{"@id":"https:\/\/domnazgloszenie.pl\/index.php\/product\/projekt-domu-pl16\/#local-main-organization-logo"},"image":{"@id":"https:\/\/domnazgloszenie.pl\/index.php\/product\/projekt-domu-pl16\/#local-main-organization-logo"},"sameAs":["https:\/\/www.facebook.com\/domnazgloszenie","https:\/\/x.com\/domnazgloszenie","https:\/\/www.instagram.com\/dom_na_zgloszenie\/","https:\/\/www.tiktok.com\/@domnazgloszenie","https:\/\/pinterest.com\/domnazgloszenie\/","https:\/\/www.behance.net\/domnazgloszenie"],"openingHoursSpecification":[{"@type":"OpeningHoursSpecification","dayOfWeek":["Monday","Tuesday","Wednesday","Thursday","Friday","Saturday","Sunday"],"opens":"09:00","closes":"17:00"}]},{"@type":"ImageObject","inLanguage":"pl-PL","@id":"https:\/\/domnazgloszenie.pl\/index.php\/product\/projekt-domu-pl16\/#local-main-organization-logo","url":"https:\/\/domnazgloszenie.pl\/wp-content\/uploads\/2021\/10\/DOM-NA-ZGLOSZENIE-01.png","contentUrl":"https:\/\/domnazgloszenie.pl\/wp-content\/uploads\/2021\/10\/DOM-NA-ZGLOSZENIE-01.png","width":1000,"height":1000,"caption":"Dom na zg\u0142oszenie"}]}},"jetpack_sharing_enabled":true,"_links":{"self":[{"href":"https:\/\/domnazgloszenie.pl\/index.php\/wp-json\/wp\/v2\/product\/897","targetHints":{"allow":["GET"]}}],"collection":[{"href":"https:\/\/domnazgloszenie.pl\/index.php\/wp-json\/wp\/v2\/product"}],"about":[{"href":"https:\/\/domnazgloszenie.pl\/index.php\/wp-json\/wp\/v2\/types\/product"}],"replies":[{"embeddable":true,"href":"https:\/\/domnazgloszenie.pl\/index.php\/wp-json\/wp\/v2\/comments?post=897"}],"wp:featuredmedia":[{"embeddable":true,"href":"https:\/\/domnazgloszenie.pl\/index.php\/wp-json\/wp\/v2\/media\/898"}],"wp:attachment":[{"href":"https:\/\/domnazgloszenie.pl\/index.php\/wp-json\/wp\/v2\/media?parent=897"}],"wp:term":[{"taxonomy":"product_brand","embeddable":true,"href":"https:\/\/domnazgloszenie.pl\/index.php\/wp-json\/wp\/v2\/product_brand?post=897"},{"taxonomy":"product_cat","embeddable":true,"href":"https:\/\/domnazgloszenie.pl\/index.php\/wp-json\/wp\/v2\/product_cat?post=897"},{"taxonomy":"product_tag","embeddable":true,"href":"https:\/\/domnazgloszenie.pl\/index.php\/wp-json\/wp\/v2\/product_tag?post=897"}],"curies":[{"name":"wp","href":"https:\/\/api.w.org\/{rel}","templated":true}]}}