{"id":907,"date":"2022-05-30T16:08:35","date_gmt":"2022-05-30T14:08:35","guid":{"rendered":"http:\/\/domnazgloszenie.pl\/?post_type=product&#038;p=907"},"modified":"2025-07-26T00:17:37","modified_gmt":"2025-07-25T22:17:37","slug":"projekt-domu-zg10","status":"publish","type":"product","link":"https:\/\/domnazgloszenie.pl\/index.php\/product\/projekt-domu-zg10\/","title":{"rendered":"Projekt domu ZG10"},"content":{"rendered":"<p class=\"p3\"><span class=\"s1\"><strong>Projekt ZG10<\/strong> jest prostym i tanim w realizacji domem parterowym z dachem dwuspadowym. Na szybk\u0105 i ekonomiczn\u0105 budow\u0119 pozwoli prosta wsp\u00f3\u0142czesna bry\u0142a.\u00a0<\/span><\/p>\n<p class=\"p3\"><span class=\"s1\">Sprzedaje projekt domu na zg\u0142oszenie kt\u00f3ry nie wymaga Pozwolenia na budow\u0119<\/span><\/p>\n<p class=\"p3\"><span class=\"s1\">Dom jest zg\u0142aszany jako Rekreacyjny kt\u00f3ry spe\u0142nia wszystkie wymagania tak jak normalny Dom.<\/span><\/p>\n<p class=\"p3\"><span class=\"s1\">Komplet projektu \u2013 1 egzemplarz \u2013 potrzebny do zg\u0142oszenia.<\/span><\/p>\n<p class=\"p3\"><span class=\"s1\">Budynek w konstrukcji szkieletowej \u2013 drewnianej<\/span><\/p>\n<p class=\"p3\"><span class=\"s1\">Dzi\u0119ki prostemu rozwi\u0105zaniu mo\u017cna wybudowa\u0107 taki domek za ok. 30 ty\u015b z\u0142 w stanie surowym \u201czamkni\u0119tym\u201d<\/span><\/p>\n<p class=\"p3\"><span class=\"s1\">Istnieje mo\u017cliwo\u015b\u0107 przeprojektowania na inn\u0105 technologi\u0119 np. drewnian\u0105 (oferta dost\u0119pna mailowo).<\/span><\/p>\n<p class=\"p3\"><span class=\"s1\">Istnieje mo\u017cliwo\u015b\u0107 przeprojektowania budynku pod wzgl\u0119dem gabaryt\u00f3w (szeroko\u015bci, d\u0142ugo\u015bci) i\/lub k\u0105ta nachylenia dachu itd (oferta dost\u0119pna mailowo).<\/span><\/p>\n<p>&nbsp;<\/p>\n<p>? ? Projekt ZG10 ? ? to dom o podstawie 5m*6m czyli 30m2 i o takiej samej wielko\u015bci poddasza u\u017cytkowego, co daje Nam razem 60 m2!<br \/>\n\u26a1\ufe0fNa parterze znajdziemy <strong>otwarty salon wraz z aneksem kuchennym<\/strong> o \u0142\u0105cznej powierzchni ponad 21m2! W salonie mo\u017cemy umie\u015bci\u0107 du\u017cy naro\u017cnik wraz ze stolikiem kawowym. Pomi\u0119dzy salonem, a aneksem kuchennym znajdziemy idealne miejsce na st\u00f3\u0142 z krzes\u0142ami przy kt\u00f3rym mo\u017cna spo\u017cywa\u0107 posi\u0142ki.<br \/>\n\u26a1\ufe0fTu\u017c obok aneksu kuchennego, znajdziemy przestronn\u0105 <strong>\u0142azienk\u0119<\/strong> o wielko\u015bci 4m2.<br \/>\n\u26a1\ufe0fZ salonu mamy mo\u017cliwo\u015b\u0107 wej\u015bcia <strong>po schodach<\/strong> na g\u00f3r\u0119, gdzie znajduje si\u0119 <strong>poddasze u\u017cytkowe<\/strong>.<br \/>\n\u26a1\ufe0f<b>Poddasze u\u017cytkowe <\/b>ma ponad 26m2, co daje nam mo\u017cliwo\u015b\u0107 jego dowolnej aran\u017cacji.<\/p>\n<p>Wszystko to na powierzchni A\u017b <strong>51,86m2<\/strong>!<\/p>\n<p><strong><u>Dom parterowy z poddaszem u\u017cytkowym 5m*6m<br \/>\n<\/u><\/strong><strong>Parter:<br \/>\n<\/strong>Salon: 16,43m2<br \/>\nAneks kuchenny: 5,14m2<br \/>\n\u0141azienka: 4,12m2<br \/>\n<u>Razem: 25,69m2<br \/>\n<\/u><strong>Poddasze u\u017cytkowe:<br \/>\n<\/strong>Powierzchnia: 26,17m2<br \/>\nDo dowolnej aran\u017cacji, np komunikacja, pok\u00f3j, pok\u00f3j i toaleta.<\/p>\n<p>&nbsp;<\/p>\n","protected":false},"excerpt":{"rendered":"<p>Projekt ZG10 jest prostym i tanim w realizacji domem parterowym z dachem dwuspadowym. Na szybk\u0105 i ekonomiczn\u0105 budow\u0119 pozwoli prosta wsp\u00f3\u0142czesna bry\u0142a.\u00a0 Sprzedaje projekt domu na zg\u0142oszenie kt\u00f3ry nie wymaga Pozwolenia na budow\u0119 Dom jest zg\u0142aszany jako Rekreacyjny kt\u00f3ry spe\u0142nia&hellip;<\/p>\n","protected":false},"featured_media":908,"comment_status":"open","ping_status":"closed","template":"","meta":{"_monsterinsights_skip_tracking":false,"_monsterinsights_sitenote_active":false,"_monsterinsights_sitenote_note":"","_monsterinsights_sitenote_category":0},"product_brand":[],"product_cat":[26,65,64,66,71,67],"product_tag":[63,20,42,18,58,50,49,56,57,48,38],"class_list":{"0":"post-907","1":"product","2":"type-product","3":"status-publish","4":"has-post-thumbnail","6":"product_cat-budynki-do-35m2","7":"product_cat-dach-dwuspadowy","8":"product_cat-dom-70m2","9":"product_cat-drewniane","10":"product_cat-nowosc","11":"product_cat-parterowe","12":"product_tag-do-35m","13":"product_tag-do-35m2","14":"product_tag-dom-bez-pozwolenia","15":"product_tag-dom-na-zgloszenie","16":"product_tag-projekt","17":"product_tag-projekt-35-m","18":"product_tag-projekt-35-m2","19":"product_tag-projekt-budynku","20":"product_tag-projekt-domu","21":"product_tag-projekt-na-zgloszenie-35-m","22":"product_tag-projekt-typowy","24":"first","25":"outofstock","26":"sale","27":"purchasable","28":"product-type-simple"},"yoast_head":"<!-- This site is optimized with the Yoast SEO Premium plugin v19.3 (Yoast SEO v26.8) - https:\/\/yoast.com\/product\/yoast-seo-premium-wordpress\/ -->\n<title>Projekt domu ZG10 - Dom na Zg\u0142oszenie<\/title>\n<meta name=\"robots\" content=\"index, follow, max-snippet:-1, max-image-preview:large, max-video-preview:-1\" \/>\n<link rel=\"canonical\" href=\"https:\/\/domnazgloszenie.pl\/index.php\/product\/projekt-domu-zg10\/\" \/>\n<meta property=\"og:locale\" content=\"pl_PL\" \/>\n<meta property=\"og:type\" content=\"article\" \/>\n<meta property=\"og:title\" content=\"Projekt domu ZG10\" \/>\n<meta property=\"og:description\" content=\"Projekt ZG10 jest prostym i tanim w realizacji domem parterowym z dachem dwuspadowym. Na szybk\u0105 i ekonomiczn\u0105 budow\u0119 pozwoli prosta wsp\u00f3\u0142czesna bry\u0142a.\u00a0 Sprzedaje projekt domu na zg\u0142oszenie kt\u00f3ry nie wymaga Pozwolenia na budow\u0119 Dom jest zg\u0142aszany jako Rekreacyjny kt\u00f3ry spe\u0142nia&hellip;\" \/>\n<meta property=\"og:url\" content=\"https:\/\/domnazgloszenie.pl\/index.php\/product\/projekt-domu-zg10\/\" \/>\n<meta property=\"og:site_name\" content=\"Dom na Zg\u0142oszenie\" \/>\n<meta property=\"article:publisher\" content=\"https:\/\/www.facebook.com\/domnazgloszenie\" \/>\n<meta property=\"article:modified_time\" content=\"2025-07-25T22:17:37+00:00\" \/>\n<meta property=\"og:image\" content=\"https:\/\/domnazgloszenie.pl\/wp-content\/uploads\/2022\/05\/ZG10-przod.jpg\" \/>\n\t<meta property=\"og:image:width\" content=\"645\" \/>\n\t<meta property=\"og:image:height\" content=\"540\" \/>\n\t<meta property=\"og:image:type\" content=\"image\/jpeg\" \/>\n<meta name=\"twitter:card\" content=\"summary_large_image\" \/>\n<meta name=\"twitter:site\" content=\"@domnazgloszenie\" \/>\n<meta name=\"twitter:label1\" content=\"Szacowany czas czytania\" \/>\n\t<meta name=\"twitter:data1\" content=\"2 minuty\" \/>\n<script type=\"application\/ld+json\" class=\"yoast-schema-graph\">{\"@context\":\"https:\/\/schema.org\",\"@graph\":[{\"@type\":\"WebPage\",\"@id\":\"https:\/\/domnazgloszenie.pl\/index.php\/product\/projekt-domu-zg10\/\",\"url\":\"https:\/\/domnazgloszenie.pl\/index.php\/product\/projekt-domu-zg10\/\",\"name\":\"Projekt domu ZG10 - Dom na Zg\u0142oszenie\",\"isPartOf\":{\"@id\":\"https:\/\/domnazgloszenie.pl\/#website\"},\"primaryImageOfPage\":{\"@id\":\"https:\/\/domnazgloszenie.pl\/index.php\/product\/projekt-domu-zg10\/#primaryimage\"},\"image\":{\"@id\":\"https:\/\/domnazgloszenie.pl\/index.php\/product\/projekt-domu-zg10\/#primaryimage\"},\"thumbnailUrl\":\"https:\/\/domnazgloszenie.pl\/wp-content\/uploads\/2022\/05\/ZG10-przod.jpg\",\"datePublished\":\"2022-05-30T14:08:35+00:00\",\"dateModified\":\"2025-07-25T22:17:37+00:00\",\"breadcrumb\":{\"@id\":\"https:\/\/domnazgloszenie.pl\/index.php\/product\/projekt-domu-zg10\/#breadcrumb\"},\"inLanguage\":\"pl-PL\",\"potentialAction\":[{\"@type\":\"ReadAction\",\"target\":[\"https:\/\/domnazgloszenie.pl\/index.php\/product\/projekt-domu-zg10\/\"]}]},{\"@type\":\"ImageObject\",\"inLanguage\":\"pl-PL\",\"@id\":\"https:\/\/domnazgloszenie.pl\/index.php\/product\/projekt-domu-zg10\/#primaryimage\",\"url\":\"https:\/\/domnazgloszenie.pl\/wp-content\/uploads\/2022\/05\/ZG10-przod.jpg\",\"contentUrl\":\"https:\/\/domnazgloszenie.pl\/wp-content\/uploads\/2022\/05\/ZG10-przod.jpg\",\"width\":645,\"height\":540},{\"@type\":\"BreadcrumbList\",\"@id\":\"https:\/\/domnazgloszenie.pl\/index.php\/product\/projekt-domu-zg10\/#breadcrumb\",\"itemListElement\":[{\"@type\":\"ListItem\",\"position\":1,\"name\":\"Strona g\u0142\u00f3wna\",\"item\":\"https:\/\/domnazgloszenie.pl\/\"},{\"@type\":\"ListItem\",\"position\":2,\"name\":\"SKLEP\",\"item\":\"https:\/\/domnazgloszenie.pl\/index.php\/sklep\/\"},{\"@type\":\"ListItem\",\"position\":3,\"name\":\"Projekt domu ZG10\"}]},{\"@type\":\"WebSite\",\"@id\":\"https:\/\/domnazgloszenie.pl\/#website\",\"url\":\"https:\/\/domnazgloszenie.pl\/\",\"name\":\"Dom na Zg\u0142oszenie\",\"description\":\"Projekty dom\u00f3w na zg\u0142oszenie do 35m2\",\"publisher\":{\"@id\":\"https:\/\/domnazgloszenie.pl\/#organization\"},\"potentialAction\":[{\"@type\":\"SearchAction\",\"target\":{\"@type\":\"EntryPoint\",\"urlTemplate\":\"https:\/\/domnazgloszenie.pl\/?s={search_term_string}\"},\"query-input\":{\"@type\":\"PropertyValueSpecification\",\"valueRequired\":true,\"valueName\":\"search_term_string\"}}],\"inLanguage\":\"pl-PL\"},{\"@type\":[\"Organization\",\"Place\"],\"@id\":\"https:\/\/domnazgloszenie.pl\/#organization\",\"name\":\"Dom na zg\u0142oszenie\",\"url\":\"https:\/\/domnazgloszenie.pl\/\",\"logo\":{\"@id\":\"https:\/\/domnazgloszenie.pl\/index.php\/product\/projekt-domu-zg10\/#local-main-organization-logo\"},\"image\":{\"@id\":\"https:\/\/domnazgloszenie.pl\/index.php\/product\/projekt-domu-zg10\/#local-main-organization-logo\"},\"sameAs\":[\"https:\/\/www.facebook.com\/domnazgloszenie\",\"https:\/\/x.com\/domnazgloszenie\",\"https:\/\/www.instagram.com\/dom_na_zgloszenie\/\",\"https:\/\/www.tiktok.com\/@domnazgloszenie\",\"https:\/\/pinterest.com\/domnazgloszenie\/\",\"https:\/\/www.behance.net\/domnazgloszenie\"],\"openingHoursSpecification\":[{\"@type\":\"OpeningHoursSpecification\",\"dayOfWeek\":[\"Monday\",\"Tuesday\",\"Wednesday\",\"Thursday\",\"Friday\",\"Saturday\",\"Sunday\"],\"opens\":\"09:00\",\"closes\":\"17:00\"}]},{\"@type\":\"ImageObject\",\"inLanguage\":\"pl-PL\",\"@id\":\"https:\/\/domnazgloszenie.pl\/index.php\/product\/projekt-domu-zg10\/#local-main-organization-logo\",\"url\":\"https:\/\/domnazgloszenie.pl\/wp-content\/uploads\/2021\/10\/DOM-NA-ZGLOSZENIE-01.png\",\"contentUrl\":\"https:\/\/domnazgloszenie.pl\/wp-content\/uploads\/2021\/10\/DOM-NA-ZGLOSZENIE-01.png\",\"width\":1000,\"height\":1000,\"caption\":\"Dom na zg\u0142oszenie\"}]}<\/script>\n<!-- \/ Yoast SEO Premium plugin. -->","yoast_head_json":{"title":"Projekt domu ZG10 - Dom na Zg\u0142oszenie","robots":{"index":"index","follow":"follow","max-snippet":"max-snippet:-1","max-image-preview":"max-image-preview:large","max-video-preview":"max-video-preview:-1"},"canonical":"https:\/\/domnazgloszenie.pl\/index.php\/product\/projekt-domu-zg10\/","og_locale":"pl_PL","og_type":"article","og_title":"Projekt domu ZG10","og_description":"Projekt ZG10 jest prostym i tanim w realizacji domem parterowym z dachem dwuspadowym. Na szybk\u0105 i ekonomiczn\u0105 budow\u0119 pozwoli prosta wsp\u00f3\u0142czesna bry\u0142a.\u00a0 Sprzedaje projekt domu na zg\u0142oszenie kt\u00f3ry nie wymaga Pozwolenia na budow\u0119 Dom jest zg\u0142aszany jako Rekreacyjny kt\u00f3ry spe\u0142nia&hellip;","og_url":"https:\/\/domnazgloszenie.pl\/index.php\/product\/projekt-domu-zg10\/","og_site_name":"Dom na Zg\u0142oszenie","article_publisher":"https:\/\/www.facebook.com\/domnazgloszenie","article_modified_time":"2025-07-25T22:17:37+00:00","og_image":[{"width":645,"height":540,"url":"https:\/\/domnazgloszenie.pl\/wp-content\/uploads\/2022\/05\/ZG10-przod.jpg","type":"image\/jpeg"}],"twitter_card":"summary_large_image","twitter_site":"@domnazgloszenie","twitter_misc":{"Szacowany czas czytania":"2 minuty"},"schema":{"@context":"https:\/\/schema.org","@graph":[{"@type":"WebPage","@id":"https:\/\/domnazgloszenie.pl\/index.php\/product\/projekt-domu-zg10\/","url":"https:\/\/domnazgloszenie.pl\/index.php\/product\/projekt-domu-zg10\/","name":"Projekt domu ZG10 - Dom na Zg\u0142oszenie","isPartOf":{"@id":"https:\/\/domnazgloszenie.pl\/#website"},"primaryImageOfPage":{"@id":"https:\/\/domnazgloszenie.pl\/index.php\/product\/projekt-domu-zg10\/#primaryimage"},"image":{"@id":"https:\/\/domnazgloszenie.pl\/index.php\/product\/projekt-domu-zg10\/#primaryimage"},"thumbnailUrl":"https:\/\/domnazgloszenie.pl\/wp-content\/uploads\/2022\/05\/ZG10-przod.jpg","datePublished":"2022-05-30T14:08:35+00:00","dateModified":"2025-07-25T22:17:37+00:00","breadcrumb":{"@id":"https:\/\/domnazgloszenie.pl\/index.php\/product\/projekt-domu-zg10\/#breadcrumb"},"inLanguage":"pl-PL","potentialAction":[{"@type":"ReadAction","target":["https:\/\/domnazgloszenie.pl\/index.php\/product\/projekt-domu-zg10\/"]}]},{"@type":"ImageObject","inLanguage":"pl-PL","@id":"https:\/\/domnazgloszenie.pl\/index.php\/product\/projekt-domu-zg10\/#primaryimage","url":"https:\/\/domnazgloszenie.pl\/wp-content\/uploads\/2022\/05\/ZG10-przod.jpg","contentUrl":"https:\/\/domnazgloszenie.pl\/wp-content\/uploads\/2022\/05\/ZG10-przod.jpg","width":645,"height":540},{"@type":"BreadcrumbList","@id":"https:\/\/domnazgloszenie.pl\/index.php\/product\/projekt-domu-zg10\/#breadcrumb","itemListElement":[{"@type":"ListItem","position":1,"name":"Strona g\u0142\u00f3wna","item":"https:\/\/domnazgloszenie.pl\/"},{"@type":"ListItem","position":2,"name":"SKLEP","item":"https:\/\/domnazgloszenie.pl\/index.php\/sklep\/"},{"@type":"ListItem","position":3,"name":"Projekt domu ZG10"}]},{"@type":"WebSite","@id":"https:\/\/domnazgloszenie.pl\/#website","url":"https:\/\/domnazgloszenie.pl\/","name":"Dom na Zg\u0142oszenie","description":"Projekty dom\u00f3w na zg\u0142oszenie do 35m2","publisher":{"@id":"https:\/\/domnazgloszenie.pl\/#organization"},"potentialAction":[{"@type":"SearchAction","target":{"@type":"EntryPoint","urlTemplate":"https:\/\/domnazgloszenie.pl\/?s={search_term_string}"},"query-input":{"@type":"PropertyValueSpecification","valueRequired":true,"valueName":"search_term_string"}}],"inLanguage":"pl-PL"},{"@type":["Organization","Place"],"@id":"https:\/\/domnazgloszenie.pl\/#organization","name":"Dom na zg\u0142oszenie","url":"https:\/\/domnazgloszenie.pl\/","logo":{"@id":"https:\/\/domnazgloszenie.pl\/index.php\/product\/projekt-domu-zg10\/#local-main-organization-logo"},"image":{"@id":"https:\/\/domnazgloszenie.pl\/index.php\/product\/projekt-domu-zg10\/#local-main-organization-logo"},"sameAs":["https:\/\/www.facebook.com\/domnazgloszenie","https:\/\/x.com\/domnazgloszenie","https:\/\/www.instagram.com\/dom_na_zgloszenie\/","https:\/\/www.tiktok.com\/@domnazgloszenie","https:\/\/pinterest.com\/domnazgloszenie\/","https:\/\/www.behance.net\/domnazgloszenie"],"openingHoursSpecification":[{"@type":"OpeningHoursSpecification","dayOfWeek":["Monday","Tuesday","Wednesday","Thursday","Friday","Saturday","Sunday"],"opens":"09:00","closes":"17:00"}]},{"@type":"ImageObject","inLanguage":"pl-PL","@id":"https:\/\/domnazgloszenie.pl\/index.php\/product\/projekt-domu-zg10\/#local-main-organization-logo","url":"https:\/\/domnazgloszenie.pl\/wp-content\/uploads\/2021\/10\/DOM-NA-ZGLOSZENIE-01.png","contentUrl":"https:\/\/domnazgloszenie.pl\/wp-content\/uploads\/2021\/10\/DOM-NA-ZGLOSZENIE-01.png","width":1000,"height":1000,"caption":"Dom na zg\u0142oszenie"}]}},"jetpack_sharing_enabled":true,"_links":{"self":[{"href":"https:\/\/domnazgloszenie.pl\/index.php\/wp-json\/wp\/v2\/product\/907","targetHints":{"allow":["GET"]}}],"collection":[{"href":"https:\/\/domnazgloszenie.pl\/index.php\/wp-json\/wp\/v2\/product"}],"about":[{"href":"https:\/\/domnazgloszenie.pl\/index.php\/wp-json\/wp\/v2\/types\/product"}],"replies":[{"embeddable":true,"href":"https:\/\/domnazgloszenie.pl\/index.php\/wp-json\/wp\/v2\/comments?post=907"}],"wp:featuredmedia":[{"embeddable":true,"href":"https:\/\/domnazgloszenie.pl\/index.php\/wp-json\/wp\/v2\/media\/908"}],"wp:attachment":[{"href":"https:\/\/domnazgloszenie.pl\/index.php\/wp-json\/wp\/v2\/media?parent=907"}],"wp:term":[{"taxonomy":"product_brand","embeddable":true,"href":"https:\/\/domnazgloszenie.pl\/index.php\/wp-json\/wp\/v2\/product_brand?post=907"},{"taxonomy":"product_cat","embeddable":true,"href":"https:\/\/domnazgloszenie.pl\/index.php\/wp-json\/wp\/v2\/product_cat?post=907"},{"taxonomy":"product_tag","embeddable":true,"href":"https:\/\/domnazgloszenie.pl\/index.php\/wp-json\/wp\/v2\/product_tag?post=907"}],"curies":[{"name":"wp","href":"https:\/\/api.w.org\/{rel}","templated":true}]}}