{"id":959,"date":"2022-11-27T22:53:49","date_gmt":"2022-11-27T21:53:49","guid":{"rendered":"http:\/\/domnazgloszenie.pl\/?post_type=product&#038;p=959"},"modified":"2025-07-31T20:26:16","modified_gmt":"2025-07-31T18:26:16","slug":"dom-na-zgloszenie-zg227","status":"publish","type":"product","link":"https:\/\/domnazgloszenie.pl\/index.php\/product\/dom-na-zgloszenie-zg227\/","title":{"rendered":"Dom na zg\u0142oszenie ZG227"},"content":{"rendered":"<p>Dom na zg\u0142oszenie. Wyj\u0105tkowo ekonomiczny w budowie i eksploatacji <a href=\"http:\/\/domnazgloszenie.pl\/index.php\/budyki-na-zgloszenie\/\">dom parterowy<\/a>, stanowi\u0105cy ciekaw\u0105 alternatyw\u0119 dla mieszkania w bloku. Budynek mie\u015bci si\u0119 w programie &#8222;Dom Polski \u0141ad&#8221; tzw. dom bez formalno\u015bci.<\/p>\n<p>&nbsp;<\/p>\n<p>&nbsp;<\/p>\n","protected":false},"excerpt":{"rendered":"<p>Dom na zg\u0142oszenie. Budynek mie\u015bci si\u0119 w programie &#8222;Dom Polski \u0141ad&#8221; tzw. dom bez formalno\u015bci.<\/p>\n","protected":false},"featured_media":961,"comment_status":"open","ping_status":"closed","template":"","meta":{"_monsterinsights_skip_tracking":false,"_monsterinsights_sitenote_active":false,"_monsterinsights_sitenote_note":"","_monsterinsights_sitenote_category":0},"product_brand":[],"product_cat":[26,66,24,71,69],"product_tag":[63,20,46,37,18,58,49,57,59,45,48,38,62],"class_list":{"0":"post-959","1":"product","2":"type-product","3":"status-publish","4":"has-post-thumbnail","6":"product_cat-budynki-do-35m2","7":"product_cat-drewniane","8":"product_cat-na-zgloszenie","9":"product_cat-nowosc","10":"product_cat-polecane","11":"product_tag-do-35m","12":"product_tag-do-35m2","13":"product_tag-dom","14":"product_tag-dom-na-pozwolenie","15":"product_tag-dom-na-zgloszenie","16":"product_tag-projekt","17":"product_tag-projekt-35-m2","18":"product_tag-projekt-domu","19":"product_tag-projekt-kiosku","20":"product_tag-projekt-na-zgloszenie","21":"product_tag-projekt-na-zgloszenie-35-m","22":"product_tag-projekt-typowy","23":"product_tag-rod","25":"first","26":"outofstock","27":"sale","28":"taxable","29":"shipping-taxable","30":"purchasable","31":"product-type-simple"},"yoast_head":"<!-- This site is optimized with the Yoast SEO Premium plugin v19.3 (Yoast SEO v26.8) - https:\/\/yoast.com\/product\/yoast-seo-premium-wordpress\/ -->\n<title>Dom na zg\u0142oszenie ZG227 - Dom na Zg\u0142oszenie<\/title>\n<meta name=\"description\" content=\"Wyj\u0105tkowo ekonomiczny w budowie i eksploatacji dom parterowy, stanowi\u0105cy ciekaw\u0105 alternatyw\u0119 dla mieszkania w bloku. Dom na zg\u0142oszenie. Dom bez formalno\u015bci.\" \/>\n<meta name=\"robots\" content=\"index, follow, max-snippet:-1, max-image-preview:large, max-video-preview:-1\" \/>\n<link rel=\"canonical\" href=\"http:\/\/domnazgloszenie.pl\/index.php\/product\/dom-na-zgloszenie-zg227\/\" \/>\n<meta property=\"og:locale\" content=\"pl_PL\" \/>\n<meta property=\"og:type\" content=\"article\" \/>\n<meta property=\"og:title\" content=\"Dom na zg\u0142oszenie ZG227\" \/>\n<meta property=\"og:description\" content=\"Wyj\u0105tkowo ekonomiczny w budowie i eksploatacji dom parterowy, stanowi\u0105cy ciekaw\u0105 alternatyw\u0119 dla mieszkania w bloku. Dom na zg\u0142oszenie. Dom bez formalno\u015bci.\" \/>\n<meta property=\"og:url\" content=\"http:\/\/domnazgloszenie.pl\/index.php\/product\/dom-na-zgloszenie-zg227\/\" \/>\n<meta property=\"og:site_name\" content=\"Dom na Zg\u0142oszenie\" \/>\n<meta property=\"article:publisher\" content=\"https:\/\/www.facebook.com\/domnazgloszenie\" \/>\n<meta property=\"article:modified_time\" content=\"2025-07-31T18:26:16+00:00\" \/>\n<meta property=\"og:image\" content=\"http:\/\/domnazgloszenie.pl\/wp-content\/uploads\/2022\/11\/ZG227_3-scaled.jpg\" \/>\n\t<meta property=\"og:image:width\" content=\"2560\" \/>\n\t<meta property=\"og:image:height\" content=\"1440\" \/>\n\t<meta property=\"og:image:type\" content=\"image\/jpeg\" \/>\n<meta name=\"twitter:card\" content=\"summary_large_image\" \/>\n<meta name=\"twitter:site\" content=\"@domnazgloszenie\" \/>\n<meta name=\"twitter:label1\" content=\"Szacowany czas czytania\" \/>\n\t<meta name=\"twitter:data1\" content=\"1 minuta\" \/>\n<script type=\"application\/ld+json\" class=\"yoast-schema-graph\">{\"@context\":\"https:\/\/schema.org\",\"@graph\":[{\"@type\":\"WebPage\",\"@id\":\"http:\/\/domnazgloszenie.pl\/index.php\/product\/dom-na-zgloszenie-zg227\/\",\"url\":\"http:\/\/domnazgloszenie.pl\/index.php\/product\/dom-na-zgloszenie-zg227\/\",\"name\":\"Dom na zg\u0142oszenie ZG227 - Dom na Zg\u0142oszenie\",\"isPartOf\":{\"@id\":\"https:\/\/domnazgloszenie.pl\/#website\"},\"primaryImageOfPage\":{\"@id\":\"http:\/\/domnazgloszenie.pl\/index.php\/product\/dom-na-zgloszenie-zg227\/#primaryimage\"},\"image\":{\"@id\":\"http:\/\/domnazgloszenie.pl\/index.php\/product\/dom-na-zgloszenie-zg227\/#primaryimage\"},\"thumbnailUrl\":\"https:\/\/domnazgloszenie.pl\/wp-content\/uploads\/2022\/11\/ZG227_3-scaled.jpg\",\"datePublished\":\"2022-11-27T21:53:49+00:00\",\"dateModified\":\"2025-07-31T18:26:16+00:00\",\"description\":\"Wyj\u0105tkowo ekonomiczny w budowie i eksploatacji dom parterowy, stanowi\u0105cy ciekaw\u0105 alternatyw\u0119 dla mieszkania w bloku. Dom na zg\u0142oszenie. Dom bez formalno\u015bci.\",\"breadcrumb\":{\"@id\":\"http:\/\/domnazgloszenie.pl\/index.php\/product\/dom-na-zgloszenie-zg227\/#breadcrumb\"},\"inLanguage\":\"pl-PL\",\"potentialAction\":[{\"@type\":\"ReadAction\",\"target\":[\"http:\/\/domnazgloszenie.pl\/index.php\/product\/dom-na-zgloszenie-zg227\/\"]}]},{\"@type\":\"ImageObject\",\"inLanguage\":\"pl-PL\",\"@id\":\"http:\/\/domnazgloszenie.pl\/index.php\/product\/dom-na-zgloszenie-zg227\/#primaryimage\",\"url\":\"https:\/\/domnazgloszenie.pl\/wp-content\/uploads\/2022\/11\/ZG227_3-scaled.jpg\",\"contentUrl\":\"https:\/\/domnazgloszenie.pl\/wp-content\/uploads\/2022\/11\/ZG227_3-scaled.jpg\",\"width\":2560,\"height\":1440,\"caption\":\"Dom na zg\u0142oszenie ZG227\"},{\"@type\":\"BreadcrumbList\",\"@id\":\"http:\/\/domnazgloszenie.pl\/index.php\/product\/dom-na-zgloszenie-zg227\/#breadcrumb\",\"itemListElement\":[{\"@type\":\"ListItem\",\"position\":1,\"name\":\"Strona g\u0142\u00f3wna\",\"item\":\"https:\/\/domnazgloszenie.pl\/\"},{\"@type\":\"ListItem\",\"position\":2,\"name\":\"SKLEP\",\"item\":\"https:\/\/domnazgloszenie.pl\/index.php\/sklep\/\"},{\"@type\":\"ListItem\",\"position\":3,\"name\":\"Dom na zg\u0142oszenie ZG227\"}]},{\"@type\":\"WebSite\",\"@id\":\"https:\/\/domnazgloszenie.pl\/#website\",\"url\":\"https:\/\/domnazgloszenie.pl\/\",\"name\":\"Dom na Zg\u0142oszenie\",\"description\":\"Projekty dom\u00f3w na zg\u0142oszenie do 35m2\",\"publisher\":{\"@id\":\"https:\/\/domnazgloszenie.pl\/#organization\"},\"potentialAction\":[{\"@type\":\"SearchAction\",\"target\":{\"@type\":\"EntryPoint\",\"urlTemplate\":\"https:\/\/domnazgloszenie.pl\/?s={search_term_string}\"},\"query-input\":{\"@type\":\"PropertyValueSpecification\",\"valueRequired\":true,\"valueName\":\"search_term_string\"}}],\"inLanguage\":\"pl-PL\"},{\"@type\":[\"Organization\",\"Place\"],\"@id\":\"https:\/\/domnazgloszenie.pl\/#organization\",\"name\":\"Dom na zg\u0142oszenie\",\"url\":\"https:\/\/domnazgloszenie.pl\/\",\"logo\":{\"@id\":\"http:\/\/domnazgloszenie.pl\/index.php\/product\/dom-na-zgloszenie-zg227\/#local-main-organization-logo\"},\"image\":{\"@id\":\"http:\/\/domnazgloszenie.pl\/index.php\/product\/dom-na-zgloszenie-zg227\/#local-main-organization-logo\"},\"sameAs\":[\"https:\/\/www.facebook.com\/domnazgloszenie\",\"https:\/\/x.com\/domnazgloszenie\",\"https:\/\/www.instagram.com\/dom_na_zgloszenie\/\",\"https:\/\/www.tiktok.com\/@domnazgloszenie\",\"https:\/\/pinterest.com\/domnazgloszenie\/\",\"https:\/\/www.behance.net\/domnazgloszenie\"],\"openingHoursSpecification\":[{\"@type\":\"OpeningHoursSpecification\",\"dayOfWeek\":[\"Monday\",\"Tuesday\",\"Wednesday\",\"Thursday\",\"Friday\",\"Saturday\",\"Sunday\"],\"opens\":\"09:00\",\"closes\":\"17:00\"}]},{\"@type\":\"ImageObject\",\"inLanguage\":\"pl-PL\",\"@id\":\"http:\/\/domnazgloszenie.pl\/index.php\/product\/dom-na-zgloszenie-zg227\/#local-main-organization-logo\",\"url\":\"https:\/\/domnazgloszenie.pl\/wp-content\/uploads\/2021\/10\/DOM-NA-ZGLOSZENIE-01.png\",\"contentUrl\":\"https:\/\/domnazgloszenie.pl\/wp-content\/uploads\/2021\/10\/DOM-NA-ZGLOSZENIE-01.png\",\"width\":1000,\"height\":1000,\"caption\":\"Dom na zg\u0142oszenie\"}]}<\/script>\n<!-- \/ Yoast SEO Premium plugin. -->","yoast_head_json":{"title":"Dom na zg\u0142oszenie ZG227 - Dom na Zg\u0142oszenie","description":"Wyj\u0105tkowo ekonomiczny w budowie i eksploatacji dom parterowy, stanowi\u0105cy ciekaw\u0105 alternatyw\u0119 dla mieszkania w bloku. Dom na zg\u0142oszenie. Dom bez formalno\u015bci.","robots":{"index":"index","follow":"follow","max-snippet":"max-snippet:-1","max-image-preview":"max-image-preview:large","max-video-preview":"max-video-preview:-1"},"canonical":"http:\/\/domnazgloszenie.pl\/index.php\/product\/dom-na-zgloszenie-zg227\/","og_locale":"pl_PL","og_type":"article","og_title":"Dom na zg\u0142oszenie ZG227","og_description":"Wyj\u0105tkowo ekonomiczny w budowie i eksploatacji dom parterowy, stanowi\u0105cy ciekaw\u0105 alternatyw\u0119 dla mieszkania w bloku. Dom na zg\u0142oszenie. Dom bez formalno\u015bci.","og_url":"http:\/\/domnazgloszenie.pl\/index.php\/product\/dom-na-zgloszenie-zg227\/","og_site_name":"Dom na Zg\u0142oszenie","article_publisher":"https:\/\/www.facebook.com\/domnazgloszenie","article_modified_time":"2025-07-31T18:26:16+00:00","og_image":[{"width":2560,"height":1440,"url":"http:\/\/domnazgloszenie.pl\/wp-content\/uploads\/2022\/11\/ZG227_3-scaled.jpg","type":"image\/jpeg"}],"twitter_card":"summary_large_image","twitter_site":"@domnazgloszenie","twitter_misc":{"Szacowany czas czytania":"1 minuta"},"schema":{"@context":"https:\/\/schema.org","@graph":[{"@type":"WebPage","@id":"http:\/\/domnazgloszenie.pl\/index.php\/product\/dom-na-zgloszenie-zg227\/","url":"http:\/\/domnazgloszenie.pl\/index.php\/product\/dom-na-zgloszenie-zg227\/","name":"Dom na zg\u0142oszenie ZG227 - Dom na Zg\u0142oszenie","isPartOf":{"@id":"https:\/\/domnazgloszenie.pl\/#website"},"primaryImageOfPage":{"@id":"http:\/\/domnazgloszenie.pl\/index.php\/product\/dom-na-zgloszenie-zg227\/#primaryimage"},"image":{"@id":"http:\/\/domnazgloszenie.pl\/index.php\/product\/dom-na-zgloszenie-zg227\/#primaryimage"},"thumbnailUrl":"https:\/\/domnazgloszenie.pl\/wp-content\/uploads\/2022\/11\/ZG227_3-scaled.jpg","datePublished":"2022-11-27T21:53:49+00:00","dateModified":"2025-07-31T18:26:16+00:00","description":"Wyj\u0105tkowo ekonomiczny w budowie i eksploatacji dom parterowy, stanowi\u0105cy ciekaw\u0105 alternatyw\u0119 dla mieszkania w bloku. Dom na zg\u0142oszenie. Dom bez formalno\u015bci.","breadcrumb":{"@id":"http:\/\/domnazgloszenie.pl\/index.php\/product\/dom-na-zgloszenie-zg227\/#breadcrumb"},"inLanguage":"pl-PL","potentialAction":[{"@type":"ReadAction","target":["http:\/\/domnazgloszenie.pl\/index.php\/product\/dom-na-zgloszenie-zg227\/"]}]},{"@type":"ImageObject","inLanguage":"pl-PL","@id":"http:\/\/domnazgloszenie.pl\/index.php\/product\/dom-na-zgloszenie-zg227\/#primaryimage","url":"https:\/\/domnazgloszenie.pl\/wp-content\/uploads\/2022\/11\/ZG227_3-scaled.jpg","contentUrl":"https:\/\/domnazgloszenie.pl\/wp-content\/uploads\/2022\/11\/ZG227_3-scaled.jpg","width":2560,"height":1440,"caption":"Dom na zg\u0142oszenie ZG227"},{"@type":"BreadcrumbList","@id":"http:\/\/domnazgloszenie.pl\/index.php\/product\/dom-na-zgloszenie-zg227\/#breadcrumb","itemListElement":[{"@type":"ListItem","position":1,"name":"Strona g\u0142\u00f3wna","item":"https:\/\/domnazgloszenie.pl\/"},{"@type":"ListItem","position":2,"name":"SKLEP","item":"https:\/\/domnazgloszenie.pl\/index.php\/sklep\/"},{"@type":"ListItem","position":3,"name":"Dom na zg\u0142oszenie ZG227"}]},{"@type":"WebSite","@id":"https:\/\/domnazgloszenie.pl\/#website","url":"https:\/\/domnazgloszenie.pl\/","name":"Dom na Zg\u0142oszenie","description":"Projekty dom\u00f3w na zg\u0142oszenie do 35m2","publisher":{"@id":"https:\/\/domnazgloszenie.pl\/#organization"},"potentialAction":[{"@type":"SearchAction","target":{"@type":"EntryPoint","urlTemplate":"https:\/\/domnazgloszenie.pl\/?s={search_term_string}"},"query-input":{"@type":"PropertyValueSpecification","valueRequired":true,"valueName":"search_term_string"}}],"inLanguage":"pl-PL"},{"@type":["Organization","Place"],"@id":"https:\/\/domnazgloszenie.pl\/#organization","name":"Dom na zg\u0142oszenie","url":"https:\/\/domnazgloszenie.pl\/","logo":{"@id":"http:\/\/domnazgloszenie.pl\/index.php\/product\/dom-na-zgloszenie-zg227\/#local-main-organization-logo"},"image":{"@id":"http:\/\/domnazgloszenie.pl\/index.php\/product\/dom-na-zgloszenie-zg227\/#local-main-organization-logo"},"sameAs":["https:\/\/www.facebook.com\/domnazgloszenie","https:\/\/x.com\/domnazgloszenie","https:\/\/www.instagram.com\/dom_na_zgloszenie\/","https:\/\/www.tiktok.com\/@domnazgloszenie","https:\/\/pinterest.com\/domnazgloszenie\/","https:\/\/www.behance.net\/domnazgloszenie"],"openingHoursSpecification":[{"@type":"OpeningHoursSpecification","dayOfWeek":["Monday","Tuesday","Wednesday","Thursday","Friday","Saturday","Sunday"],"opens":"09:00","closes":"17:00"}]},{"@type":"ImageObject","inLanguage":"pl-PL","@id":"http:\/\/domnazgloszenie.pl\/index.php\/product\/dom-na-zgloszenie-zg227\/#local-main-organization-logo","url":"https:\/\/domnazgloszenie.pl\/wp-content\/uploads\/2021\/10\/DOM-NA-ZGLOSZENIE-01.png","contentUrl":"https:\/\/domnazgloszenie.pl\/wp-content\/uploads\/2021\/10\/DOM-NA-ZGLOSZENIE-01.png","width":1000,"height":1000,"caption":"Dom na zg\u0142oszenie"}]}},"jetpack_sharing_enabled":true,"_links":{"self":[{"href":"https:\/\/domnazgloszenie.pl\/index.php\/wp-json\/wp\/v2\/product\/959","targetHints":{"allow":["GET"]}}],"collection":[{"href":"https:\/\/domnazgloszenie.pl\/index.php\/wp-json\/wp\/v2\/product"}],"about":[{"href":"https:\/\/domnazgloszenie.pl\/index.php\/wp-json\/wp\/v2\/types\/product"}],"replies":[{"embeddable":true,"href":"https:\/\/domnazgloszenie.pl\/index.php\/wp-json\/wp\/v2\/comments?post=959"}],"wp:featuredmedia":[{"embeddable":true,"href":"https:\/\/domnazgloszenie.pl\/index.php\/wp-json\/wp\/v2\/media\/961"}],"wp:attachment":[{"href":"https:\/\/domnazgloszenie.pl\/index.php\/wp-json\/wp\/v2\/media?parent=959"}],"wp:term":[{"taxonomy":"product_brand","embeddable":true,"href":"https:\/\/domnazgloszenie.pl\/index.php\/wp-json\/wp\/v2\/product_brand?post=959"},{"taxonomy":"product_cat","embeddable":true,"href":"https:\/\/domnazgloszenie.pl\/index.php\/wp-json\/wp\/v2\/product_cat?post=959"},{"taxonomy":"product_tag","embeddable":true,"href":"https:\/\/domnazgloszenie.pl\/index.php\/wp-json\/wp\/v2\/product_tag?post=959"}],"curies":[{"name":"wp","href":"https:\/\/api.w.org\/{rel}","templated":true}]}}